{"id":1026,"date":"2025-05-29T23:38:36","date_gmt":"2025-05-29T23:38:36","guid":{"rendered":"https:\/\/genymed.com\/web\/?page_id=1026"},"modified":"2025-06-09T21:43:15","modified_gmt":"2025-06-09T21:43:15","slug":"cariotipo","status":"publish","type":"page","link":"https:\/\/genymed.com\/web\/cariotipo\/","title":{"rendered":"Cariotipo"},"content":{"rendered":"\t\t<div data-elementor-type=\"wp-page\" data-elementor-id=\"1026\" class=\"elementor elementor-1026\">\n\t\t\t\t\t\t<section class=\"elementor-section elementor-top-section elementor-element elementor-element-61f93152 elementor-section-height-min-height elementor-section-full_width elementor-section-height-default elementor-section-items-middle\" data-id=\"61f93152\" data-element_type=\"section\" data-e-type=\"section\" data-settings=\"{&quot;background_background&quot;:&quot;classic&quot;}\">\n\t\t\t\t\t\t<div class=\"elementor-container elementor-column-gap-default\">\n\t\t\t\t\t<div class=\"elementor-column elementor-col-100 elementor-top-column elementor-element elementor-element-17445bc7 animated-slow\" data-id=\"17445bc7\" data-element_type=\"column\" data-e-type=\"column\" data-settings=\"{&quot;animation&quot;:&quot;none&quot;,&quot;animation_delay&quot;:200}\">\n\t\t\t<div class=\"elementor-widget-wrap elementor-element-populated\">\n\t\t\t\t\t\t<div class=\"elementor-element elementor-element-24174f12 elementor-widget elementor-widget-spacer\" data-id=\"24174f12\" data-element_type=\"widget\" data-e-type=\"widget\" data-widget_type=\"spacer.default\">\n\t\t\t\t<div class=\"elementor-widget-container\">\n\t\t\t\t\t\t\t<div class=\"elementor-spacer\">\n\t\t\t<div class=\"elementor-spacer-inner\"><\/div>\n\t\t<\/div>\n\t\t\t\t\t\t<\/div>\n\t\t\t\t<\/div>\n\t\t\t\t<div class=\"elementor-element elementor-element-6abdb82 animated-slow elementor-widget elementor-widget-text-editor\" data-id=\"6abdb82\" data-element_type=\"widget\" data-e-type=\"widget\" data-settings=\"{&quot;_animation&quot;:&quot;none&quot;,&quot;_animation_delay&quot;:100}\" data-widget_type=\"text-editor.default\">\n\t\t\t\t<div class=\"elementor-widget-container\">\n\t\t\t\t\t\t\t\t\t<p>Cariotipo y Gen\u00e9tica: <br \/>Comprendiendo tus cromosomas, planificando tu familia.<\/p>\t\t\t\t\t\t\t\t<\/div>\n\t\t\t\t<\/div>\n\t\t\t\t<div class=\"elementor-element elementor-element-7a304dc7 animated-slow elementor-widget elementor-widget-text-editor\" data-id=\"7a304dc7\" data-element_type=\"widget\" data-e-type=\"widget\" data-settings=\"{&quot;_animation&quot;:&quot;none&quot;}\" data-widget_type=\"text-editor.default\">\n\t\t\t\t<div class=\"elementor-widget-container\">\n\t\t\t\t\t\t\t\t\t<p>Estudios gen\u00e9ticos de vanguardia<\/p>\t\t\t\t\t\t\t\t<\/div>\n\t\t\t\t<\/div>\n\t\t\t\t\t<\/div>\n\t\t<\/div>\n\t\t\t\t\t<\/div>\n\t\t<\/section>\n\t\t\t\t<section class=\"elementor-section elementor-top-section elementor-element elementor-element-6ba63be6 elementor-section-boxed elementor-section-height-default elementor-section-height-default\" data-id=\"6ba63be6\" data-element_type=\"section\" data-e-type=\"section\">\n\t\t\t\t\t\t<div class=\"elementor-container elementor-column-gap-default\">\n\t\t\t\t\t<div class=\"elementor-column elementor-col-100 elementor-top-column elementor-element elementor-element-10428b35\" data-id=\"10428b35\" data-element_type=\"column\" data-e-type=\"column\">\n\t\t\t<div class=\"elementor-widget-wrap elementor-element-populated\">\n\t\t\t\t\t\t<div class=\"elementor-element elementor-element-fa71040 elementor-widget elementor-widget-heading\" data-id=\"fa71040\" data-element_type=\"widget\" data-e-type=\"widget\" data-widget_type=\"heading.default\">\n\t\t\t\t<div class=\"elementor-widget-container\">\n\t\t\t\t\t<h2 class=\"elementor-heading-title elementor-size-default\">Cariotipo (Estudio citogen\u00e9tico o cromos\u00f3mico):<\/h2>\t\t\t\t<\/div>\n\t\t\t\t<\/div>\n\t\t\t\t<div class=\"elementor-element elementor-element-6f353805 elementor-widget elementor-widget-text-editor\" data-id=\"6f353805\" data-element_type=\"widget\" data-e-type=\"widget\" data-widget_type=\"text-editor.default\">\n\t\t\t\t<div class=\"elementor-widget-container\">\n\t\t\t\t\t\t\t\t\t<p>Este estudio analiza el n\u00famero y la estructura de los cromosomas. Los cromosomas, presentes en el n\u00facleo de cada c\u00e9lula, contienen nuestro ADN. Cada c\u00e9lula humana tiene 46 cromosomas (23 pares), heredando 23 de la madre y 23 del padre. Una aneuploid\u00eda (un n\u00famero incorrecto de cromosomas, ya sea por exceso o por defecto) puede causar problemas de salud y desarrollo.\u00a0<\/p><p>Las anomal\u00edas cromos\u00f3micas pueden ser num\u00e9ricas (afectan al n\u00famero de cromosomas) o estructurales (afectan a la estructura de uno o m\u00e1s cromosomas); estas \u00faltimas son frecuentemente observadas en la consulta de reproducci\u00f3n asistida.<\/p><p>Se estima que entre el 3% y el 5% de las parejas con abortos espont\u00e1neos a repetici\u00f3n, uno de los miembros es portador de una translocaci\u00f3n balanceada (un tipo de alteraci\u00f3n estructural).<\/p>\t\t\t\t\t\t\t\t<\/div>\n\t\t\t\t<\/div>\n\t\t\t\t\t<\/div>\n\t\t<\/div>\n\t\t\t\t\t<\/div>\n\t\t<\/section>\n\t\t\t\t<section class=\"elementor-section elementor-top-section elementor-element elementor-element-360ac36e elementor-section-boxed elementor-section-height-default elementor-section-height-default\" data-id=\"360ac36e\" data-element_type=\"section\" data-e-type=\"section\">\n\t\t\t\t\t\t<div class=\"elementor-container elementor-column-gap-default\">\n\t\t\t\t\t<div class=\"elementor-column elementor-col-100 elementor-top-column elementor-element elementor-element-1d62b66c\" data-id=\"1d62b66c\" data-element_type=\"column\" data-e-type=\"column\">\n\t\t\t<div class=\"elementor-widget-wrap\">\n\t\t\t\t\t\t\t<\/div>\n\t\t<\/div>\n\t\t\t\t\t<\/div>\n\t\t<\/section>\n\t\t\t\t<\/div>\n\t\t","protected":false},"excerpt":{"rendered":"<p>Cariotipo y Gen\u00e9tica: Comprendiendo tus cromosomas, planificando tu familia. Estudios gen\u00e9ticos de vanguardia Cariotipo (Estudio citogen\u00e9tico o cromos\u00f3mico): Este estudio analiza el n\u00famero y la estructura de los cromosomas. Los cromosomas, presentes en el n\u00facleo de cada c\u00e9lula, contienen nuestro ADN. Cada c\u00e9lula humana tiene 46 cromosomas (23 pares), heredando 23 de la madre y &hellip;<\/p>\n<p class=\"read-more\"> <a class=\"\" href=\"https:\/\/genymed.com\/web\/cariotipo\/\"> <span class=\"screen-reader-text\">Cariotipo<\/span> Leer m\u00e1s &raquo;<\/a><\/p>\n","protected":false},"author":2,"featured_media":0,"parent":0,"menu_order":0,"comment_status":"closed","ping_status":"closed","template":"","meta":{"footnotes":""},"class_list":["post-1026","page","type-page","status-publish","hentry"],"_links":{"self":[{"href":"https:\/\/genymed.com\/web\/wp-json\/wp\/v2\/pages\/1026","targetHints":{"allow":["GET"]}}],"collection":[{"href":"https:\/\/genymed.com\/web\/wp-json\/wp\/v2\/pages"}],"about":[{"href":"https:\/\/genymed.com\/web\/wp-json\/wp\/v2\/types\/page"}],"author":[{"embeddable":true,"href":"https:\/\/genymed.com\/web\/wp-json\/wp\/v2\/users\/2"}],"replies":[{"embeddable":true,"href":"https:\/\/genymed.com\/web\/wp-json\/wp\/v2\/comments?post=1026"}],"version-history":[{"count":10,"href":"https:\/\/genymed.com\/web\/wp-json\/wp\/v2\/pages\/1026\/revisions"}],"predecessor-version":[{"id":1520,"href":"https:\/\/genymed.com\/web\/wp-json\/wp\/v2\/pages\/1026\/revisions\/1520"}],"wp:attachment":[{"href":"https:\/\/genymed.com\/web\/wp-json\/wp\/v2\/media?parent=1026"}],"curies":[{"name":"wp","href":"https:\/\/api.w.org\/{rel}","templated":true}]}}