{"id":1036,"date":"2025-05-29T23:45:10","date_gmt":"2025-05-29T23:45:10","guid":{"rendered":"https:\/\/genymed.com\/web\/?page_id=1036"},"modified":"2025-06-09T21:44:08","modified_gmt":"2025-06-09T21:44:08","slug":"test-de-portacion-genetica","status":"publish","type":"page","link":"https:\/\/genymed.com\/web\/test-de-portacion-genetica\/","title":{"rendered":"Test de Portaci\u00f3n Gen\u00e9tica"},"content":{"rendered":"\t\t<div data-elementor-type=\"wp-page\" data-elementor-id=\"1036\" class=\"elementor elementor-1036\">\n\t\t\t\t\t\t<section class=\"elementor-section elementor-top-section elementor-element elementor-element-557adad2 elementor-section-height-min-height elementor-section-full_width elementor-section-height-default elementor-section-items-middle\" data-id=\"557adad2\" data-element_type=\"section\" data-e-type=\"section\" data-settings=\"{&quot;background_background&quot;:&quot;classic&quot;}\">\n\t\t\t\t\t\t<div class=\"elementor-container elementor-column-gap-default\">\n\t\t\t\t\t<div class=\"elementor-column elementor-col-100 elementor-top-column elementor-element elementor-element-16fc48ca animated-slow\" data-id=\"16fc48ca\" data-element_type=\"column\" data-e-type=\"column\" data-settings=\"{&quot;animation&quot;:&quot;none&quot;,&quot;animation_delay&quot;:200}\">\n\t\t\t<div class=\"elementor-widget-wrap elementor-element-populated\">\n\t\t\t\t\t\t<div class=\"elementor-element elementor-element-6a8a7220 elementor-widget elementor-widget-spacer\" data-id=\"6a8a7220\" data-element_type=\"widget\" data-e-type=\"widget\" data-widget_type=\"spacer.default\">\n\t\t\t\t<div class=\"elementor-widget-container\">\n\t\t\t\t\t\t\t<div class=\"elementor-spacer\">\n\t\t\t<div class=\"elementor-spacer-inner\"><\/div>\n\t\t<\/div>\n\t\t\t\t\t\t<\/div>\n\t\t\t\t<\/div>\n\t\t\t\t<div class=\"elementor-element elementor-element-6c280195 animated-slow elementor-widget elementor-widget-text-editor\" data-id=\"6c280195\" data-element_type=\"widget\" data-e-type=\"widget\" data-settings=\"{&quot;_animation&quot;:&quot;none&quot;,&quot;_animation_delay&quot;:100}\" data-widget_type=\"text-editor.default\">\n\t\t\t\t<div class=\"elementor-widget-container\">\n\t\t\t\t\t\t\t\t\t<p>Test de portaci\u00f3n gen\u00e9tica: <br \/>Claridad para construir tu familia con confianza<\/p>\t\t\t\t\t\t\t\t<\/div>\n\t\t\t\t<\/div>\n\t\t\t\t\t<\/div>\n\t\t<\/div>\n\t\t\t\t\t<\/div>\n\t\t<\/section>\n\t\t\t\t<section class=\"elementor-section elementor-top-section elementor-element elementor-element-efe3db3 elementor-section-boxed elementor-section-height-default elementor-section-height-default\" data-id=\"efe3db3\" data-element_type=\"section\" data-e-type=\"section\">\n\t\t\t\t\t\t<div class=\"elementor-container elementor-column-gap-default\">\n\t\t\t\t\t<div class=\"elementor-column elementor-col-100 elementor-top-column elementor-element elementor-element-126ba980\" data-id=\"126ba980\" data-element_type=\"column\" data-e-type=\"column\">\n\t\t\t<div class=\"elementor-widget-wrap elementor-element-populated\">\n\t\t\t\t\t\t<div class=\"elementor-element elementor-element-40bd717 elementor-widget elementor-widget-heading\" data-id=\"40bd717\" data-element_type=\"widget\" data-e-type=\"widget\" data-widget_type=\"heading.default\">\n\t\t\t\t<div class=\"elementor-widget-container\">\n\t\t\t\t\t<h2 class=\"elementor-heading-title elementor-size-default\">Test de Portaci\u00f3n Gen\u00e9tica <\/h2>\t\t\t\t<\/div>\n\t\t\t\t<\/div>\n\t\t\t\t<div class=\"elementor-element elementor-element-33250bff elementor-widget elementor-widget-text-editor\" data-id=\"33250bff\" data-element_type=\"widget\" data-e-type=\"widget\" data-widget_type=\"text-editor.default\">\n\t\t\t\t<div class=\"elementor-widget-container\">\n\t\t\t\t\t\t\t\t\t<p>Es fundamental entender que los genes se encuentran dentro de los cromosomas. Una persona puede tener una alteraci\u00f3n (mutaci\u00f3n o variante) en un gen sin saberlo y sin presentar ning\u00fan s\u00edntoma, siendo un \u00abportador\u00bb asintom\u00e1tico. El CGT es un test gen\u00e9tico que se realiza antes del embarazo para determinar si una pareja (o un individuo) es portadora de mutaciones gen\u00e9ticas recesivas que podr\u00edan transmitir a sus hijos. <br \/><br \/>Si ambos miembros de la pareja son portadores de una mutaci\u00f3n en el mismo gen, existe un riesgo elevado (25% en cada embarazo) de tener hijos afectados por esa enfermedad gen\u00e9tica. En estos casos, existen opciones para concebir hijos sanos, como el Diagn\u00f3stico Gen\u00e9tico Preimplantacional (PGT) o la donaci\u00f3n de gametos. Un resultado negativo en el CGT indica que la persona no es portadora de ninguna de las mutaciones estudiadas en el panel espec\u00edfico. <br \/><br \/>Conocer esta informaci\u00f3n mediante el Test de Portadores permite tomar decisiones informadas, como recurrir al PGT-M para seleccionar embriones no afectados o, en casos de ovodonaci\u00f3n o espermodonaci\u00f3n, seleccionar el donante m\u00e1s adecuado gen\u00e9ticamente.<\/p>\t\t\t\t\t\t\t\t<\/div>\n\t\t\t\t<\/div>\n\t\t\t\t\t<\/div>\n\t\t<\/div>\n\t\t\t\t\t<\/div>\n\t\t<\/section>\n\t\t\t\t<section class=\"elementor-section elementor-top-section elementor-element elementor-element-956734b elementor-section-boxed elementor-section-height-default elementor-section-height-default\" data-id=\"956734b\" data-element_type=\"section\" data-e-type=\"section\">\n\t\t\t\t\t\t<div class=\"elementor-container elementor-column-gap-default\">\n\t\t\t\t\t<div class=\"elementor-column elementor-col-100 elementor-top-column elementor-element elementor-element-a27afce\" data-id=\"a27afce\" data-element_type=\"column\" data-e-type=\"column\">\n\t\t\t<div class=\"elementor-widget-wrap elementor-element-populated\">\n\t\t\t\t\t\t<div class=\"elementor-element elementor-element-67e2559 elementor-widget elementor-widget-text-editor\" data-id=\"67e2559\" data-element_type=\"widget\" data-e-type=\"widget\" data-widget_type=\"text-editor.default\">\n\t\t\t\t<div class=\"elementor-widget-container\">\n\t\t\t\t\t\t\t\t\t<p><strong><span style=\"color: #004664;\">\u00bfQui\u00e9nes pueden realizarlo?<\/span><\/strong><\/p><p>Parejas que inician un tratamiento de reproducci\u00f3n asistida, para conocer su compatibilidad gen\u00e9tica.<\/p><p>Pacientes que recurren a \u00f3vulos o semen de donante. <br \/>Es un estudio electivo; si la paciente o el miembro de la pareja que aporta su propio gameto tambi\u00e9n se realiza el test, se puede buscar el donante m\u00e1s adecuado para disminuir (aunque no eliminar por completo) el riesgo de enfermedades gen\u00e9ticas.<\/p><p>Parejas que buscan un embarazo espont\u00e1neo, para verificar su compatibilidad. Si ambos son portadores de una mutaci\u00f3n en el mismo gen, podr\u00edan necesitar recurrir a t\u00e9cnicas de reproducci\u00f3n asistida para evitar el riesgo.<\/p><p>I<b>mportante:<\/b> En gen\u00e9tica, no existe el 100% de seguridad para descartar cualquier tipo de alteraci\u00f3n. Siempre existir\u00e1 un riesgo residual de que se presente alguna condici\u00f3n no detectable por el test o que surja de una nueva mutaci\u00f3n.<\/p>\t\t\t\t\t\t\t\t<\/div>\n\t\t\t\t<\/div>\n\t\t\t\t\t<\/div>\n\t\t<\/div>\n\t\t\t\t\t<\/div>\n\t\t<\/section>\n\t\t\t\t<section class=\"elementor-section elementor-top-section elementor-element elementor-element-1a92517e elementor-section-boxed elementor-section-height-default elementor-section-height-default\" data-id=\"1a92517e\" data-element_type=\"section\" data-e-type=\"section\">\n\t\t\t\t\t\t<div class=\"elementor-container elementor-column-gap-default\">\n\t\t\t\t\t<div class=\"elementor-column elementor-col-100 elementor-top-column elementor-element elementor-element-3424f8bd\" data-id=\"3424f8bd\" data-element_type=\"column\" data-e-type=\"column\">\n\t\t\t<div class=\"elementor-widget-wrap\">\n\t\t\t\t\t\t\t<\/div>\n\t\t<\/div>\n\t\t\t\t\t<\/div>\n\t\t<\/section>\n\t\t\t\t<\/div>\n\t\t","protected":false},"excerpt":{"rendered":"<p>Test de portaci\u00f3n gen\u00e9tica: Claridad para construir tu familia con confianza Test de Portaci\u00f3n Gen\u00e9tica Es fundamental entender que los genes se encuentran dentro de los cromosomas. Una persona puede tener una alteraci\u00f3n (mutaci\u00f3n o variante) en un gen sin saberlo y sin presentar ning\u00fan s\u00edntoma, siendo un \u00abportador\u00bb asintom\u00e1tico. El CGT es un test &hellip;<\/p>\n<p class=\"read-more\"> <a class=\"\" href=\"https:\/\/genymed.com\/web\/test-de-portacion-genetica\/\"> <span class=\"screen-reader-text\">Test de Portaci\u00f3n Gen\u00e9tica<\/span> Leer m\u00e1s &raquo;<\/a><\/p>\n","protected":false},"author":2,"featured_media":0,"parent":0,"menu_order":0,"comment_status":"closed","ping_status":"closed","template":"","meta":{"footnotes":""},"class_list":["post-1036","page","type-page","status-publish","hentry"],"_links":{"self":[{"href":"https:\/\/genymed.com\/web\/wp-json\/wp\/v2\/pages\/1036","targetHints":{"allow":["GET"]}}],"collection":[{"href":"https:\/\/genymed.com\/web\/wp-json\/wp\/v2\/pages"}],"about":[{"href":"https:\/\/genymed.com\/web\/wp-json\/wp\/v2\/types\/page"}],"author":[{"embeddable":true,"href":"https:\/\/genymed.com\/web\/wp-json\/wp\/v2\/users\/2"}],"replies":[{"embeddable":true,"href":"https:\/\/genymed.com\/web\/wp-json\/wp\/v2\/comments?post=1036"}],"version-history":[{"count":19,"href":"https:\/\/genymed.com\/web\/wp-json\/wp\/v2\/pages\/1036\/revisions"}],"predecessor-version":[{"id":1523,"href":"https:\/\/genymed.com\/web\/wp-json\/wp\/v2\/pages\/1036\/revisions\/1523"}],"wp:attachment":[{"href":"https:\/\/genymed.com\/web\/wp-json\/wp\/v2\/media?parent=1036"}],"curies":[{"name":"wp","href":"https:\/\/api.w.org\/{rel}","templated":true}]}}