{"id":1070,"date":"2025-05-30T12:21:26","date_gmt":"2025-05-30T12:21:26","guid":{"rendered":"https:\/\/genymed.com\/web\/?page_id=1070"},"modified":"2025-06-09T21:48:55","modified_gmt":"2025-06-09T21:48:55","slug":"que-es-la-donacion-de-ovulos","status":"publish","type":"page","link":"https:\/\/genymed.com\/web\/que-es-la-donacion-de-ovulos\/","title":{"rendered":"\u00bfQue Es La Donaci\u00f3n De \u00d3vulos?"},"content":{"rendered":"\t\t<div data-elementor-type=\"wp-page\" data-elementor-id=\"1070\" class=\"elementor elementor-1070\">\n\t\t\t\t\t\t<section class=\"elementor-section elementor-top-section elementor-element elementor-element-6bab1d72 elementor-section-height-min-height elementor-section-full_width elementor-section-height-default elementor-section-items-middle\" data-id=\"6bab1d72\" data-element_type=\"section\" data-e-type=\"section\" data-settings=\"{&quot;background_background&quot;:&quot;slideshow&quot;,&quot;background_slideshow_gallery&quot;:[{&quot;id&quot;:1072,&quot;url&quot;:&quot;https:\\\/\\\/genymed.com\\\/web\\\/wp-content\\\/uploads\\\/2025\\\/05\\\/slider_donacion_ovulos.jpg&quot;},{&quot;id&quot;:1073,&quot;url&quot;:&quot;https:\\\/\\\/genymed.com\\\/web\\\/wp-content\\\/uploads\\\/2025\\\/05\\\/slider_donacion_espermas.jpg&quot;}],&quot;background_slideshow_loop&quot;:&quot;yes&quot;,&quot;background_slideshow_slide_duration&quot;:5000,&quot;background_slideshow_slide_transition&quot;:&quot;fade&quot;,&quot;background_slideshow_transition_duration&quot;:500}\">\n\t\t\t\t\t\t<div class=\"elementor-container elementor-column-gap-default\">\n\t\t\t\t\t<div class=\"elementor-column elementor-col-100 elementor-top-column elementor-element elementor-element-20228d76 animated-slow\" data-id=\"20228d76\" data-element_type=\"column\" data-e-type=\"column\" data-settings=\"{&quot;animation&quot;:&quot;none&quot;,&quot;animation_delay&quot;:200}\">\n\t\t\t<div class=\"elementor-widget-wrap elementor-element-populated\">\n\t\t\t\t\t\t<div class=\"elementor-element elementor-element-21093d9b elementor-widget elementor-widget-spacer\" data-id=\"21093d9b\" data-element_type=\"widget\" data-e-type=\"widget\" data-widget_type=\"spacer.default\">\n\t\t\t\t<div class=\"elementor-widget-container\">\n\t\t\t\t\t\t\t<div class=\"elementor-spacer\">\n\t\t\t<div class=\"elementor-spacer-inner\"><\/div>\n\t\t<\/div>\n\t\t\t\t\t\t<\/div>\n\t\t\t\t<\/div>\n\t\t\t\t<div class=\"elementor-element elementor-element-2656b4e4 animated-slow elementor-widget elementor-widget-text-editor\" data-id=\"2656b4e4\" data-element_type=\"widget\" data-e-type=\"widget\" data-settings=\"{&quot;_animation&quot;:&quot;none&quot;,&quot;_animation_delay&quot;:100}\" data-widget_type=\"text-editor.default\">\n\t\t\t\t<div class=\"elementor-widget-container\">\n\t\t\t\t\t\t\t\t\t<p>\u00abTu generosidad abre puertas a la esperanza.\u00bb<\/p>\t\t\t\t\t\t\t\t<\/div>\n\t\t\t\t<\/div>\n\t\t\t\t<div class=\"elementor-element elementor-element-351e465 animated-slow elementor-widget elementor-widget-text-editor\" data-id=\"351e465\" data-element_type=\"widget\" data-e-type=\"widget\" data-settings=\"{&quot;_animation&quot;:&quot;none&quot;,&quot;_animation_delay&quot;:100}\" data-widget_type=\"text-editor.default\">\n\t\t\t\t<div class=\"elementor-widget-container\">\n\t\t\t\t\t\t\t\t\t<p>\u00abDona Amor&#8230;<br>Dona la posibilidad de una familia.\u00bb<\/p>\t\t\t\t\t\t\t\t<\/div>\n\t\t\t\t<\/div>\n\t\t\t\t\t<\/div>\n\t\t<\/div>\n\t\t\t\t\t<\/div>\n\t\t<\/section>\n\t\t\t\t<section class=\"elementor-section elementor-top-section elementor-element elementor-element-46f60a6b elementor-section-boxed elementor-section-height-default elementor-section-height-default\" data-id=\"46f60a6b\" data-element_type=\"section\" data-e-type=\"section\">\n\t\t\t\t\t\t<div class=\"elementor-container elementor-column-gap-default\">\n\t\t\t\t\t<div class=\"elementor-column elementor-col-100 elementor-top-column elementor-element elementor-element-23628f6c\" data-id=\"23628f6c\" data-element_type=\"column\" data-e-type=\"column\">\n\t\t\t<div class=\"elementor-widget-wrap elementor-element-populated\">\n\t\t\t\t\t\t<div class=\"elementor-element elementor-element-1bee0ca0 elementor-widget elementor-widget-heading\" data-id=\"1bee0ca0\" data-element_type=\"widget\" data-e-type=\"widget\" data-widget_type=\"heading.default\">\n\t\t\t\t<div class=\"elementor-widget-container\">\n\t\t\t\t\t<h2 class=\"elementor-heading-title elementor-size-default\">\u00bfQU\u00c9 ES LA DONACI\u00d3N DE \u00d3VULOS Y SEMEN?<\/h2>\t\t\t\t<\/div>\n\t\t\t\t<\/div>\n\t\t\t\t<div class=\"elementor-element elementor-element-1cf13381 elementor-widget elementor-widget-text-editor\" data-id=\"1cf13381\" data-element_type=\"widget\" data-e-type=\"widget\" data-widget_type=\"text-editor.default\">\n\t\t\t\t<div class=\"elementor-widget-container\">\n\t\t\t\t\t\t\t\t\t<p><strong>Donaci\u00f3n de \u00d3vulos:<\/strong><br \/>Es un proceso altruista, an\u00f3nimo y voluntario mediante el cual mujeres j\u00f3venes y sanas deciden donar una parte de sus \u00f3vulos. Estos \u00f3vulos son destinados a ayudar a otras mujeres o parejas que, por diversas razones (baja reserva ov\u00e1rica, fallo ov\u00e1rico prematuro, enfermedades gen\u00e9ticas, edad materna avanzada, entre otras), no pueden concebir con sus propios \u00f3vulos, permiti\u00e9ndoles as\u00ed concretar su anhelado deseo de ser madres. La asignaci\u00f3n de los \u00f3vulos donados se realiza a trav\u00e9s de un Programa de Ovodonaci\u00f3n y\/o un Banco de \u00d3vulos, siguiendo estrictos criterios m\u00e9dicos y de compatibilidad.<\/p><p><strong>Donaci\u00f3n de Semen:<\/strong><br \/>De forma similar, la donaci\u00f3n de semen es un acto voluntario, an\u00f3nimo y solidario realizado por hombres j\u00f3venes y sanos. Su generosidad permite a hombres con factor masculino severo, hombres solos, mujeres solas o parejas de mujeres, acceder a la paternidad\/maternidad y cumplir su sue\u00f1o de formar una familia. Las muestras de semen de donante provienen de bancos acreditados que realizan exhaustivos controles de salud y calidad.<\/p>\t\t\t\t\t\t\t\t<\/div>\n\t\t\t\t<\/div>\n\t\t\t\t\t<\/div>\n\t\t<\/div>\n\t\t\t\t\t<\/div>\n\t\t<\/section>\n\t\t\t\t<section class=\"elementor-section elementor-top-section elementor-element elementor-element-3fc693e5 elementor-section-boxed elementor-section-height-default elementor-section-height-default\" data-id=\"3fc693e5\" data-element_type=\"section\" data-e-type=\"section\">\n\t\t\t\t\t\t<div class=\"elementor-container elementor-column-gap-default\">\n\t\t\t\t\t<div class=\"elementor-column elementor-col-100 elementor-top-column elementor-element elementor-element-1da91c1d\" data-id=\"1da91c1d\" data-element_type=\"column\" data-e-type=\"column\">\n\t\t\t<div class=\"elementor-widget-wrap\">\n\t\t\t\t\t\t\t<\/div>\n\t\t<\/div>\n\t\t\t\t\t<\/div>\n\t\t<\/section>\n\t\t\t\t<\/div>\n\t\t","protected":false},"excerpt":{"rendered":"<p>\u00abTu generosidad abre puertas a la esperanza.\u00bb \u00abDona Amor&#8230;Dona la posibilidad de una familia.\u00bb \u00bfQU\u00c9 ES LA DONACI\u00d3N DE \u00d3VULOS Y SEMEN? Donaci\u00f3n de \u00d3vulos:Es un proceso altruista, an\u00f3nimo y voluntario mediante el cual mujeres j\u00f3venes y sanas deciden donar una parte de sus \u00f3vulos. Estos \u00f3vulos son destinados a ayudar a otras mujeres o &hellip;<\/p>\n<p class=\"read-more\"> <a class=\"\" href=\"https:\/\/genymed.com\/web\/que-es-la-donacion-de-ovulos\/\"> <span class=\"screen-reader-text\">\u00bfQue Es La Donaci\u00f3n De \u00d3vulos?<\/span> Leer m\u00e1s &raquo;<\/a><\/p>\n","protected":false},"author":2,"featured_media":0,"parent":0,"menu_order":0,"comment_status":"closed","ping_status":"closed","template":"","meta":{"footnotes":""},"class_list":["post-1070","page","type-page","status-publish","hentry"],"_links":{"self":[{"href":"https:\/\/genymed.com\/web\/wp-json\/wp\/v2\/pages\/1070","targetHints":{"allow":["GET"]}}],"collection":[{"href":"https:\/\/genymed.com\/web\/wp-json\/wp\/v2\/pages"}],"about":[{"href":"https:\/\/genymed.com\/web\/wp-json\/wp\/v2\/types\/page"}],"author":[{"embeddable":true,"href":"https:\/\/genymed.com\/web\/wp-json\/wp\/v2\/users\/2"}],"replies":[{"embeddable":true,"href":"https:\/\/genymed.com\/web\/wp-json\/wp\/v2\/comments?post=1070"}],"version-history":[{"count":13,"href":"https:\/\/genymed.com\/web\/wp-json\/wp\/v2\/pages\/1070\/revisions"}],"predecessor-version":[{"id":1538,"href":"https:\/\/genymed.com\/web\/wp-json\/wp\/v2\/pages\/1070\/revisions\/1538"}],"wp:attachment":[{"href":"https:\/\/genymed.com\/web\/wp-json\/wp\/v2\/media?parent=1070"}],"curies":[{"name":"wp","href":"https:\/\/api.w.org\/{rel}","templated":true}]}}