{"id":1093,"date":"2025-05-30T12:46:25","date_gmt":"2025-05-30T12:46:25","guid":{"rendered":"https:\/\/genymed.com\/web\/?page_id=1093"},"modified":"2025-06-09T21:51:33","modified_gmt":"2025-06-09T21:51:33","slug":"instructivo-estudios-mujer","status":"publish","type":"page","link":"https:\/\/genymed.com\/web\/instructivo-estudios-mujer\/","title":{"rendered":"Instructivo Estudios &#8211; Mujer"},"content":{"rendered":"\t\t<div data-elementor-type=\"wp-page\" data-elementor-id=\"1093\" class=\"elementor elementor-1093\">\n\t\t\t\t\t\t<section class=\"elementor-section elementor-top-section elementor-element elementor-element-518453e9 elementor-section-height-min-height elementor-section-full_width elementor-section-height-default elementor-section-items-middle\" data-id=\"518453e9\" data-element_type=\"section\" data-e-type=\"section\" data-settings=\"{&quot;background_background&quot;:&quot;slideshow&quot;,&quot;background_slideshow_gallery&quot;:[{&quot;id&quot;:1105,&quot;url&quot;:&quot;https:\\\/\\\/genymed.com\\\/web\\\/wp-content\\\/uploads\\\/2025\\\/05\\\/slider-instructivo_mujer.jpg&quot;},{&quot;id&quot;:1100,&quot;url&quot;:&quot;https:\\\/\\\/genymed.com\\\/web\\\/wp-content\\\/uploads\\\/2025\\\/05\\\/slider-instructivos.jpg&quot;}],&quot;background_slideshow_loop&quot;:&quot;yes&quot;,&quot;background_slideshow_slide_duration&quot;:5000,&quot;background_slideshow_slide_transition&quot;:&quot;fade&quot;,&quot;background_slideshow_transition_duration&quot;:500}\">\n\t\t\t\t\t\t<div class=\"elementor-container elementor-column-gap-default\">\n\t\t\t\t\t<div class=\"elementor-column elementor-col-100 elementor-top-column elementor-element elementor-element-2ba1c3bd animated-slow\" data-id=\"2ba1c3bd\" data-element_type=\"column\" data-e-type=\"column\" data-settings=\"{&quot;animation&quot;:&quot;none&quot;,&quot;animation_delay&quot;:200}\">\n\t\t\t<div class=\"elementor-widget-wrap elementor-element-populated\">\n\t\t\t\t\t\t<div class=\"elementor-element elementor-element-74cc3496 elementor-widget elementor-widget-spacer\" data-id=\"74cc3496\" data-element_type=\"widget\" data-e-type=\"widget\" data-widget_type=\"spacer.default\">\n\t\t\t\t<div class=\"elementor-widget-container\">\n\t\t\t\t\t\t\t<div class=\"elementor-spacer\">\n\t\t\t<div class=\"elementor-spacer-inner\"><\/div>\n\t\t<\/div>\n\t\t\t\t\t\t<\/div>\n\t\t\t\t<\/div>\n\t\t\t\t<div class=\"elementor-element elementor-element-237cb6d animated-slow elementor-widget elementor-widget-text-editor\" data-id=\"237cb6d\" data-element_type=\"widget\" data-e-type=\"widget\" data-settings=\"{&quot;_animation&quot;:&quot;none&quot;,&quot;_animation_delay&quot;:100}\" data-widget_type=\"text-editor.default\">\n\t\t\t\t<div class=\"elementor-widget-container\">\n\t\t\t\t\t\t\t\t\t<p>Tu gu\u00eda esencial: <br \/>Indicaciones precisas para tus estudios y tratamientos.<\/p>\t\t\t\t\t\t\t\t<\/div>\n\t\t\t\t<\/div>\n\t\t\t\t\t<\/div>\n\t\t<\/div>\n\t\t\t\t\t<\/div>\n\t\t<\/section>\n\t\t\t\t<section class=\"elementor-section elementor-top-section elementor-element elementor-element-4b81b37d elementor-section-boxed elementor-section-height-default elementor-section-height-default\" data-id=\"4b81b37d\" data-element_type=\"section\" data-e-type=\"section\">\n\t\t\t\t\t\t<div class=\"elementor-container elementor-column-gap-default\">\n\t\t\t\t\t<div class=\"elementor-column elementor-col-100 elementor-top-column elementor-element elementor-element-6798d42b\" data-id=\"6798d42b\" data-element_type=\"column\" data-e-type=\"column\">\n\t\t\t<div class=\"elementor-widget-wrap elementor-element-populated\">\n\t\t\t\t\t\t<div class=\"elementor-element elementor-element-78ede6a1 elementor-widget elementor-widget-heading\" data-id=\"78ede6a1\" data-element_type=\"widget\" data-e-type=\"widget\" data-widget_type=\"heading.default\">\n\t\t\t\t<div class=\"elementor-widget-container\">\n\t\t\t\t\t<h2 class=\"elementor-heading-title elementor-size-default\">Instructivo estudios - Mujer<\/h2>\t\t\t\t<\/div>\n\t\t\t\t<\/div>\n\t\t\t\t<div class=\"elementor-element elementor-element-4bf95f2a elementor-widget__width-initial elementor-widget elementor-widget-text-editor\" data-id=\"4bf95f2a\" data-element_type=\"widget\" data-e-type=\"widget\" data-widget_type=\"text-editor.default\">\n\t\t\t\t<div class=\"elementor-widget-container\">\n\t\t\t\t\t\t\t\t\t<p><strong>E<\/strong><b>cograf\u00eda ginecol\u00f3gica (basal o recuento de fol\u00edculos antrales)<\/b>:<br \/><span style=\"font-style: inherit; font-weight: inherit;\">Cu\u00e1ndo se realiza: Este estudio se realiza entre el d\u00eda 2 y el d\u00eda 5 de tu ciclo menstrual (contando el primer d\u00eda de menstruaci\u00f3n como d\u00eda 1).<\/span><\/p><p><b>Laboratorio hormonal:<\/b><br \/><span style=\"font-style: inherit; font-weight: inherit;\">Si incluye mediciones de FSH (Hormona Fol\u00edculo Estimulante), LH (Hormona Luteinizante) o Estradiol: Debes realizar la extracci\u00f3n de sangre entre el d\u00eda 2 y el d\u00eda 5 de tu ciclo menstrual.<\/span><\/p><p><i><b>Observaciones<\/b><\/i>: Si el estudio solicitado es \u00fanicamente la Hormona Antim\u00fclleriana (AMH), la extracci\u00f3n de sangre se puede realizar en cualquier d\u00eda del ciclo menstrual, ya que sus niveles no var\u00edan significativamente a lo largo del mismo.<\/p><p><b>Cultivo de flujo vaginal (estudio microbiol\u00f3gico):<br \/><\/b><span style=\"font-style: inherit; font-weight: inherit;\">Cu\u00e1ndo se realiza: Puedes realizar este estudio en cualquier momento del ciclo menstrual, PERO es imprescindible que hayan transcurrido al menos 72 horas (3 d\u00edas) sin menstruaci\u00f3n, sin haber tenido relaciones sexuales y sin haberte colocado \u00f3vulos o cremas vaginales.<\/span><\/p><p><b>Histerosalpingograf\u00eda (HSG):<br \/><\/b><span style=\"font-style: inherit; font-weight: inherit;\">Cu\u00e1ndo se realiza: Se realiza inmediatamente despu\u00e9s de finalizar tu menstruaci\u00f3n, idealmente entre el d\u00eda 4 y el d\u00eda 7 de tu ciclo (es importante pedir el turno los primeros d\u00edas de tu ciclo para asegurar la fecha adecuada).<\/span><\/p><p><b><i>D<\/i><\/b><i><b>escripci\u00f3n<\/b>: <\/i>Es un estudio radiogr\u00e1fico que utiliza un medio de contraste para evaluar la forma de la cavidad uterina y la permeabilidad de las trompas de Falopio.<\/p><p><i><b>Consideraciones<\/b><\/i>: Puede generar una peque\u00f1a molestia, similar a un dolor menstrual. Es un requisito indispensable presentar un resultado de cultivo de flujo vaginal negativo reciente antes de realizar este estudio, sin excepci\u00f3n.<\/p><p><b>Laboratorio de trombofilia:<br \/><\/b><span style=\"font-style: inherit; font-weight: inherit;\">Sigue las indicaciones espec\u00edficas que te haya proporcionado tu m\u00e9dico para la realizaci\u00f3n de estos an\u00e1lisis de sangre, ya que pueden requerir condiciones particulares (ayuno, suspensi\u00f3n de medicaci\u00f3n, etc.).<\/span><\/p><p><b>Laboratorio de gen\u00e9tica:<br \/><\/b><span style=\"font-style: inherit; font-weight: inherit;\">Cariotipo en Sangre Perif\u00e9rica: Es un an\u00e1lisis de sangre. El resultado puede demorar entre 15 y 40 d\u00edas, dependiendo del laboratorio que procese la muestra. Te sugerimos no esperar el resultado de este estudio para ver a tu m\u00e9dico con los dem\u00e1s resultados que ya tengas.<\/span><\/p><p><b>NIPT (Test prenatal no invasivo o ADN fetal en sangre materna):<br \/><\/b>\u00a0Se realiza a partir de la semana 9 de embarazo (o semana 10 en casos de tratamientos con ovodonaci\u00f3n). No requiere ayuno.<\/p><p>P<b>anel de portadores (test de compatibilidad gen\u00e9tica): <br \/><\/b>Es un an\u00e1lisis de sangre. La extracci\u00f3n se debe coordinar con anticipaci\u00f3n, ya que en algunos casos se debe realizar un tr\u00e1mite en el ministerio de salud para poder enviar la muestra a laboratorios especializados en el exterior.<\/p><p>E<b>RA (estudio de receptividad endometrial) \/ endometrio:<\/b> <br \/>La toma de la biopsia endometrial y el env\u00edo de la muestra ser\u00e1n coordinados por tu m\u00e9dico de cabecera.<\/p><p>P<b>GT-A (estudio cromos\u00f3mico en los embriones):<\/b> <br \/>Este estudio se realiza en los embriones en el laboratorio de FIV. Todo el proceso ser\u00e1 coordinado por tu m\u00e9dico.<\/p><p>P<b>GT-M (estudio de un gen en particular en los embriones):<br \/><\/b>Al igual que el PGT-A, este estudio se realiza en los embriones y ser\u00e1 coordinado por tu m\u00e9dico.<\/p>\t\t\t\t\t\t\t\t<\/div>\n\t\t\t\t<\/div>\n\t\t\t\t\t<\/div>\n\t\t<\/div>\n\t\t\t\t\t<\/div>\n\t\t<\/section>\n\t\t\t\t<section class=\"elementor-section elementor-top-section elementor-element elementor-element-599d6a5e elementor-section-boxed elementor-section-height-default elementor-section-height-default\" data-id=\"599d6a5e\" data-element_type=\"section\" data-e-type=\"section\">\n\t\t\t\t\t\t<div class=\"elementor-container elementor-column-gap-default\">\n\t\t\t\t\t<div class=\"elementor-column elementor-col-100 elementor-top-column elementor-element elementor-element-7323b7d0\" data-id=\"7323b7d0\" data-element_type=\"column\" data-e-type=\"column\">\n\t\t\t<div class=\"elementor-widget-wrap\">\n\t\t\t\t\t\t\t<\/div>\n\t\t<\/div>\n\t\t\t\t\t<\/div>\n\t\t<\/section>\n\t\t\t\t<\/div>\n\t\t","protected":false},"excerpt":{"rendered":"<p>Tu gu\u00eda esencial: Indicaciones precisas para tus estudios y tratamientos. Instructivo estudios &#8211; Mujer Ecograf\u00eda ginecol\u00f3gica (basal o recuento de fol\u00edculos antrales):Cu\u00e1ndo se realiza: Este estudio se realiza entre el d\u00eda 2 y el d\u00eda 5 de tu ciclo menstrual (contando el primer d\u00eda de menstruaci\u00f3n como d\u00eda 1). Laboratorio hormonal:Si incluye mediciones de FSH &hellip;<\/p>\n<p class=\"read-more\"> <a class=\"\" href=\"https:\/\/genymed.com\/web\/instructivo-estudios-mujer\/\"> <span class=\"screen-reader-text\">Instructivo Estudios &#8211; Mujer<\/span> Leer m\u00e1s &raquo;<\/a><\/p>\n","protected":false},"author":2,"featured_media":0,"parent":0,"menu_order":0,"comment_status":"closed","ping_status":"closed","template":"","meta":{"footnotes":""},"class_list":["post-1093","page","type-page","status-publish","hentry"],"_links":{"self":[{"href":"https:\/\/genymed.com\/web\/wp-json\/wp\/v2\/pages\/1093","targetHints":{"allow":["GET"]}}],"collection":[{"href":"https:\/\/genymed.com\/web\/wp-json\/wp\/v2\/pages"}],"about":[{"href":"https:\/\/genymed.com\/web\/wp-json\/wp\/v2\/types\/page"}],"author":[{"embeddable":true,"href":"https:\/\/genymed.com\/web\/wp-json\/wp\/v2\/users\/2"}],"replies":[{"embeddable":true,"href":"https:\/\/genymed.com\/web\/wp-json\/wp\/v2\/comments?post=1093"}],"version-history":[{"count":16,"href":"https:\/\/genymed.com\/web\/wp-json\/wp\/v2\/pages\/1093\/revisions"}],"predecessor-version":[{"id":1544,"href":"https:\/\/genymed.com\/web\/wp-json\/wp\/v2\/pages\/1093\/revisions\/1544"}],"wp:attachment":[{"href":"https:\/\/genymed.com\/web\/wp-json\/wp\/v2\/media?parent=1093"}],"curies":[{"name":"wp","href":"https:\/\/api.w.org\/{rel}","templated":true}]}}