{"id":1110,"date":"2025-05-30T22:02:53","date_gmt":"2025-05-30T22:02:53","guid":{"rendered":"https:\/\/genymed.com\/web\/?page_id=1110"},"modified":"2025-06-09T21:52:25","modified_gmt":"2025-06-09T21:52:25","slug":"instructivo-estudios-hombre","status":"publish","type":"page","link":"https:\/\/genymed.com\/web\/instructivo-estudios-hombre\/","title":{"rendered":"Instructivo Estudios &#8211; Hombre"},"content":{"rendered":"\t\t<div data-elementor-type=\"wp-page\" data-elementor-id=\"1110\" class=\"elementor elementor-1110\">\n\t\t\t\t\t\t<section class=\"elementor-section elementor-top-section elementor-element elementor-element-2788b181 elementor-section-height-min-height elementor-section-full_width elementor-section-height-default elementor-section-items-middle\" data-id=\"2788b181\" data-element_type=\"section\" data-e-type=\"section\" data-settings=\"{&quot;background_background&quot;:&quot;slideshow&quot;,&quot;background_slideshow_gallery&quot;:[{&quot;id&quot;:1115,&quot;url&quot;:&quot;https:\\\/\\\/genymed.com\\\/web\\\/wp-content\\\/uploads\\\/2025\\\/05\\\/slider-estudio_hombre.jpg&quot;}],&quot;background_slideshow_loop&quot;:&quot;yes&quot;,&quot;background_slideshow_slide_duration&quot;:5000,&quot;background_slideshow_slide_transition&quot;:&quot;fade&quot;,&quot;background_slideshow_transition_duration&quot;:500}\">\n\t\t\t\t\t\t<div class=\"elementor-container elementor-column-gap-default\">\n\t\t\t\t\t<div class=\"elementor-column elementor-col-100 elementor-top-column elementor-element elementor-element-1f4dbb7d animated-slow\" data-id=\"1f4dbb7d\" data-element_type=\"column\" data-e-type=\"column\" data-settings=\"{&quot;animation&quot;:&quot;none&quot;,&quot;animation_delay&quot;:200}\">\n\t\t\t<div class=\"elementor-widget-wrap elementor-element-populated\">\n\t\t\t\t\t\t<div class=\"elementor-element elementor-element-65af429c elementor-widget elementor-widget-spacer\" data-id=\"65af429c\" data-element_type=\"widget\" data-e-type=\"widget\" data-widget_type=\"spacer.default\">\n\t\t\t\t<div class=\"elementor-widget-container\">\n\t\t\t\t\t\t\t<div class=\"elementor-spacer\">\n\t\t\t<div class=\"elementor-spacer-inner\"><\/div>\n\t\t<\/div>\n\t\t\t\t\t\t<\/div>\n\t\t\t\t<\/div>\n\t\t\t\t<div class=\"elementor-element elementor-element-f29f822 elementor-widget elementor-widget-text-editor\" data-id=\"f29f822\" data-element_type=\"widget\" data-e-type=\"widget\" data-widget_type=\"text-editor.default\">\n\t\t\t\t<div class=\"elementor-widget-container\">\n\t\t\t\t\t\t\t\t\t<p>Preparaci\u00f3n y cuidado: <br \/>Todo lo que necesitas saber para tus an\u00e1lisis en GenyMed<\/p>\t\t\t\t\t\t\t\t<\/div>\n\t\t\t\t<\/div>\n\t\t\t\t\t<\/div>\n\t\t<\/div>\n\t\t\t\t\t<\/div>\n\t\t<\/section>\n\t\t\t\t<section class=\"elementor-section elementor-top-section elementor-element elementor-element-2238bf1f elementor-section-boxed elementor-section-height-default elementor-section-height-default\" data-id=\"2238bf1f\" data-element_type=\"section\" data-e-type=\"section\">\n\t\t\t\t\t\t<div class=\"elementor-container elementor-column-gap-default\">\n\t\t\t\t\t<div class=\"elementor-column elementor-col-100 elementor-top-column elementor-element elementor-element-7435c82f\" data-id=\"7435c82f\" data-element_type=\"column\" data-e-type=\"column\">\n\t\t\t<div class=\"elementor-widget-wrap elementor-element-populated\">\n\t\t\t\t\t\t<div class=\"elementor-element elementor-element-7d45fa6c elementor-widget elementor-widget-heading\" data-id=\"7d45fa6c\" data-element_type=\"widget\" data-e-type=\"widget\" data-widget_type=\"heading.default\">\n\t\t\t\t<div class=\"elementor-widget-container\">\n\t\t\t\t\t<h2 class=\"elementor-heading-title elementor-size-default\">Instructivo Estudios - Hombre<\/h2>\t\t\t\t<\/div>\n\t\t\t\t<\/div>\n\t\t\t\t<div class=\"elementor-element elementor-element-253f6ae9 elementor-widget__width-initial elementor-widget elementor-widget-text-editor\" data-id=\"253f6ae9\" data-element_type=\"widget\" data-e-type=\"widget\" data-widget_type=\"text-editor.default\">\n\t\t\t\t<div class=\"elementor-widget-container\">\n\t\t\t\t\t\t\t\t\t<p><strong>Espermograma y test de t\u00fanel (fragmentaci\u00f3n del ADN esperm\u00e1tico):<\/strong> <br \/>(Por favor, consulta con tu cobertura m\u00e9dica o con nuestro personal administrativo sobre la cobertura espec\u00edfica del Test de T\u00fanel). Para la correcta recolecci\u00f3n de la muestra de semen, sigue estas indicaciones:<\/p><p><b>Abstinencia sexual: <br \/><\/b>Mantener una abstinencia sexual (sin eyaculaci\u00f3n) durante 2 a 3 d\u00edas. Esta abstinencia no debe ser mayor a 5 d\u00edas.<\/p><p><b>Higiene: <br \/><\/b>Realizar una higiene genital completa (lavado de pene y manos con agua y jab\u00f3n) previa a la obtenci\u00f3n de la muestra. Al recolectar, tener la precauci\u00f3n de no tocar el borde interno del recipiente est\u00e9ril (se puede utilizar el mismo tipo de frasco que para las muestras de orina) para evitar cualquier tipo de contaminaci\u00f3n.<\/p><p><b>Obtenci\u00f3n:<br \/>\u00a0\u00a0<\/b>La muestra se obtiene \u00fanicamente por masturbaci\u00f3n. No se deben utilizar preservativos ni lubricantes. Recoger la totalidad del eyaculado en el frasco est\u00e9ril.<\/p><p><b>Entrega: <br \/><\/b>Tapar bien el recipiente, rotularlo claramente con nombre y apellido completos, fecha y hora de la recolecci\u00f3n. Entregarla en el laboratorio dentro de la hora de obtenida, manteni\u00e9ndola a temperatura ambiente durante el traslado (evitar cambios bruscos de temperatura, NO colocar en heladera ni exponer al sol directo).<\/p><p><b>IMPORTANTE: <\/b>La muestra debe ser entregada en el laboratorio EXCLUSIVAMENTE por el Paciente, sin excepci\u00f3n, y deber\u00e1 presentar su Documento Nacional de Identidad (DNI).<\/p>\t\t\t\t\t\t\t\t<\/div>\n\t\t\t\t<\/div>\n\t\t\t\t\t<\/div>\n\t\t<\/div>\n\t\t\t\t\t<\/div>\n\t\t<\/section>\n\t\t\t\t<section class=\"elementor-section elementor-top-section elementor-element elementor-element-5668447 elementor-section-boxed elementor-section-height-default elementor-section-height-default\" data-id=\"5668447\" data-element_type=\"section\" data-e-type=\"section\">\n\t\t\t\t\t\t<div class=\"elementor-container elementor-column-gap-default\">\n\t\t\t\t\t<div class=\"elementor-column elementor-col-100 elementor-top-column elementor-element elementor-element-205f8276\" data-id=\"205f8276\" data-element_type=\"column\" data-e-type=\"column\">\n\t\t\t<div class=\"elementor-widget-wrap\">\n\t\t\t\t\t\t\t<\/div>\n\t\t<\/div>\n\t\t\t\t\t<\/div>\n\t\t<\/section>\n\t\t\t\t<\/div>\n\t\t","protected":false},"excerpt":{"rendered":"<p>Preparaci\u00f3n y cuidado: Todo lo que necesitas saber para tus an\u00e1lisis en GenyMed Instructivo Estudios &#8211; Hombre Espermograma y test de t\u00fanel (fragmentaci\u00f3n del ADN esperm\u00e1tico): (Por favor, consulta con tu cobertura m\u00e9dica o con nuestro personal administrativo sobre la cobertura espec\u00edfica del Test de T\u00fanel). Para la correcta recolecci\u00f3n de la muestra de semen, &hellip;<\/p>\n<p class=\"read-more\"> <a class=\"\" href=\"https:\/\/genymed.com\/web\/instructivo-estudios-hombre\/\"> <span class=\"screen-reader-text\">Instructivo Estudios &#8211; Hombre<\/span> Leer m\u00e1s &raquo;<\/a><\/p>\n","protected":false},"author":2,"featured_media":0,"parent":0,"menu_order":0,"comment_status":"closed","ping_status":"closed","template":"","meta":{"footnotes":""},"class_list":["post-1110","page","type-page","status-publish","hentry"],"_links":{"self":[{"href":"https:\/\/genymed.com\/web\/wp-json\/wp\/v2\/pages\/1110","targetHints":{"allow":["GET"]}}],"collection":[{"href":"https:\/\/genymed.com\/web\/wp-json\/wp\/v2\/pages"}],"about":[{"href":"https:\/\/genymed.com\/web\/wp-json\/wp\/v2\/types\/page"}],"author":[{"embeddable":true,"href":"https:\/\/genymed.com\/web\/wp-json\/wp\/v2\/users\/2"}],"replies":[{"embeddable":true,"href":"https:\/\/genymed.com\/web\/wp-json\/wp\/v2\/comments?post=1110"}],"version-history":[{"count":22,"href":"https:\/\/genymed.com\/web\/wp-json\/wp\/v2\/pages\/1110\/revisions"}],"predecessor-version":[{"id":1547,"href":"https:\/\/genymed.com\/web\/wp-json\/wp\/v2\/pages\/1110\/revisions\/1547"}],"wp:attachment":[{"href":"https:\/\/genymed.com\/web\/wp-json\/wp\/v2\/media?parent=1110"}],"curies":[{"name":"wp","href":"https:\/\/api.w.org\/{rel}","templated":true}]}}