{"id":1133,"date":"2025-05-30T22:21:16","date_gmt":"2025-05-30T22:21:16","guid":{"rendered":"https:\/\/genymed.com\/web\/?page_id=1133"},"modified":"2025-06-09T21:53:12","modified_gmt":"2025-06-09T21:53:12","slug":"instructivo-medicacion-puncion-y-transferencia","status":"publish","type":"page","link":"https:\/\/genymed.com\/web\/instructivo-medicacion-puncion-y-transferencia\/","title":{"rendered":"Instructivo &#8211; Medicaci\u00f3n, punci\u00f3n y Transferencia"},"content":{"rendered":"\t\t<div data-elementor-type=\"wp-page\" data-elementor-id=\"1133\" class=\"elementor elementor-1133\">\n\t\t\t\t\t\t<section class=\"elementor-section elementor-top-section elementor-element elementor-element-136d57ad elementor-section-height-min-height elementor-section-full_width elementor-section-height-default elementor-section-items-middle\" data-id=\"136d57ad\" data-element_type=\"section\" data-e-type=\"section\" data-settings=\"{&quot;background_background&quot;:&quot;slideshow&quot;,&quot;background_slideshow_gallery&quot;:[{&quot;id&quot;:1316,&quot;url&quot;:&quot;https:\\\/\\\/genymed.com\\\/web\\\/wp-content\\\/uploads\\\/2025\\\/06\\\/slider_informes.jpg&quot;}],&quot;background_slideshow_loop&quot;:&quot;yes&quot;,&quot;background_slideshow_slide_duration&quot;:5000,&quot;background_slideshow_slide_transition&quot;:&quot;fade&quot;,&quot;background_slideshow_transition_duration&quot;:500}\">\n\t\t\t\t\t\t<div class=\"elementor-container elementor-column-gap-default\">\n\t\t\t\t\t<div class=\"elementor-column elementor-col-100 elementor-top-column elementor-element elementor-element-5c68c691 animated-slow\" data-id=\"5c68c691\" data-element_type=\"column\" data-e-type=\"column\" data-settings=\"{&quot;animation&quot;:&quot;none&quot;,&quot;animation_delay&quot;:200}\">\n\t\t\t<div class=\"elementor-widget-wrap elementor-element-populated\">\n\t\t\t\t\t\t<div class=\"elementor-element elementor-element-335fa924 elementor-widget elementor-widget-spacer\" data-id=\"335fa924\" data-element_type=\"widget\" data-e-type=\"widget\" data-widget_type=\"spacer.default\">\n\t\t\t\t<div class=\"elementor-widget-container\">\n\t\t\t\t\t\t\t<div class=\"elementor-spacer\">\n\t\t\t<div class=\"elementor-spacer-inner\"><\/div>\n\t\t<\/div>\n\t\t\t\t\t\t<\/div>\n\t\t\t\t<\/div>\n\t\t\t\t<div class=\"elementor-element elementor-element-729bb007 animated-slow elementor-widget elementor-widget-text-editor\" data-id=\"729bb007\" data-element_type=\"widget\" data-e-type=\"widget\" data-settings=\"{&quot;_animation&quot;:&quot;none&quot;,&quot;_animation_delay&quot;:100}\" data-widget_type=\"text-editor.default\">\n\t\t\t\t<div class=\"elementor-widget-container\">\n\t\t\t\t\t\t\t\t\t<p>Informaci\u00f3n clave para tu bienestar:<br \/>Entiende y prep\u00e1rate para tus estudios.<\/p>\t\t\t\t\t\t\t\t<\/div>\n\t\t\t\t<\/div>\n\t\t\t\t\t<\/div>\n\t\t<\/div>\n\t\t\t\t\t<\/div>\n\t\t<\/section>\n\t\t\t\t<section class=\"elementor-section elementor-top-section elementor-element elementor-element-4a6bee4c elementor-section-boxed elementor-section-height-default elementor-section-height-default\" data-id=\"4a6bee4c\" data-element_type=\"section\" data-e-type=\"section\">\n\t\t\t\t\t\t<div class=\"elementor-container elementor-column-gap-default\">\n\t\t\t\t\t<div class=\"elementor-column elementor-col-100 elementor-top-column elementor-element elementor-element-4ea015e0\" data-id=\"4ea015e0\" data-element_type=\"column\" data-e-type=\"column\">\n\t\t\t<div class=\"elementor-widget-wrap elementor-element-populated\">\n\t\t\t\t\t\t<div class=\"elementor-element elementor-element-59bec161 elementor-widget elementor-widget-heading\" data-id=\"59bec161\" data-element_type=\"widget\" data-e-type=\"widget\" data-widget_type=\"heading.default\">\n\t\t\t\t<div class=\"elementor-widget-container\">\n\t\t\t\t\t<h2 class=\"elementor-heading-title elementor-size-default\">Instructivo Medicaci\u00f3n<\/h2>\t\t\t\t<\/div>\n\t\t\t\t<\/div>\n\t\t\t\t<div class=\"elementor-element elementor-element-50a529ae elementor-widget__width-initial elementor-widget elementor-widget-text-editor\" data-id=\"50a529ae\" data-element_type=\"widget\" data-e-type=\"widget\" data-widget_type=\"text-editor.default\">\n\t\t\t\t<div class=\"elementor-widget-container\">\n\t\t\t\t\t\t\t\t\t<p>Las pautas de medicaci\u00f3n son personalizadas para cada paciente y tratamiento. Recibir\u00e1s instrucciones detalladas y por escrito de tu m\u00e9dico y nuestro equipo de enfermer\u00eda sobre c\u00f3mo y cu\u00e1ndo administrar cada medicamento. Es crucial seguir estas indicaciones al pie de la letra. Ante cualquier duda, cont\u00e1ctanos inmediatamente.<\/p>\t\t\t\t\t\t\t\t<\/div>\n\t\t\t\t<\/div>\n\t\t\t\t\t<\/div>\n\t\t<\/div>\n\t\t\t\t\t<\/div>\n\t\t<\/section>\n\t\t\t\t<section class=\"elementor-section elementor-top-section elementor-element elementor-element-1943e5c1 elementor-section-boxed elementor-section-height-default elementor-section-height-default\" data-id=\"1943e5c1\" data-element_type=\"section\" data-e-type=\"section\">\n\t\t\t\t\t\t<div class=\"elementor-container elementor-column-gap-default\">\n\t\t\t\t\t<div class=\"elementor-column elementor-col-100 elementor-top-column elementor-element elementor-element-301ed2d6\" data-id=\"301ed2d6\" data-element_type=\"column\" data-e-type=\"column\">\n\t\t\t<div class=\"elementor-widget-wrap elementor-element-populated\">\n\t\t\t\t\t\t<div class=\"elementor-element elementor-element-43b4ceb elementor-widget elementor-widget-heading\" data-id=\"43b4ceb\" data-element_type=\"widget\" data-e-type=\"widget\" data-widget_type=\"heading.default\">\n\t\t\t\t<div class=\"elementor-widget-container\">\n\t\t\t\t\t<h2 class=\"elementor-heading-title elementor-size-default\">Instructivo punci\u00f3n folicular (extracci\u00f3n de ovulos)<\/h2>\t\t\t\t<\/div>\n\t\t\t\t<\/div>\n\t\t\t\t<div class=\"elementor-element elementor-element-2da3663 elementor-widget__width-initial elementor-widget elementor-widget-text-editor\" data-id=\"2da3663\" data-element_type=\"widget\" data-e-type=\"widget\" data-widget_type=\"text-editor.default\">\n\t\t\t\t<div class=\"elementor-widget-container\">\n\t\t\t\t\t\t\t\t\t<p><strong>Indicaciones pre-procedimiento:<\/strong> ayuno, medicaci\u00f3n pre-anest\u00e9sica si aplica, qu\u00e9 llevar, a qu\u00e9 hora llegar, acompa\u00f1ante.\u00a0<br \/><strong>Post-procedimiento:<\/strong> reposo, s\u00edntomas normales, signos de alarma, medicaci\u00f3n post-punci\u00f3n, contacto.<\/p>\t\t\t\t\t\t\t\t<\/div>\n\t\t\t\t<\/div>\n\t\t\t\t<div class=\"elementor-element elementor-element-fd89767 elementor-widget elementor-widget-heading\" data-id=\"fd89767\" data-element_type=\"widget\" data-e-type=\"widget\" data-widget_type=\"heading.default\">\n\t\t\t\t<div class=\"elementor-widget-container\">\n\t\t\t\t\t<h2 class=\"elementor-heading-title elementor-size-default\">Instructivo transferencia embrionaria<\/h2>\t\t\t\t<\/div>\n\t\t\t\t<\/div>\n\t\t\t\t<div class=\"elementor-element elementor-element-daa374d elementor-widget__width-initial elementor-widget elementor-widget-text-editor\" data-id=\"daa374d\" data-element_type=\"widget\" data-e-type=\"widget\" data-widget_type=\"text-editor.default\">\n\t\t\t\t<div class=\"elementor-widget-container\">\n\t\t\t\t\t\t\t\t\t<p><strong>Indicaciones pre-transferencia:<\/strong> vejiga llena (cu\u00e1nto l\u00edquido y cu\u00e1ndo empezar a tomarlo), medicaci\u00f3n (progesterona, etc.), reposo relativo previo si se indica. <br \/><strong>Post-transferencia:<\/strong> reposo inmediato y en d\u00edas siguientes, actividades permitidas y no permitidas, medicaci\u00f3n a continuar, s\u00edntomas esperables, cu\u00e1ndo realizar el test de embarazo, contacto.<\/p>\t\t\t\t\t\t\t\t<\/div>\n\t\t\t\t<\/div>\n\t\t\t\t\t<\/div>\n\t\t<\/div>\n\t\t\t\t\t<\/div>\n\t\t<\/section>\n\t\t\t\t<\/div>\n\t\t","protected":false},"excerpt":{"rendered":"<p>Informaci\u00f3n clave para tu bienestar:Entiende y prep\u00e1rate para tus estudios. Instructivo Medicaci\u00f3n Las pautas de medicaci\u00f3n son personalizadas para cada paciente y tratamiento. Recibir\u00e1s instrucciones detalladas y por escrito de tu m\u00e9dico y nuestro equipo de enfermer\u00eda sobre c\u00f3mo y cu\u00e1ndo administrar cada medicamento. Es crucial seguir estas indicaciones al pie de la letra. Ante &hellip;<\/p>\n<p class=\"read-more\"> <a class=\"\" href=\"https:\/\/genymed.com\/web\/instructivo-medicacion-puncion-y-transferencia\/\"> <span class=\"screen-reader-text\">Instructivo &#8211; Medicaci\u00f3n, punci\u00f3n y Transferencia<\/span> Leer m\u00e1s &raquo;<\/a><\/p>\n","protected":false},"author":2,"featured_media":0,"parent":0,"menu_order":0,"comment_status":"closed","ping_status":"closed","template":"","meta":{"footnotes":""},"class_list":["post-1133","page","type-page","status-publish","hentry"],"_links":{"self":[{"href":"https:\/\/genymed.com\/web\/wp-json\/wp\/v2\/pages\/1133","targetHints":{"allow":["GET"]}}],"collection":[{"href":"https:\/\/genymed.com\/web\/wp-json\/wp\/v2\/pages"}],"about":[{"href":"https:\/\/genymed.com\/web\/wp-json\/wp\/v2\/types\/page"}],"author":[{"embeddable":true,"href":"https:\/\/genymed.com\/web\/wp-json\/wp\/v2\/users\/2"}],"replies":[{"embeddable":true,"href":"https:\/\/genymed.com\/web\/wp-json\/wp\/v2\/comments?post=1133"}],"version-history":[{"count":16,"href":"https:\/\/genymed.com\/web\/wp-json\/wp\/v2\/pages\/1133\/revisions"}],"predecessor-version":[{"id":1550,"href":"https:\/\/genymed.com\/web\/wp-json\/wp\/v2\/pages\/1133\/revisions\/1550"}],"wp:attachment":[{"href":"https:\/\/genymed.com\/web\/wp-json\/wp\/v2\/media?parent=1133"}],"curies":[{"name":"wp","href":"https:\/\/api.w.org\/{rel}","templated":true}]}}