{"id":1145,"date":"2025-05-30T22:43:46","date_gmt":"2025-05-30T22:43:46","guid":{"rendered":"https:\/\/genymed.com\/web\/?page_id=1145"},"modified":"2025-06-09T21:50:14","modified_gmt":"2025-06-09T21:50:14","slug":"quienes-pueden-donar-como-hacerlo-y-beneficios","status":"publish","type":"page","link":"https:\/\/genymed.com\/web\/quienes-pueden-donar-como-hacerlo-y-beneficios\/","title":{"rendered":"Quienes pueden Donar? Como hacerlo y Beneficios"},"content":{"rendered":"\t\t<div data-elementor-type=\"wp-page\" data-elementor-id=\"1145\" class=\"elementor elementor-1145\">\n\t\t\t\t\t\t<section class=\"elementor-section elementor-top-section elementor-element elementor-element-aded468 elementor-section-height-min-height elementor-section-full_width elementor-section-height-default elementor-section-items-middle\" data-id=\"aded468\" data-element_type=\"section\" data-e-type=\"section\" data-settings=\"{&quot;background_background&quot;:&quot;classic&quot;}\">\n\t\t\t\t\t\t<div class=\"elementor-container elementor-column-gap-default\">\n\t\t\t\t\t<div class=\"elementor-column elementor-col-100 elementor-top-column elementor-element elementor-element-75245cea animated-slow\" data-id=\"75245cea\" data-element_type=\"column\" data-e-type=\"column\" data-settings=\"{&quot;animation&quot;:&quot;none&quot;,&quot;animation_delay&quot;:200}\">\n\t\t\t<div class=\"elementor-widget-wrap elementor-element-populated\">\n\t\t\t\t\t\t<div class=\"elementor-element elementor-element-6b2677b8 elementor-widget elementor-widget-spacer\" data-id=\"6b2677b8\" data-element_type=\"widget\" data-e-type=\"widget\" data-widget_type=\"spacer.default\">\n\t\t\t\t<div class=\"elementor-widget-container\">\n\t\t\t\t\t\t\t<div class=\"elementor-spacer\">\n\t\t\t<div class=\"elementor-spacer-inner\"><\/div>\n\t\t<\/div>\n\t\t\t\t\t\t<\/div>\n\t\t\t\t<\/div>\n\t\t\t\t<div class=\"elementor-element elementor-element-5a467829 animated-slow elementor-widget elementor-widget-text-editor\" data-id=\"5a467829\" data-element_type=\"widget\" data-e-type=\"widget\" data-settings=\"{&quot;_animation&quot;:&quot;none&quot;,&quot;_animation_delay&quot;:100}\" data-widget_type=\"text-editor.default\">\n\t\t\t\t<div class=\"elementor-widget-container\">\n\t\t\t\t\t\t\t\t\t<p><strong><span style=\"color: #993300;\">\u00bfConsideras donar?<\/span><\/strong><\/p>\t\t\t\t\t\t\t\t<\/div>\n\t\t\t\t<\/div>\n\t\t\t\t<div class=\"elementor-element elementor-element-68730e0f animated-slow elementor-widget elementor-widget-text-editor\" data-id=\"68730e0f\" data-element_type=\"widget\" data-e-type=\"widget\" data-settings=\"{&quot;_animation&quot;:&quot;none&quot;}\" data-widget_type=\"text-editor.default\">\n\t\t\t\t<div class=\"elementor-widget-container\">\n\t\t\t\t\t\t\t\t\t<p>En <strong>GenyMed<\/strong> te acompa\u00f1amos con cuidado<br \/>y profesionalismo.<\/p>\t\t\t\t\t\t\t\t<\/div>\n\t\t\t\t<\/div>\n\t\t\t\t\t<\/div>\n\t\t<\/div>\n\t\t\t\t\t<\/div>\n\t\t<\/section>\n\t\t\t\t<section class=\"elementor-section elementor-top-section elementor-element elementor-element-865c6c8 elementor-section-boxed elementor-section-height-default elementor-section-height-default\" data-id=\"865c6c8\" data-element_type=\"section\" data-e-type=\"section\">\n\t\t\t\t\t\t<div class=\"elementor-container elementor-column-gap-default\">\n\t\t\t\t\t<div class=\"elementor-column elementor-col-100 elementor-top-column elementor-element elementor-element-d101578\" data-id=\"d101578\" data-element_type=\"column\" data-e-type=\"column\">\n\t\t\t<div class=\"elementor-widget-wrap elementor-element-populated\">\n\t\t\t\t\t\t<div class=\"elementor-element elementor-element-1c9d6222 elementor-widget elementor-widget-heading\" data-id=\"1c9d6222\" data-element_type=\"widget\" data-e-type=\"widget\" data-widget_type=\"heading.default\">\n\t\t\t\t<div class=\"elementor-widget-container\">\n\t\t\t\t\t<h2 class=\"elementor-heading-title elementor-size-default\">\u00bfQui\u00e9nes pueden donar?<\/h2>\t\t\t\t<\/div>\n\t\t\t\t<\/div>\n\t\t\t\t<div class=\"elementor-element elementor-element-1ff2548 elementor-widget elementor-widget-text-editor\" data-id=\"1ff2548\" data-element_type=\"widget\" data-e-type=\"widget\" data-widget_type=\"text-editor.default\">\n\t\t\t\t<div class=\"elementor-widget-container\">\n\t\t\t\t\t\t\t\t\t<p>Los donantes de \u00f3vulos y semen son personas j\u00f3venes, generalmente entre 18 y 30-35 a\u00f1os (los l\u00edmites de edad pueden variar ligeramente seg\u00fan la legislaci\u00f3n y los protocolos del centro), que gozan de buena salud f\u00edsica y mental. Deben superar una serie de pruebas m\u00e9dicas y gen\u00e9ticas exhaustivas para descartar enfermedades infecciosas y gen\u00e9ticas transmisibles, as\u00ed como una evaluaci\u00f3n psicol\u00f3gica. Este riguroso proceso de selecci\u00f3n garantiza la seguridad tanto para los donantes como para los receptores y la futura descendencia.<\/p>\t\t\t\t\t\t\t\t<\/div>\n\t\t\t\t<\/div>\n\t\t\t\t<div class=\"elementor-element elementor-element-597c433 elementor-widget elementor-widget-heading\" data-id=\"597c433\" data-element_type=\"widget\" data-e-type=\"widget\" data-widget_type=\"heading.default\">\n\t\t\t\t<div class=\"elementor-widget-container\">\n\t\t\t\t\t<h2 class=\"elementor-heading-title elementor-size-default\">Quiero donar:<\/h2>\t\t\t\t<\/div>\n\t\t\t\t<\/div>\n\t\t\t\t<div class=\"elementor-element elementor-element-c848c5b elementor-widget elementor-widget-text-editor\" data-id=\"c848c5b\" data-element_type=\"widget\" data-e-type=\"widget\" data-widget_type=\"text-editor.default\">\n\t\t\t\t<div class=\"elementor-widget-container\">\n\t\t\t\t\t\t\t\t\t<p>Si est\u00e1s considerando la posibilidad de ayudar a otras personas a cumplir su sue\u00f1o de ser padres a trav\u00e9s de la donaci\u00f3n de \u00f3vulos o semen, te invitamos a contactarnos.<br \/>Tu gesto puede cambiar vidas. En GenyMed, te proporcionaremos toda la informaci\u00f3n necesaria sobre el proceso de donaci\u00f3n, resolveremos tus dudas y te guiaremos en cada paso con total confidencialidad y profesionalismo.<br \/>(Sugerencia: Incluir aqu\u00ed un formulario de contacto espec\u00edfico para potenciales donantes o un n\u00famero de tel\u00e9fono\/email directo para este fin).<\/p>\t\t\t\t\t\t\t\t<\/div>\n\t\t\t\t<\/div>\n\t\t\t\t<div class=\"elementor-element elementor-element-4a0771e elementor-widget elementor-widget-heading\" data-id=\"4a0771e\" data-element_type=\"widget\" data-e-type=\"widget\" data-widget_type=\"heading.default\">\n\t\t\t\t<div class=\"elementor-widget-container\">\n\t\t\t\t\t<h2 class=\"elementor-heading-title elementor-size-default\">Beneficios de ser donante:<\/h2>\t\t\t\t<\/div>\n\t\t\t\t<\/div>\n\t\t\t\t<div class=\"elementor-element elementor-element-ed6c185 elementor-widget elementor-widget-text-editor\" data-id=\"ed6c185\" data-element_type=\"widget\" data-e-type=\"widget\" data-widget_type=\"text-editor.default\">\n\t\t\t\t<div class=\"elementor-widget-container\">\n\t\t\t\t\t\t\t\t\t<p>El principal beneficio de donar \u00f3vulos o semen es la inmensa satisfacci\u00f3n personal de realizar un acto de generosidad y altruismo, ayudando a otros a alcanzar un deseo tan profundo como es el de tener un hijo. Si bien la donaci\u00f3n en muchos pa\u00edses es altruista, suele existir una compensaci\u00f3n econ\u00f3mica por las molestias, el tiempo dedicado y los gastos de desplazamiento incurridos durante el proceso. En GenyMed, valoramos y agradecemos profundamente este acto de solidaridad.<\/p>\t\t\t\t\t\t\t\t<\/div>\n\t\t\t\t<\/div>\n\t\t\t\t\t<\/div>\n\t\t<\/div>\n\t\t\t\t\t<\/div>\n\t\t<\/section>\n\t\t\t\t<section class=\"elementor-section elementor-top-section elementor-element elementor-element-36b7ef24 elementor-section-boxed elementor-section-height-default elementor-section-height-default\" data-id=\"36b7ef24\" data-element_type=\"section\" data-e-type=\"section\">\n\t\t\t\t\t\t<div class=\"elementor-container elementor-column-gap-default\">\n\t\t\t\t\t<div class=\"elementor-column elementor-col-100 elementor-top-column elementor-element elementor-element-544dc32e\" data-id=\"544dc32e\" data-element_type=\"column\" data-e-type=\"column\">\n\t\t\t<div class=\"elementor-widget-wrap\">\n\t\t\t\t\t\t\t<\/div>\n\t\t<\/div>\n\t\t\t\t\t<\/div>\n\t\t<\/section>\n\t\t\t\t<\/div>\n\t\t","protected":false},"excerpt":{"rendered":"<p>\u00bfConsideras donar? En GenyMed te acompa\u00f1amos con cuidadoy profesionalismo. \u00bfQui\u00e9nes pueden donar? Los donantes de \u00f3vulos y semen son personas j\u00f3venes, generalmente entre 18 y 30-35 a\u00f1os (los l\u00edmites de edad pueden variar ligeramente seg\u00fan la legislaci\u00f3n y los protocolos del centro), que gozan de buena salud f\u00edsica y mental. Deben superar una serie de &hellip;<\/p>\n<p class=\"read-more\"> <a class=\"\" href=\"https:\/\/genymed.com\/web\/quienes-pueden-donar-como-hacerlo-y-beneficios\/\"> <span class=\"screen-reader-text\">Quienes pueden Donar? Como hacerlo y Beneficios<\/span> Leer m\u00e1s &raquo;<\/a><\/p>\n","protected":false},"author":2,"featured_media":0,"parent":0,"menu_order":0,"comment_status":"closed","ping_status":"closed","template":"","meta":{"footnotes":""},"class_list":["post-1145","page","type-page","status-publish","hentry"],"_links":{"self":[{"href":"https:\/\/genymed.com\/web\/wp-json\/wp\/v2\/pages\/1145","targetHints":{"allow":["GET"]}}],"collection":[{"href":"https:\/\/genymed.com\/web\/wp-json\/wp\/v2\/pages"}],"about":[{"href":"https:\/\/genymed.com\/web\/wp-json\/wp\/v2\/types\/page"}],"author":[{"embeddable":true,"href":"https:\/\/genymed.com\/web\/wp-json\/wp\/v2\/users\/2"}],"replies":[{"embeddable":true,"href":"https:\/\/genymed.com\/web\/wp-json\/wp\/v2\/comments?post=1145"}],"version-history":[{"count":16,"href":"https:\/\/genymed.com\/web\/wp-json\/wp\/v2\/pages\/1145\/revisions"}],"predecessor-version":[{"id":1541,"href":"https:\/\/genymed.com\/web\/wp-json\/wp\/v2\/pages\/1145\/revisions\/1541"}],"wp:attachment":[{"href":"https:\/\/genymed.com\/web\/wp-json\/wp\/v2\/media?parent=1145"}],"curies":[{"name":"wp","href":"https:\/\/api.w.org\/{rel}","templated":true}]}}