{"id":1164,"date":"2025-05-30T23:11:09","date_gmt":"2025-05-30T23:11:09","guid":{"rendered":"https:\/\/genymed.com\/web\/?page_id=1164"},"modified":"2025-06-09T21:29:43","modified_gmt":"2025-06-09T21:29:43","slug":"minimamente-invasiva-histeroscopia-biopsia-testicular-micro-tese-vasectomia","status":"publish","type":"page","link":"https:\/\/genymed.com\/web\/minimamente-invasiva-histeroscopia-biopsia-testicular-micro-tese-vasectomia\/","title":{"rendered":"M\u00ednimamente Invasiva: Histeroscopia, Biopsia Testicular, Micro Tese, Vasectom\u00eda"},"content":{"rendered":"\t\t<div data-elementor-type=\"wp-page\" data-elementor-id=\"1164\" class=\"elementor elementor-1164\">\n\t\t\t\t\t\t<section class=\"elementor-section elementor-top-section elementor-element elementor-element-1e24e3a4 elementor-section-height-min-height elementor-section-full_width elementor-section-height-default elementor-section-items-middle\" data-id=\"1e24e3a4\" data-element_type=\"section\" data-e-type=\"section\" data-settings=\"{&quot;background_background&quot;:&quot;classic&quot;}\">\n\t\t\t\t\t\t<div class=\"elementor-container elementor-column-gap-default\">\n\t\t\t\t\t<div class=\"elementor-column elementor-col-100 elementor-top-column elementor-element elementor-element-338cc2d7 animated-slow\" data-id=\"338cc2d7\" data-element_type=\"column\" data-e-type=\"column\" data-settings=\"{&quot;animation&quot;:&quot;none&quot;,&quot;animation_delay&quot;:200}\">\n\t\t\t<div class=\"elementor-widget-wrap elementor-element-populated\">\n\t\t\t\t\t\t<div class=\"elementor-element elementor-element-70a16174 elementor-widget elementor-widget-spacer\" data-id=\"70a16174\" data-element_type=\"widget\" data-e-type=\"widget\" data-widget_type=\"spacer.default\">\n\t\t\t\t<div class=\"elementor-widget-container\">\n\t\t\t\t\t\t\t<div class=\"elementor-spacer\">\n\t\t\t<div class=\"elementor-spacer-inner\"><\/div>\n\t\t<\/div>\n\t\t\t\t\t\t<\/div>\n\t\t\t\t<\/div>\n\t\t\t\t<div class=\"elementor-element elementor-element-1f2ec32f animated-slow elementor-widget elementor-widget-text-editor\" data-id=\"1f2ec32f\" data-element_type=\"widget\" data-e-type=\"widget\" data-settings=\"{&quot;_animation&quot;:&quot;none&quot;,&quot;_animation_delay&quot;:100}\" data-widget_type=\"text-editor.default\">\n\t\t\t\t<div class=\"elementor-widget-container\">\n\t\t\t\t\t\t\t\t\t<p>Tecnolog\u00eda quir\u00fargica de vanguardia: <br \/>Cuidado preciso para tu camino reproductivo.<\/p>\t\t\t\t\t\t\t\t<\/div>\n\t\t\t\t<\/div>\n\t\t\t\t\t<\/div>\n\t\t<\/div>\n\t\t\t\t\t<\/div>\n\t\t<\/section>\n\t\t\t\t<section class=\"elementor-section elementor-top-section elementor-element elementor-element-4924101 elementor-section-boxed elementor-section-height-default elementor-section-height-default\" data-id=\"4924101\" data-element_type=\"section\" data-e-type=\"section\">\n\t\t\t\t\t\t<div class=\"elementor-container elementor-column-gap-default\">\n\t\t\t\t\t<div class=\"elementor-column elementor-col-100 elementor-top-column elementor-element elementor-element-07e7080\" data-id=\"07e7080\" data-element_type=\"column\" data-e-type=\"column\">\n\t\t\t<div class=\"elementor-widget-wrap elementor-element-populated\">\n\t\t\t\t\t\t<div class=\"elementor-element elementor-element-0fa4701 elementor-widget elementor-widget-text-editor\" data-id=\"0fa4701\" data-element_type=\"widget\" data-e-type=\"widget\" data-widget_type=\"text-editor.default\">\n\t\t\t\t<div class=\"elementor-widget-container\">\n\t\t\t\t\t\t\t\t\t<p><b>CIRUG\u00cdA<\/b><br>Cuando es necesario, recurrimos a procedimientos quir\u00fargicos m\u00ednimamente invasivos para diagnosticar y tratar condiciones que afectan la fertilidad.<\/p>\t\t\t\t\t\t\t\t<\/div>\n\t\t\t\t<\/div>\n\t\t\t\t\t<\/div>\n\t\t<\/div>\n\t\t\t\t\t<\/div>\n\t\t<\/section>\n\t\t\t\t<section class=\"elementor-section elementor-top-section elementor-element elementor-element-3cf99edb elementor-section-boxed elementor-section-height-default elementor-section-height-default\" data-id=\"3cf99edb\" data-element_type=\"section\" data-e-type=\"section\">\n\t\t\t\t\t\t<div class=\"elementor-container elementor-column-gap-default\">\n\t\t\t\t\t<div class=\"elementor-column elementor-col-100 elementor-top-column elementor-element elementor-element-30cc57a9\" data-id=\"30cc57a9\" data-element_type=\"column\" data-e-type=\"column\">\n\t\t\t<div class=\"elementor-widget-wrap elementor-element-populated\">\n\t\t\t\t\t\t<div class=\"elementor-element elementor-element-6c9746da elementor-widget elementor-widget-heading\" data-id=\"6c9746da\" data-element_type=\"widget\" data-e-type=\"widget\" data-widget_type=\"heading.default\">\n\t\t\t\t<div class=\"elementor-widget-container\">\n\t\t\t\t\t<h2 class=\"elementor-heading-title elementor-size-default\">Cirug\u00eda m\u00ednimamente Invasiva:\nhisteroscopia:<\/h2>\t\t\t\t<\/div>\n\t\t\t\t<\/div>\n\t\t\t\t<div class=\"elementor-element elementor-element-17ec99df elementor-widget elementor-widget-text-editor\" data-id=\"17ec99df\" data-element_type=\"widget\" data-e-type=\"widget\" data-widget_type=\"text-editor.default\">\n\t\t\t\t<div class=\"elementor-widget-container\">\n\t\t\t\t\t\t\t\t\t<p>Es un procedimiento ginecol\u00f3gico que permite examinar el interior del \u00fatero (cavidad endometrial) y el cuello uterino. Se realiza introduciendo un histeroscopio, un tubo delgado (de 4 a 6 mm de di\u00e1metro) que cuenta con una c\u00e1mara y una fuente de luz, a trav\u00e9s del cuello del \u00fatero. La histeroscopia puede ser diagn\u00f3stica (para observar y detectar anomal\u00edas como p\u00f3lipos, miomas, adherencias o malformaciones) o terap\u00e9utica\/quir\u00fargica (para tratar dichas patolog\u00edas en el mismo acto). Generalmente, es una pr\u00e1ctica ambulatoria y, para que sea m\u00e1s confortable para la paciente, se realiza bajo sedaci\u00f3n anest\u00e9sica.<\/p>\t\t\t\t\t\t\t\t<\/div>\n\t\t\t\t<\/div>\n\t\t\t\t<div class=\"elementor-element elementor-element-e7a75c1 elementor-widget elementor-widget-heading\" data-id=\"e7a75c1\" data-element_type=\"widget\" data-e-type=\"widget\" data-widget_type=\"heading.default\">\n\t\t\t\t<div class=\"elementor-widget-container\">\n\t\t\t\t\t<h2 class=\"elementor-heading-title elementor-size-default\">TESE \/ MicroTESE (Extracci\u00f3n esperm\u00e1tica testicular):<\/h2>\t\t\t\t<\/div>\n\t\t\t\t<\/div>\n\t\t\t\t\t<\/div>\n\t\t<\/div>\n\t\t\t\t\t<\/div>\n\t\t<\/section>\n\t\t\t\t<section class=\"elementor-section elementor-top-section elementor-element elementor-element-51dfc9d5 elementor-section-boxed elementor-section-height-default elementor-section-height-default\" data-id=\"51dfc9d5\" data-element_type=\"section\" data-e-type=\"section\">\n\t\t\t\t\t\t<div class=\"elementor-container elementor-column-gap-default\">\n\t\t\t\t\t<div class=\"elementor-column elementor-col-100 elementor-top-column elementor-element elementor-element-65bdc675\" data-id=\"65bdc675\" data-element_type=\"column\" data-e-type=\"column\">\n\t\t\t<div class=\"elementor-widget-wrap elementor-element-populated\">\n\t\t\t\t\t\t<div class=\"elementor-element elementor-element-8b0ccf6 elementor-widget elementor-widget-text-editor\" data-id=\"8b0ccf6\" data-element_type=\"widget\" data-e-type=\"widget\" data-widget_type=\"text-editor.default\">\n\t\t\t\t<div class=\"elementor-widget-container\">\n\t\t\t\t\t\t\t\t\t<p>La TESE (Testicular Sperm Extraction) es una intervenci\u00f3n quir\u00fargica que consiste en extraer una peque\u00f1a porci\u00f3n de tejido del test\u00edculo con el objetivo de obtener espermatozoides. <br \/>\u00bfCu\u00e1ndo se realiza? Principalmente cuando no se encuentran espermatozoides en el eyaculado (condici\u00f3n conocida como azoospermia), cuando existen problemas para obtener una muestra seminal por eyaculaci\u00f3n, o cuando la cantidad o calidad de los espermatozoides en la muestra eyaculada es insuficiente para las t\u00e9cnicas de reproducci\u00f3n asistida. <br \/>\u00bfC\u00f3mo se realiza? Se puede llevar a cabo en quir\u00f3fano con sedaci\u00f3n o en la consulta con anestesia local. Se realiza una peque\u00f1a incisi\u00f3n en el test\u00edculo y se examinan los t\u00fabulos semin\u00edferos (donde se producen los espermatozoides) para detectar su presencia. La MicroTESE es una variante m\u00e1s precisa que utiliza un microscopio quir\u00fargico para identificar mejor las \u00e1reas con mayor probabilidad de contener espermatozoides.<br \/>\u00bfPara qu\u00e9 se utiliza? Para obtener espermatozoides viables que luego ser\u00e1n utilizados en t\u00e9cnicas de Fecundaci\u00f3n In Vitro con microinyecci\u00f3n esperm\u00e1tica (ICSI). Tambi\u00e9n puede realizarse para obtener tejido para diagn\u00f3sticos histol\u00f3gicos.<\/p>\t\t\t\t\t\t\t\t<\/div>\n\t\t\t\t<\/div>\n\t\t\t\t<div class=\"elementor-element elementor-element-032cabc elementor-widget elementor-widget-heading\" data-id=\"032cabc\" data-element_type=\"widget\" data-e-type=\"widget\" data-widget_type=\"heading.default\">\n\t\t\t\t<div class=\"elementor-widget-container\">\n\t\t\t\t\t<h2 class=\"elementor-heading-title elementor-size-default\">Vasectom\u00eda:<\/h2>\t\t\t\t<\/div>\n\t\t\t\t<\/div>\n\t\t\t\t<div class=\"elementor-element elementor-element-35fd861 elementor-widget elementor-widget-text-editor\" data-id=\"35fd861\" data-element_type=\"widget\" data-e-type=\"widget\" data-widget_type=\"text-editor.default\">\n\t\t\t\t<div class=\"elementor-widget-container\">\n\t\t\t\t\t\t\t\t\t<p>Es un procedimiento quir\u00fargico de anticoncepci\u00f3n masculina permanente. Est\u00e1 indicado para aquellos hombres que han decidido no tener hijos o no tener m\u00e1s hijos, o en situaciones donde existen indicaciones m\u00e9dicas por ser portadores de enfermedades gen\u00e9ticas y no desean correr riesgos de transmisi\u00f3n. Es importante destacar que despu\u00e9s de la vasectom\u00eda, el hombre sigue eyaculando de forma normal, no afecta las erecciones y el placer sexual no cambia. El aspecto del semen es el mismo, pero ya no contiene espermatozoides. La vasectom\u00eda comienza a ser efectiva aproximadamente luego de los primeros tres meses de realizada o despu\u00e9s de las primeras 20 eyaculaciones. Por ello, es recomendable utilizar otro m\u00e9todo anticonceptivo durante ese per\u00edodo inicial y realizar un control m\u00e9dico (espermograma) para comprobar su efectividad.<\/p>\t\t\t\t\t\t\t\t<\/div>\n\t\t\t\t<\/div>\n\t\t\t\t\t<\/div>\n\t\t<\/div>\n\t\t\t\t\t<\/div>\n\t\t<\/section>\n\t\t\t\t<\/div>\n\t\t","protected":false},"excerpt":{"rendered":"<p>Tecnolog\u00eda quir\u00fargica de vanguardia: Cuidado preciso para tu camino reproductivo. CIRUG\u00cdACuando es necesario, recurrimos a procedimientos quir\u00fargicos m\u00ednimamente invasivos para diagnosticar y tratar condiciones que afectan la fertilidad. Cirug\u00eda m\u00ednimamente Invasiva: histeroscopia: Es un procedimiento ginecol\u00f3gico que permite examinar el interior del \u00fatero (cavidad endometrial) y el cuello uterino. Se realiza introduciendo un histeroscopio, un &hellip;<\/p>\n<p class=\"read-more\"> <a class=\"\" href=\"https:\/\/genymed.com\/web\/minimamente-invasiva-histeroscopia-biopsia-testicular-micro-tese-vasectomia\/\"> <span class=\"screen-reader-text\">M\u00ednimamente Invasiva: Histeroscopia, Biopsia Testicular, Micro Tese, Vasectom\u00eda<\/span> Leer m\u00e1s &raquo;<\/a><\/p>\n","protected":false},"author":2,"featured_media":0,"parent":0,"menu_order":0,"comment_status":"closed","ping_status":"closed","template":"","meta":{"footnotes":""},"class_list":["post-1164","page","type-page","status-publish","hentry"],"_links":{"self":[{"href":"https:\/\/genymed.com\/web\/wp-json\/wp\/v2\/pages\/1164","targetHints":{"allow":["GET"]}}],"collection":[{"href":"https:\/\/genymed.com\/web\/wp-json\/wp\/v2\/pages"}],"about":[{"href":"https:\/\/genymed.com\/web\/wp-json\/wp\/v2\/types\/page"}],"author":[{"embeddable":true,"href":"https:\/\/genymed.com\/web\/wp-json\/wp\/v2\/users\/2"}],"replies":[{"embeddable":true,"href":"https:\/\/genymed.com\/web\/wp-json\/wp\/v2\/comments?post=1164"}],"version-history":[{"count":25,"href":"https:\/\/genymed.com\/web\/wp-json\/wp\/v2\/pages\/1164\/revisions"}],"predecessor-version":[{"id":1478,"href":"https:\/\/genymed.com\/web\/wp-json\/wp\/v2\/pages\/1164\/revisions\/1478"}],"wp:attachment":[{"href":"https:\/\/genymed.com\/web\/wp-json\/wp\/v2\/media?parent=1164"}],"curies":[{"name":"wp","href":"https:\/\/api.w.org\/{rel}","templated":true}]}}