{"id":1182,"date":"2025-05-30T23:35:05","date_gmt":"2025-05-30T23:35:05","guid":{"rendered":"https:\/\/genymed.com\/web\/?page_id=1182"},"modified":"2025-06-17T12:10:03","modified_gmt":"2025-06-17T12:10:03","slug":"tecnicas-y-diagnosticos-complementarios","status":"publish","type":"page","link":"https:\/\/genymed.com\/web\/tecnicas-y-diagnosticos-complementarios\/","title":{"rendered":"T\u00e9cnicas Y Diagn\u00f3sticos Complementarios"},"content":{"rendered":"\t\t<div data-elementor-type=\"wp-page\" data-elementor-id=\"1182\" class=\"elementor elementor-1182\">\n\t\t\t\t\t\t<section class=\"elementor-section elementor-top-section elementor-element elementor-element-32dd2659 elementor-section-height-min-height elementor-section-full_width elementor-section-height-default elementor-section-items-middle\" data-id=\"32dd2659\" data-element_type=\"section\" data-e-type=\"section\" data-settings=\"{&quot;background_background&quot;:&quot;slideshow&quot;,&quot;background_slideshow_gallery&quot;:[{&quot;id&quot;:1192,&quot;url&quot;:&quot;https:\\\/\\\/genymed.com\\\/web\\\/wp-content\\\/uploads\\\/2025\\\/05\\\/slider-tecnica_diagnostico.jpg&quot;}],&quot;background_slideshow_loop&quot;:&quot;yes&quot;,&quot;background_slideshow_slide_duration&quot;:5000,&quot;background_slideshow_slide_transition&quot;:&quot;fade&quot;,&quot;background_slideshow_transition_duration&quot;:500}\">\n\t\t\t\t\t\t<div class=\"elementor-container elementor-column-gap-default\">\n\t\t\t\t\t<div class=\"elementor-column elementor-col-100 elementor-top-column elementor-element elementor-element-1e4353d4 animated-slow\" data-id=\"1e4353d4\" data-element_type=\"column\" data-e-type=\"column\" data-settings=\"{&quot;animation&quot;:&quot;none&quot;,&quot;animation_delay&quot;:200}\">\n\t\t\t<div class=\"elementor-widget-wrap elementor-element-populated\">\n\t\t\t\t\t\t<div class=\"elementor-element elementor-element-3f3f76da elementor-widget elementor-widget-spacer\" data-id=\"3f3f76da\" data-element_type=\"widget\" data-e-type=\"widget\" data-widget_type=\"spacer.default\">\n\t\t\t\t<div class=\"elementor-widget-container\">\n\t\t\t\t\t\t\t<div class=\"elementor-spacer\">\n\t\t\t<div class=\"elementor-spacer-inner\"><\/div>\n\t\t<\/div>\n\t\t\t\t\t\t<\/div>\n\t\t\t\t<\/div>\n\t\t\t\t<div class=\"elementor-element elementor-element-18d02bea animated-slow elementor-widget elementor-widget-text-editor\" data-id=\"18d02bea\" data-element_type=\"widget\" data-e-type=\"widget\" data-settings=\"{&quot;_animation&quot;:&quot;none&quot;,&quot;_animation_delay&quot;:100}\" data-widget_type=\"text-editor.default\">\n\t\t\t\t<div class=\"elementor-widget-container\">\n\t\t\t\t\t\t\t\t\t<p>Diagn\u00f3sticos complementarios:<br \/>Profundizando para un tratamiento personalizado<\/p>\t\t\t\t\t\t\t\t<\/div>\n\t\t\t\t<\/div>\n\t\t\t\t\t<\/div>\n\t\t<\/div>\n\t\t\t\t\t<\/div>\n\t\t<\/section>\n\t\t\t\t<section class=\"elementor-section elementor-top-section elementor-element elementor-element-7a1ef0c2 elementor-section-boxed elementor-section-height-default elementor-section-height-default\" data-id=\"7a1ef0c2\" data-element_type=\"section\" data-e-type=\"section\">\n\t\t\t\t\t\t<div class=\"elementor-container elementor-column-gap-default\">\n\t\t\t\t\t<div class=\"elementor-column elementor-col-100 elementor-top-column elementor-element elementor-element-f68e7c3\" data-id=\"f68e7c3\" data-element_type=\"column\" data-e-type=\"column\">\n\t\t\t<div class=\"elementor-widget-wrap elementor-element-populated\">\n\t\t\t\t\t\t<div class=\"elementor-element elementor-element-13e6cb8b elementor-widget elementor-widget-heading\" data-id=\"13e6cb8b\" data-element_type=\"widget\" data-e-type=\"widget\" data-widget_type=\"heading.default\">\n\t\t\t\t<div class=\"elementor-widget-container\">\n\t\t\t\t\t<h2 class=\"elementor-heading-title elementor-size-default\">T\u00e9cnicas y diagn\u00f3sticos complementarios<\/h2>\t\t\t\t<\/div>\n\t\t\t\t<\/div>\n\t\t\t\t<div class=\"elementor-element elementor-element-6674953d elementor-widget__width-initial elementor-widget elementor-widget-text-editor\" data-id=\"6674953d\" data-element_type=\"widget\" data-e-type=\"widget\" data-widget_type=\"text-editor.default\">\n\t\t\t\t<div class=\"elementor-widget-container\">\n\t\t\t\t\t\t\t\t\t<p>En <b>GenyMed<\/b>, complementamos nuestros tratamientos con t\u00e9cnicas y diagn\u00f3sticos de vanguardia para optimizar cada paso del proceso.<\/p>\t\t\t\t\t\t\t\t<\/div>\n\t\t\t\t<\/div>\n\t\t\t\t\t<\/div>\n\t\t<\/div>\n\t\t\t\t\t<\/div>\n\t\t<\/section>\n\t\t\t\t<section class=\"elementor-section elementor-top-section elementor-element elementor-element-61bf9bdf elementor-section-boxed elementor-section-height-default elementor-section-height-default\" data-id=\"61bf9bdf\" data-element_type=\"section\" data-e-type=\"section\">\n\t\t\t\t\t\t<div class=\"elementor-container elementor-column-gap-default\">\n\t\t\t\t\t<div class=\"elementor-column elementor-col-100 elementor-top-column elementor-element elementor-element-2df55ba3\" data-id=\"2df55ba3\" data-element_type=\"column\" data-e-type=\"column\">\n\t\t\t<div class=\"elementor-widget-wrap elementor-element-populated\">\n\t\t\t\t\t\t<div class=\"elementor-element elementor-element-6d130c19 elementor-widget elementor-widget-heading\" data-id=\"6d130c19\" data-element_type=\"widget\" data-e-type=\"widget\" data-widget_type=\"heading.default\">\n\t\t\t\t<div class=\"elementor-widget-container\">\n\t\t\t\t\t<h2 class=\"elementor-heading-title elementor-size-default\">Preparaci\u00f3n de semen por tecnica de microfluidica:<\/h2>\t\t\t\t<\/div>\n\t\t\t\t<\/div>\n\t\t\t\t<div class=\"elementor-element elementor-element-4007985d elementor-widget__width-initial elementor-widget elementor-widget-text-editor\" data-id=\"4007985d\" data-element_type=\"widget\" data-e-type=\"widget\" data-widget_type=\"text-editor.default\">\n\t\t\t\t<div class=\"elementor-widget-container\">\n\t\t\t\t\t\t\t\t\t<p><b>La\u00a0Preparaci\u00f3n de semen por t\u00e9cnica de microfluidica\u00a0<\/b><span style=\"font-style: inherit; font-weight: inherit;\">es un dispositivo innovador que utiliza la capacidad natural de los espermatozoides para nadar y separarse del resto de los componentes del eyaculado, incluyendo espermatozoides inm\u00f3viles o de menor calidad, sin necesidad de centrifugaci\u00f3n.\u00a0 Al seleccionar los espermatozoides m\u00e1s m\u00f3viles y con mejor potencial, se espera que la muestra procesada de esta manera colabore en una mejor tasa de fertilizaci\u00f3n y calidad embrionaria.<\/span><\/p>\t\t\t\t\t\t\t\t<\/div>\n\t\t\t\t<\/div>\n\t\t\t\t<div class=\"elementor-element elementor-element-1bd67a71 elementor-widget elementor-widget-heading\" data-id=\"1bd67a71\" data-element_type=\"widget\" data-e-type=\"widget\" data-widget_type=\"heading.default\">\n\t\t\t\t<div class=\"elementor-widget-container\">\n\t\t\t\t\t<h2 class=\"elementor-heading-title elementor-size-default\">Assisted Hatching (Eclosi\u00f3n Asistida):<\/h2>\t\t\t\t<\/div>\n\t\t\t\t<\/div>\n\t\t\t\t<div class=\"elementor-element elementor-element-61e8b8eb elementor-widget__width-initial elementor-widget elementor-widget-text-editor\" data-id=\"61e8b8eb\" data-element_type=\"widget\" data-e-type=\"widget\" data-widget_type=\"text-editor.default\">\n\t\t\t\t<div class=\"elementor-widget-container\">\n\t\t\t\t\t\t\t\t\t<p>La eclosi\u00f3n asistida es una t\u00e9cnica de micromanipulaci\u00f3n que se realiza en el laboratorio de alta complejidad.\u00a0 Consiste en crear una peque\u00f1a abertura en la zona pel\u00facida del embri\u00f3n (la capa externa r\u00edgida que lo rodea) mediante un pulso l\u00e1ser preciso, justo antes de la transferencia embrionaria.\u00a0 Este procedimiento no da\u00f1a al embri\u00f3n y tiene como objetivo facilitar su salida de esta cubierta para que pueda implantarse en el \u00fatero.<\/p><p>Se recomienda en los siguientes casos: Mujeres mayores de 38 a\u00f1os, embriones con fragmentaci\u00f3n excesiva o tasas lentas de divisi\u00f3n celular, casos donde se observa una zona pel\u00facida engrosada, fallos de implantaci\u00f3n en transferencias previas, y habitualmente en pacientes que se transfieren embriones previamente congelados (vitrificados), ya que la zona pel\u00facida puede endurecerse con el proceso de criopreservaci\u00f3n<\/p>\t\t\t\t\t\t\t\t<\/div>\n\t\t\t\t<\/div>\n\t\t\t\t<div class=\"elementor-element elementor-element-0872f29 elementor-widget elementor-widget-heading\" data-id=\"0872f29\" data-element_type=\"widget\" data-e-type=\"widget\" data-widget_type=\"heading.default\">\n\t\t\t\t<div class=\"elementor-widget-container\">\n\t\t\t\t\t<h2 class=\"elementor-heading-title elementor-size-default\">Vitrificaci\u00f3n (\u00d3vulos, Semen y Embriones):<\/h2>\t\t\t\t<\/div>\n\t\t\t\t<\/div>\n\t\t\t\t<div class=\"elementor-element elementor-element-39dbc29 elementor-widget__width-initial elementor-widget elementor-widget-text-editor\" data-id=\"39dbc29\" data-element_type=\"widget\" data-e-type=\"widget\" data-widget_type=\"text-editor.default\">\n\t\t\t\t<div class=\"elementor-widget-container\">\n\t\t\t\t\t\t\t\t\t<p>La vitrificaci\u00f3n es una t\u00e9cnica de \u00abcongelaci\u00f3n\u00bb ultrarr\u00e1pida y avanzada utilizada en reproducci\u00f3n asistida.\u00a0 Consiste en conservar \u00f3vulos, semen, embriones, o incluso tejido ov\u00e1rico y testicular, a temperaturas muy bajas (\u2212196 \u2218 C en nitr\u00f3geno l\u00edquido) durante un tiempo indefinido, deteniendo todos sus procesos biol\u00f3gicos sin da\u00f1ar su estructura.\u00a0 La principal ventaja de la vitrificaci\u00f3n sobre m\u00e9todos de congelaci\u00f3n lenta anteriores es su alta eficiencia, manteniendo la calidad del material biol\u00f3gico con una elevada tasa de supervivencia y recuperaci\u00f3n para ser utilizado posteriormente en tratamientos.<\/p>\t\t\t\t\t\t\t\t<\/div>\n\t\t\t\t<\/div>\n\t\t\t\t<div class=\"elementor-element elementor-element-deaf7fb elementor-widget elementor-widget-heading\" data-id=\"deaf7fb\" data-element_type=\"widget\" data-e-type=\"widget\" data-widget_type=\"heading.default\">\n\t\t\t\t<div class=\"elementor-widget-container\">\n\t\t\t\t\t<h2 class=\"elementor-heading-title elementor-size-default\">DuoStim (Doble Estimulaci\u00f3n Ov\u00e1rica):<\/h2>\t\t\t\t<\/div>\n\t\t\t\t<\/div>\n\t\t\t\t<div class=\"elementor-element elementor-element-48ef623 elementor-widget__width-initial elementor-widget elementor-widget-text-editor\" data-id=\"48ef623\" data-element_type=\"widget\" data-e-type=\"widget\" data-widget_type=\"text-editor.default\">\n\t\t\t\t<div class=\"elementor-widget-container\">\n\t\t\t\t\t\t\t\t\t<p>El protocolo DuoStim consiste en realizar dos estimulaciones ov\u00e1ricas y dos punciones foliculares (recuperaci\u00f3n de \u00f3vulos) en un mismo ciclo menstrual.\u00a0 El objetivo es acumular un mayor n\u00famero de \u00f3vulos o embriones en un menor per\u00edodo de tiempo.<\/p><p>\u00a0<\/p><p>Se recomienda especialmente para pacientes con: Mujeres con reserva ov\u00e1rica disminuida, mujeres mayores de 40 a\u00f1os, mujeres con fallo ov\u00e1rico prematuro, mujeres con niveles bajos de hormona antim\u00fclleriana (AMH), mujeres con pocos fol\u00edculos antrales en ambos ovarios, o mujeres que han obtenido pocos \u00f3vulos o de baja calidad en protocolos de estimulaci\u00f3n convencionales anteriores.<\/p>\t\t\t\t\t\t\t\t<\/div>\n\t\t\t\t<\/div>\n\t\t\t\t<div class=\"elementor-element elementor-element-32495ff elementor-widget elementor-widget-heading\" data-id=\"32495ff\" data-element_type=\"widget\" data-e-type=\"widget\" data-widget_type=\"heading.default\">\n\t\t\t\t<div class=\"elementor-widget-container\">\n\t\t\t\t\t<h2 class=\"elementor-heading-title elementor-size-default\">EmbryoGlue (Medio de transferencia embrionaria):<\/h2>\t\t\t\t<\/div>\n\t\t\t\t<\/div>\n\t\t\t\t<div class=\"elementor-element elementor-element-41d7ee6 elementor-widget__width-initial elementor-widget elementor-widget-text-editor\" data-id=\"41d7ee6\" data-element_type=\"widget\" data-e-type=\"widget\" data-widget_type=\"text-editor.default\">\n\t\t\t\t<div class=\"elementor-widget-container\">\n\t\t\t\t\t\t\t\t\t<p>La transferencia de embriones es uno de los procedimientos m\u00e1s sensibles y cr\u00edticos en un tratamiento de Fecundaci\u00f3n In Vitro (FIV).\u00a0 EmbryoGlue es un medio de cultivo desarrollado exclusivamente para la transferencia de embriones y es el \u00fanico producto existente con un efecto de mejora de la implantaci\u00f3n comprobado.\u00a0 EmbryoGlue tiene la composici\u00f3n b\u00e1sica de un medio de cultivo rico para blastocistos y contiene una alta concentraci\u00f3n de hialuronano (\u00e1cido hialur\u00f3nico) y alb\u00famina humana recombinante.\u00a0 Est\u00e1 desarrollado de forma \u00fanica para imitar las condiciones del \u00fatero femenino, creando un ambiente m\u00e1s viscoso y rico en factores que ayudan a los embriones a adherirse e implantarse en el endometrio despu\u00e9s de la transferencia.<\/p>\t\t\t\t\t\t\t\t<\/div>\n\t\t\t\t<\/div>\n\t\t\t\t<div class=\"elementor-element elementor-element-ee78bdc elementor-widget elementor-widget-heading\" data-id=\"ee78bdc\" data-element_type=\"widget\" data-e-type=\"widget\" data-widget_type=\"heading.default\">\n\t\t\t\t<div class=\"elementor-widget-container\">\n\t\t\t\t\t<h2 class=\"elementor-heading-title elementor-size-default\">Plasma rico en plaquetas (PRP) endometrial u ov\u00e1rico:<\/h2>\t\t\t\t<\/div>\n\t\t\t\t<\/div>\n\t\t\t\t<div class=\"elementor-element elementor-element-baa0127 elementor-widget__width-initial elementor-widget elementor-widget-text-editor\" data-id=\"baa0127\" data-element_type=\"widget\" data-e-type=\"widget\" data-widget_type=\"text-editor.default\">\n\t\t\t\t<div class=\"elementor-widget-container\">\n\t\t\t\t\t\t\t\t\t<p>El plasma aut\u00f3logo rico en plaquetas (PRP) consiste en una preparaci\u00f3n obtenida de la propia sangre de la paciente, que contiene plasma y un concentrado de plaquetas.\u00a0 Las plaquetas son ricas en factores de crecimiento. Estudios de investigaci\u00f3n han indicado que la infusi\u00f3n o inyecci\u00f3n intrauterina de PRP antes de la transferencia embrionaria podr\u00eda mejorar la receptividad endometrial, especialmente en casos de endometrio fino o fallos de implantaci\u00f3n recurrentes.\u00a0 El PRP contiene m\u00faltiples factores de crecimiento que estimulan la reparaci\u00f3n y regeneraci\u00f3n de los tejidos humanos, especialmente aquellos que cicatrizan lentamente.\u00a0 Algunos expertos creen que el PRP podr\u00eda ayudar al endometrio (el revestimiento del \u00fatero) a reaccionar mejor a la implantaci\u00f3n de embriones, o incluso mejorar la respuesta ov\u00e1rica en ciertos casos cuando se aplica intraov\u00e1ricamente.\u00a0 De este modo, el PRP podr\u00eda ayudar a las mujeres sometidas a reproducci\u00f3n asistida a quedar embarazadas.<\/p>\t\t\t\t\t\t\t\t<\/div>\n\t\t\t\t<\/div>\n\t\t\t\t<div class=\"elementor-element elementor-element-670c2dd elementor-widget elementor-widget-heading\" data-id=\"670c2dd\" data-element_type=\"widget\" data-e-type=\"widget\" data-widget_type=\"heading.default\">\n\t\t\t\t<div class=\"elementor-widget-container\">\n\t\t\t\t\t<h2 class=\"elementor-heading-title elementor-size-default\">Eco Doppler de arterias uterinas y flujo subendometrial:<\/h2>\t\t\t\t<\/div>\n\t\t\t\t<\/div>\n\t\t\t\t<div class=\"elementor-element elementor-element-c605158 elementor-widget__width-initial elementor-widget elementor-widget-text-editor\" data-id=\"c605158\" data-element_type=\"widget\" data-e-type=\"widget\" data-widget_type=\"text-editor.default\">\n\t\t\t\t<div class=\"elementor-widget-container\">\n\t\t\t\t\t\t\t\t\t<p>Este estudio ecogr\u00e1fico especializado eval\u00faa el flujo sangu\u00edneo hacia el \u00fatero y el endometrio. Una adecuada irrigaci\u00f3n sangu\u00ednea es crucial para la implantaci\u00f3n embrionaria y el desarrollo temprano del embarazo. Permite detectar posibles alteraciones en la vascularizaci\u00f3n que podr\u00edan afectar la receptividad endometrial.<\/p>\t\t\t\t\t\t\t\t<\/div>\n\t\t\t\t<\/div>\n\t\t\t\t\t<\/div>\n\t\t<\/div>\n\t\t\t\t\t<\/div>\n\t\t<\/section>\n\t\t\t\t<\/div>\n\t\t","protected":false},"excerpt":{"rendered":"<p>Diagn\u00f3sticos complementarios:Profundizando para un tratamiento personalizado T\u00e9cnicas y diagn\u00f3sticos complementarios En GenyMed, complementamos nuestros tratamientos con t\u00e9cnicas y diagn\u00f3sticos de vanguardia para optimizar cada paso del proceso. Preparaci\u00f3n de semen por tecnica de microfluidica: La\u00a0Preparaci\u00f3n de semen por t\u00e9cnica de microfluidica\u00a0es un dispositivo innovador que utiliza la capacidad natural de los espermatozoides para nadar y &hellip;<\/p>\n<p class=\"read-more\"> <a class=\"\" href=\"https:\/\/genymed.com\/web\/tecnicas-y-diagnosticos-complementarios\/\"> <span class=\"screen-reader-text\">T\u00e9cnicas Y Diagn\u00f3sticos Complementarios<\/span> Leer m\u00e1s &raquo;<\/a><\/p>\n","protected":false},"author":2,"featured_media":0,"parent":0,"menu_order":0,"comment_status":"closed","ping_status":"closed","template":"","meta":{"footnotes":""},"class_list":["post-1182","page","type-page","status-publish","hentry"],"_links":{"self":[{"href":"https:\/\/genymed.com\/web\/wp-json\/wp\/v2\/pages\/1182","targetHints":{"allow":["GET"]}}],"collection":[{"href":"https:\/\/genymed.com\/web\/wp-json\/wp\/v2\/pages"}],"about":[{"href":"https:\/\/genymed.com\/web\/wp-json\/wp\/v2\/types\/page"}],"author":[{"embeddable":true,"href":"https:\/\/genymed.com\/web\/wp-json\/wp\/v2\/users\/2"}],"replies":[{"embeddable":true,"href":"https:\/\/genymed.com\/web\/wp-json\/wp\/v2\/comments?post=1182"}],"version-history":[{"count":19,"href":"https:\/\/genymed.com\/web\/wp-json\/wp\/v2\/pages\/1182\/revisions"}],"predecessor-version":[{"id":1575,"href":"https:\/\/genymed.com\/web\/wp-json\/wp\/v2\/pages\/1182\/revisions\/1575"}],"wp:attachment":[{"href":"https:\/\/genymed.com\/web\/wp-json\/wp\/v2\/media?parent=1182"}],"curies":[{"name":"wp","href":"https:\/\/api.w.org\/{rel}","templated":true}]}}