{"id":1370,"date":"2025-06-09T00:03:41","date_gmt":"2025-06-09T00:03:41","guid":{"rendered":"https:\/\/genymed.com\/web\/?page_id=1370"},"modified":"2025-06-09T01:03:47","modified_gmt":"2025-06-09T01:03:47","slug":"docencia-e-investigacion","status":"publish","type":"page","link":"https:\/\/genymed.com\/web\/docencia-e-investigacion\/","title":{"rendered":"Docencia e investigaci\u00f3n"},"content":{"rendered":"\t\t<div data-elementor-type=\"wp-page\" data-elementor-id=\"1370\" class=\"elementor elementor-1370\">\n\t\t\t\t\t\t<section class=\"elementor-section elementor-top-section elementor-element elementor-element-f0fa84f elementor-section-boxed elementor-section-height-default elementor-section-height-default\" data-id=\"f0fa84f\" data-element_type=\"section\" data-e-type=\"section\" data-settings=\"{&quot;background_background&quot;:&quot;classic&quot;}\">\n\t\t\t\t\t\t<div class=\"elementor-container elementor-column-gap-default\">\n\t\t\t\t\t<div class=\"elementor-column elementor-col-100 elementor-top-column elementor-element elementor-element-7536be8\" data-id=\"7536be8\" data-element_type=\"column\" data-e-type=\"column\">\n\t\t\t<div class=\"elementor-widget-wrap elementor-element-populated\">\n\t\t\t\t\t\t<div class=\"elementor-element elementor-element-0f02a27 elementor-widget elementor-widget-heading\" data-id=\"0f02a27\" data-element_type=\"widget\" data-e-type=\"widget\" data-widget_type=\"heading.default\">\n\t\t\t\t<div class=\"elementor-widget-container\">\n\t\t\t\t\t<h2 class=\"elementor-heading-title elementor-size-default\">DOCENCIA E INVESTIGACI\u00d3N:<\/h2>\t\t\t\t<\/div>\n\t\t\t\t<\/div>\n\t\t\t\t<section class=\"elementor-section elementor-inner-section elementor-element elementor-element-28661a8 elementor-section-boxed elementor-section-height-default elementor-section-height-default\" data-id=\"28661a8\" data-element_type=\"section\" data-e-type=\"section\">\n\t\t\t\t\t\t<div class=\"elementor-container elementor-column-gap-default\">\n\t\t\t\t\t<div class=\"elementor-column elementor-col-50 elementor-inner-column elementor-element elementor-element-80e232c\" data-id=\"80e232c\" data-element_type=\"column\" data-e-type=\"column\">\n\t\t\t<div class=\"elementor-widget-wrap elementor-element-populated\">\n\t\t\t\t\t\t<div class=\"elementor-element elementor-element-9dbb3ee elementor-widget elementor-widget-image\" data-id=\"9dbb3ee\" data-element_type=\"widget\" data-e-type=\"widget\" data-widget_type=\"image.default\">\n\t\t\t\t<div class=\"elementor-widget-container\">\n\t\t\t\t\t\t\t\t\t\t\t\t\t\t\t<img fetchpriority=\"high\" decoding=\"async\" width=\"1024\" height=\"1024\" src=\"https:\/\/genymed.com\/web\/wp-content\/uploads\/2025\/06\/img13-1024x1024.jpg\" class=\"attachment-large size-large wp-image-1372\" alt=\"\" srcset=\"https:\/\/genymed.com\/web\/wp-content\/uploads\/2025\/06\/img13-1024x1024.jpg 1024w, https:\/\/genymed.com\/web\/wp-content\/uploads\/2025\/06\/img13-300x300.jpg 300w, https:\/\/genymed.com\/web\/wp-content\/uploads\/2025\/06\/img13-150x150.jpg 150w, https:\/\/genymed.com\/web\/wp-content\/uploads\/2025\/06\/img13-768x769.jpg 768w, https:\/\/genymed.com\/web\/wp-content\/uploads\/2025\/06\/img13.jpg 1179w\" sizes=\"(max-width: 1024px) 100vw, 1024px\" \/>\t\t\t\t\t\t\t\t\t\t\t\t\t\t\t<\/div>\n\t\t\t\t<\/div>\n\t\t\t\t\t<\/div>\n\t\t<\/div>\n\t\t\t\t<div class=\"elementor-column elementor-col-50 elementor-inner-column elementor-element elementor-element-3f5cb02\" data-id=\"3f5cb02\" data-element_type=\"column\" data-e-type=\"column\">\n\t\t\t<div class=\"elementor-widget-wrap elementor-element-populated\">\n\t\t\t\t\t\t<div class=\"elementor-element elementor-element-0342e58 elementor-widget elementor-widget-heading\" data-id=\"0342e58\" data-element_type=\"widget\" data-e-type=\"widget\" data-widget_type=\"heading.default\">\n\t\t\t\t<div class=\"elementor-widget-container\">\n\t\t\t\t\t<h2 class=\"elementor-heading-title elementor-size-default\">A\u00d1O 2023<\/h2>\t\t\t\t<\/div>\n\t\t\t\t<\/div>\n\t\t\t\t<div class=\"elementor-element elementor-element-a628e6f elementor-widget elementor-widget-text-editor\" data-id=\"a628e6f\" data-element_type=\"widget\" data-e-type=\"widget\" data-widget_type=\"text-editor.default\">\n\t\t\t\t<div class=\"elementor-widget-container\">\n\t\t\t\t\t\t\t\t\t<p>\u00a1Acuerdos que nos impulsan hacia el futuro! El Dr. Edgardo Andreatta, Director de GEN&amp;MED, l\u00edder en Gen\u00e9tica Humana y Medicina Reproductiva, ha sellado una colaboraci\u00f3n estrat\u00e9gica con el Dr. Adri\u00e1n Alasino,&nbsp;&nbsp;<span style=\"font-style: inherit; font-weight: inherit;\">al frente de la Escuela Superior de Medicina @esmedicinaunmdp. Este pacto consolida lazos y potencia sinergias para el beneficio colectivo.<\/span><\/p>\n<p><img decoding=\"async\" class=\"emoji\" role=\"img\" draggable=\"false\" src=\"https:\/\/s.w.org\/images\/core\/emoji\/15.1.0\/svg\/1f9ec.svg\" alt=\"\ud83e\uddec\"><img decoding=\"async\" class=\"emoji\" role=\"img\" draggable=\"false\" src=\"https:\/\/s.w.org\/images\/core\/emoji\/15.1.0\/svg\/1f393.svg\" alt=\"\ud83c\udf93\"> Esta asociaci\u00f3n no solo marca un hito en el desarrollo institucional, sino que tambi\u00e9n proporcionar\u00e1 un impulso significativo a estudiantes, profesionales graduados y a toda nuestra comunidad.&nbsp;<\/p>\n<p>Estamos enfocados en avanzar en la investigaci\u00f3n y la excelencia educativa en el campo de la medicina reproductiva y la gen\u00e9tica humana.<\/p>\t\t\t\t\t\t\t\t<\/div>\n\t\t\t\t<\/div>\n\t\t\t\t\t<\/div>\n\t\t<\/div>\n\t\t\t\t\t<\/div>\n\t\t<\/section>\n\t\t\t\t<section class=\"elementor-section elementor-inner-section elementor-element elementor-element-91f115e elementor-section-boxed elementor-section-height-default elementor-section-height-default\" data-id=\"91f115e\" data-element_type=\"section\" data-e-type=\"section\">\n\t\t\t\t\t\t<div class=\"elementor-container elementor-column-gap-default\">\n\t\t\t\t\t<div class=\"elementor-column elementor-col-50 elementor-inner-column elementor-element elementor-element-901ded6\" data-id=\"901ded6\" data-element_type=\"column\" data-e-type=\"column\">\n\t\t\t<div class=\"elementor-widget-wrap elementor-element-populated\">\n\t\t\t\t\t\t<div class=\"elementor-element elementor-element-ef3d1d5 elementor-widget elementor-widget-image\" data-id=\"ef3d1d5\" data-element_type=\"widget\" data-e-type=\"widget\" data-widget_type=\"image.default\">\n\t\t\t\t<div class=\"elementor-widget-container\">\n\t\t\t\t\t\t\t\t\t\t\t\t\t\t\t<img decoding=\"async\" width=\"1024\" height=\"683\" src=\"https:\/\/genymed.com\/web\/wp-content\/uploads\/2025\/06\/img14-1024x683.jpg\" class=\"attachment-large size-large wp-image-1376\" alt=\"\" srcset=\"https:\/\/genymed.com\/web\/wp-content\/uploads\/2025\/06\/img14-1024x683.jpg 1024w, https:\/\/genymed.com\/web\/wp-content\/uploads\/2025\/06\/img14-300x200.jpg 300w, https:\/\/genymed.com\/web\/wp-content\/uploads\/2025\/06\/img14-768x512.jpg 768w, https:\/\/genymed.com\/web\/wp-content\/uploads\/2025\/06\/img14.jpg 1500w\" sizes=\"(max-width: 1024px) 100vw, 1024px\" \/>\t\t\t\t\t\t\t\t\t\t\t\t\t\t\t<\/div>\n\t\t\t\t<\/div>\n\t\t\t\t<div class=\"elementor-element elementor-element-40a06df elementor-widget elementor-widget-text-editor\" data-id=\"40a06df\" data-element_type=\"widget\" data-e-type=\"widget\" data-widget_type=\"text-editor.default\">\n\t\t\t\t<div class=\"elementor-widget-container\">\n\t\t\t\t\t\t\t\t\t<p>III Congreso Nacional de La Sociedad Argentina de Embriologia Clinica en el a\u00f1o 2023<\/p>\t\t\t\t\t\t\t\t<\/div>\n\t\t\t\t<\/div>\n\t\t\t\t\t<\/div>\n\t\t<\/div>\n\t\t\t\t<div class=\"elementor-column elementor-col-50 elementor-inner-column elementor-element elementor-element-3a7a9a7\" data-id=\"3a7a9a7\" data-element_type=\"column\" data-e-type=\"column\">\n\t\t\t<div class=\"elementor-widget-wrap elementor-element-populated\">\n\t\t\t\t\t\t<div class=\"elementor-element elementor-element-69e0d99 elementor-widget elementor-widget-image\" data-id=\"69e0d99\" data-element_type=\"widget\" data-e-type=\"widget\" data-widget_type=\"image.default\">\n\t\t\t\t<div class=\"elementor-widget-container\">\n\t\t\t\t\t\t\t\t\t\t\t\t\t\t\t<img decoding=\"async\" width=\"1024\" height=\"955\" src=\"https:\/\/genymed.com\/web\/wp-content\/uploads\/2025\/06\/img13bis-1024x955.jpg\" class=\"attachment-large size-large wp-image-1378\" alt=\"\" srcset=\"https:\/\/genymed.com\/web\/wp-content\/uploads\/2025\/06\/img13bis-1024x955.jpg 1024w, https:\/\/genymed.com\/web\/wp-content\/uploads\/2025\/06\/img13bis-300x280.jpg 300w, https:\/\/genymed.com\/web\/wp-content\/uploads\/2025\/06\/img13bis-768x717.jpg 768w, https:\/\/genymed.com\/web\/wp-content\/uploads\/2025\/06\/img13bis.jpg 1179w\" sizes=\"(max-width: 1024px) 100vw, 1024px\" \/>\t\t\t\t\t\t\t\t\t\t\t\t\t\t\t<\/div>\n\t\t\t\t<\/div>\n\t\t\t\t\t<\/div>\n\t\t<\/div>\n\t\t\t\t\t<\/div>\n\t\t<\/section>\n\t\t\t\t<section class=\"elementor-section elementor-inner-section elementor-element elementor-element-1189e40 elementor-section-boxed elementor-section-height-default elementor-section-height-default\" data-id=\"1189e40\" data-element_type=\"section\" data-e-type=\"section\">\n\t\t\t\t\t\t<div class=\"elementor-container elementor-column-gap-default\">\n\t\t\t\t\t<div class=\"elementor-column elementor-col-50 elementor-inner-column elementor-element elementor-element-8c18ed9\" data-id=\"8c18ed9\" data-element_type=\"column\" data-e-type=\"column\">\n\t\t\t<div class=\"elementor-widget-wrap elementor-element-populated\">\n\t\t\t\t\t\t<div class=\"elementor-element elementor-element-76bc6ef elementor-widget elementor-widget-heading\" data-id=\"76bc6ef\" data-element_type=\"widget\" data-e-type=\"widget\" data-widget_type=\"heading.default\">\n\t\t\t\t<div class=\"elementor-widget-container\">\n\t\t\t\t\t<h2 class=\"elementor-heading-title elementor-size-default\">A\u00d1O 2024<\/h2>\t\t\t\t<\/div>\n\t\t\t\t<\/div>\n\t\t\t\t<div class=\"elementor-element elementor-element-d659d3e elementor-widget elementor-widget-text-editor\" data-id=\"d659d3e\" data-element_type=\"widget\" data-e-type=\"widget\" data-widget_type=\"text-editor.default\">\n\t\t\t\t<div class=\"elementor-widget-container\">\n\t\t\t\t\t\t\t\t\t<p>En el mes de Mayo del 2024 nos acercamos al Instituto Pinos de Anchorena para brindar una charla a los<br \/>alumnos de 2do y 3er a\u00f1o de la carrera \u201cT\u00e9cnico Superior en Intrumentador Quir\u00fargico\u201d.<br \/>Abordamos la Punci\u00f3n Folicular como tema principal ya que es un procedimiento que se realiza en el<br \/>quir\u00f3fano de nuestro Instituto y donde los alumnos realizar\u00e1n parte de sus Pr\u00e1cticas Profesionalizantes.<\/p>\t\t\t\t\t\t\t\t<\/div>\n\t\t\t\t<\/div>\n\t\t\t\t\t<\/div>\n\t\t<\/div>\n\t\t\t\t<div class=\"elementor-column elementor-col-50 elementor-inner-column elementor-element elementor-element-09210ee\" data-id=\"09210ee\" data-element_type=\"column\" data-e-type=\"column\">\n\t\t\t<div class=\"elementor-widget-wrap elementor-element-populated\">\n\t\t\t\t\t\t<div class=\"elementor-element elementor-element-203e4ae elementor-widget elementor-widget-image\" data-id=\"203e4ae\" data-element_type=\"widget\" data-e-type=\"widget\" data-widget_type=\"image.default\">\n\t\t\t\t<div class=\"elementor-widget-container\">\n\t\t\t\t\t\t\t\t\t\t\t\t\t\t\t<img loading=\"lazy\" decoding=\"async\" width=\"1024\" height=\"768\" src=\"https:\/\/genymed.com\/web\/wp-content\/uploads\/2025\/06\/img25-1024x768.jpg\" class=\"attachment-large size-large wp-image-1381\" alt=\"\" srcset=\"https:\/\/genymed.com\/web\/wp-content\/uploads\/2025\/06\/img25-1024x768.jpg 1024w, https:\/\/genymed.com\/web\/wp-content\/uploads\/2025\/06\/img25-300x225.jpg 300w, https:\/\/genymed.com\/web\/wp-content\/uploads\/2025\/06\/img25-768x576.jpg 768w, https:\/\/genymed.com\/web\/wp-content\/uploads\/2025\/06\/img25.jpg 1280w\" sizes=\"(max-width: 1024px) 100vw, 1024px\" \/>\t\t\t\t\t\t\t\t\t\t\t\t\t\t\t<\/div>\n\t\t\t\t<\/div>\n\t\t\t\t<div class=\"elementor-element elementor-element-816968c elementor-widget elementor-widget-text-editor\" data-id=\"816968c\" data-element_type=\"widget\" data-e-type=\"widget\" data-widget_type=\"text-editor.default\">\n\t\t\t\t<div class=\"elementor-widget-container\">\n\t\t\t\t\t\t\t\t\t<p>En mayo asistimos al Taller Regional REDLARA en 2024<\/p>\t\t\t\t\t\t\t\t<\/div>\n\t\t\t\t<\/div>\n\t\t\t\t\t<\/div>\n\t\t<\/div>\n\t\t\t\t\t<\/div>\n\t\t<\/section>\n\t\t\t\t<section class=\"elementor-section elementor-inner-section elementor-element elementor-element-91c839c elementor-section-boxed elementor-section-height-default elementor-section-height-default\" data-id=\"91c839c\" data-element_type=\"section\" data-e-type=\"section\">\n\t\t\t\t\t\t<div class=\"elementor-container elementor-column-gap-default\">\n\t\t\t\t\t<div class=\"elementor-column elementor-col-50 elementor-inner-column elementor-element elementor-element-d80e6ec\" data-id=\"d80e6ec\" data-element_type=\"column\" data-e-type=\"column\">\n\t\t\t<div class=\"elementor-widget-wrap elementor-element-populated\">\n\t\t\t\t\t\t<div class=\"elementor-element elementor-element-190f72a elementor-widget elementor-widget-image\" data-id=\"190f72a\" data-element_type=\"widget\" data-e-type=\"widget\" data-widget_type=\"image.default\">\n\t\t\t\t<div class=\"elementor-widget-container\">\n\t\t\t\t\t\t\t\t\t\t\t\t\t\t\t<img loading=\"lazy\" decoding=\"async\" width=\"578\" height=\"484\" src=\"https:\/\/genymed.com\/web\/wp-content\/uploads\/2025\/06\/1.jpg\" class=\"attachment-large size-large wp-image-1383\" alt=\"\" srcset=\"https:\/\/genymed.com\/web\/wp-content\/uploads\/2025\/06\/1.jpg 578w, https:\/\/genymed.com\/web\/wp-content\/uploads\/2025\/06\/1-300x251.jpg 300w\" sizes=\"(max-width: 578px) 100vw, 578px\" \/>\t\t\t\t\t\t\t\t\t\t\t\t\t\t\t<\/div>\n\t\t\t\t<\/div>\n\t\t\t\t\t<\/div>\n\t\t<\/div>\n\t\t\t\t<div class=\"elementor-column elementor-col-50 elementor-inner-column elementor-element elementor-element-32a4457\" data-id=\"32a4457\" data-element_type=\"column\" data-e-type=\"column\">\n\t\t\t<div class=\"elementor-widget-wrap elementor-element-populated\">\n\t\t\t\t\t\t<div class=\"elementor-element elementor-element-5b0a28c elementor-widget elementor-widget-image\" data-id=\"5b0a28c\" data-element_type=\"widget\" data-e-type=\"widget\" data-widget_type=\"image.default\">\n\t\t\t\t<div class=\"elementor-widget-container\">\n\t\t\t\t\t\t\t\t\t\t\t\t\t\t\t<img loading=\"lazy\" decoding=\"async\" width=\"579\" height=\"506\" src=\"https:\/\/genymed.com\/web\/wp-content\/uploads\/2025\/06\/2.jpg\" class=\"attachment-large size-large wp-image-1384\" alt=\"\" srcset=\"https:\/\/genymed.com\/web\/wp-content\/uploads\/2025\/06\/2.jpg 579w, https:\/\/genymed.com\/web\/wp-content\/uploads\/2025\/06\/2-300x262.jpg 300w\" sizes=\"(max-width: 579px) 100vw, 579px\" \/>\t\t\t\t\t\t\t\t\t\t\t\t\t\t\t<\/div>\n\t\t\t\t<\/div>\n\t\t\t\t\t<\/div>\n\t\t<\/div>\n\t\t\t\t\t<\/div>\n\t\t<\/section>\n\t\t\t\t<section class=\"elementor-section elementor-inner-section elementor-element elementor-element-eb882dd elementor-section-boxed elementor-section-height-default elementor-section-height-default\" data-id=\"eb882dd\" data-element_type=\"section\" data-e-type=\"section\">\n\t\t\t\t\t\t<div class=\"elementor-container elementor-column-gap-default\">\n\t\t\t\t\t<div class=\"elementor-column elementor-col-100 elementor-inner-column elementor-element elementor-element-24a4fed\" data-id=\"24a4fed\" data-element_type=\"column\" data-e-type=\"column\">\n\t\t\t<div class=\"elementor-widget-wrap elementor-element-populated\">\n\t\t\t\t\t\t<div class=\"elementor-element elementor-element-08f68b5 elementor-widget elementor-widget-text-editor\" data-id=\"08f68b5\" data-element_type=\"widget\" data-e-type=\"widget\" data-widget_type=\"text-editor.default\">\n\t\t\t\t<div class=\"elementor-widget-container\">\n\t\t\t\t\t\t\t\t\t<p>En el marco del Encuentro de REDLARA en la Ciudad de Buenos Aires recibimos en nuestro Laboratorio a Catherine Kuhn Jacobs y Daniela Lorenzi de Igenomix con el objetivo de capacitar a nuestras Embriologas en\u00a0 Biopsia Embrionaria.<\/p>\t\t\t\t\t\t\t\t<\/div>\n\t\t\t\t<\/div>\n\t\t\t\t\t<\/div>\n\t\t<\/div>\n\t\t\t\t\t<\/div>\n\t\t<\/section>\n\t\t\t\t<section class=\"elementor-section elementor-inner-section elementor-element elementor-element-7359f1d elementor-section-boxed elementor-section-height-default elementor-section-height-default\" data-id=\"7359f1d\" data-element_type=\"section\" data-e-type=\"section\">\n\t\t\t\t\t\t<div class=\"elementor-container elementor-column-gap-default\">\n\t\t\t\t\t<div class=\"elementor-column elementor-col-50 elementor-inner-column elementor-element elementor-element-d92dd36\" data-id=\"d92dd36\" data-element_type=\"column\" data-e-type=\"column\">\n\t\t\t<div class=\"elementor-widget-wrap elementor-element-populated\">\n\t\t\t\t\t\t<div class=\"elementor-element elementor-element-583c8fe elementor-widget elementor-widget-image\" data-id=\"583c8fe\" data-element_type=\"widget\" data-e-type=\"widget\" data-widget_type=\"image.default\">\n\t\t\t\t<div class=\"elementor-widget-container\">\n\t\t\t\t\t\t\t\t\t\t\t\t\t\t\t<img loading=\"lazy\" decoding=\"async\" width=\"577\" height=\"487\" src=\"https:\/\/genymed.com\/web\/wp-content\/uploads\/2025\/06\/3.jpg\" class=\"attachment-large size-large wp-image-1388\" alt=\"\" srcset=\"https:\/\/genymed.com\/web\/wp-content\/uploads\/2025\/06\/3.jpg 577w, https:\/\/genymed.com\/web\/wp-content\/uploads\/2025\/06\/3-300x253.jpg 300w\" sizes=\"(max-width: 577px) 100vw, 577px\" \/>\t\t\t\t\t\t\t\t\t\t\t\t\t\t\t<\/div>\n\t\t\t\t<\/div>\n\t\t\t\t\t<\/div>\n\t\t<\/div>\n\t\t\t\t<div class=\"elementor-column elementor-col-50 elementor-inner-column elementor-element elementor-element-b49bbc6\" data-id=\"b49bbc6\" data-element_type=\"column\" data-e-type=\"column\">\n\t\t\t<div class=\"elementor-widget-wrap elementor-element-populated\">\n\t\t\t\t\t\t<div class=\"elementor-element elementor-element-e217561 elementor-widget elementor-widget-image\" data-id=\"e217561\" data-element_type=\"widget\" data-e-type=\"widget\" data-widget_type=\"image.default\">\n\t\t\t\t<div class=\"elementor-widget-container\">\n\t\t\t\t\t\t\t\t\t\t\t\t\t\t\t<img loading=\"lazy\" decoding=\"async\" width=\"582\" height=\"505\" src=\"https:\/\/genymed.com\/web\/wp-content\/uploads\/2025\/06\/4.jpg\" class=\"attachment-large size-large wp-image-1389\" alt=\"\" srcset=\"https:\/\/genymed.com\/web\/wp-content\/uploads\/2025\/06\/4.jpg 582w, https:\/\/genymed.com\/web\/wp-content\/uploads\/2025\/06\/4-300x260.jpg 300w\" sizes=\"(max-width: 582px) 100vw, 582px\" \/>\t\t\t\t\t\t\t\t\t\t\t\t\t\t\t<\/div>\n\t\t\t\t<\/div>\n\t\t\t\t\t<\/div>\n\t\t<\/div>\n\t\t\t\t\t<\/div>\n\t\t<\/section>\n\t\t\t\t<section class=\"elementor-section elementor-inner-section elementor-element elementor-element-dc7520d elementor-section-boxed elementor-section-height-default elementor-section-height-default\" data-id=\"dc7520d\" data-element_type=\"section\" data-e-type=\"section\">\n\t\t\t\t\t\t<div class=\"elementor-container elementor-column-gap-default\">\n\t\t\t\t\t<div class=\"elementor-column elementor-col-100 elementor-inner-column elementor-element elementor-element-767f7ac\" data-id=\"767f7ac\" data-element_type=\"column\" data-e-type=\"column\">\n\t\t\t<div class=\"elementor-widget-wrap elementor-element-populated\">\n\t\t\t\t\t\t<div class=\"elementor-element elementor-element-9157d19 elementor-widget elementor-widget-text-editor\" data-id=\"9157d19\" data-element_type=\"widget\" data-e-type=\"widget\" data-widget_type=\"text-editor.default\">\n\t\t\t\t<div class=\"elementor-widget-container\">\n\t\t\t\t\t\t\t\t\t<p>Otro a\u00f1o m\u00e1s en el que con mucho esfuerzo logramos estar presentes en el Congreso de la Sociedad Europea de Reproducci\u00f3n Humana y Embriolog\u00eda en el mes de Junio de 2024, incorporando toda la informaci\u00f3n necesaria para seguir creciendo como Instituci\u00f3n.<\/p>\t\t\t\t\t\t\t\t<\/div>\n\t\t\t\t<\/div>\n\t\t\t\t\t<\/div>\n\t\t<\/div>\n\t\t\t\t\t<\/div>\n\t\t<\/section>\n\t\t\t\t<section class=\"elementor-section elementor-inner-section elementor-element elementor-element-8953cf1 elementor-section-boxed elementor-section-height-default elementor-section-height-default\" data-id=\"8953cf1\" data-element_type=\"section\" data-e-type=\"section\">\n\t\t\t\t\t\t<div class=\"elementor-container elementor-column-gap-default\">\n\t\t\t\t\t<div class=\"elementor-column elementor-col-50 elementor-inner-column elementor-element elementor-element-9ddd6b5\" data-id=\"9ddd6b5\" data-element_type=\"column\" data-e-type=\"column\">\n\t\t\t<div class=\"elementor-widget-wrap elementor-element-populated\">\n\t\t\t\t\t\t<div class=\"elementor-element elementor-element-3b7fc40 elementor-widget elementor-widget-image\" data-id=\"3b7fc40\" data-element_type=\"widget\" data-e-type=\"widget\" data-widget_type=\"image.default\">\n\t\t\t\t<div class=\"elementor-widget-container\">\n\t\t\t\t\t\t\t\t\t\t\t\t\t\t\t<img loading=\"lazy\" decoding=\"async\" width=\"391\" height=\"481\" src=\"https:\/\/genymed.com\/web\/wp-content\/uploads\/2025\/06\/5.jpg\" class=\"attachment-large size-large wp-image-1390\" alt=\"\" srcset=\"https:\/\/genymed.com\/web\/wp-content\/uploads\/2025\/06\/5.jpg 391w, https:\/\/genymed.com\/web\/wp-content\/uploads\/2025\/06\/5-244x300.jpg 244w\" sizes=\"(max-width: 391px) 100vw, 391px\" \/>\t\t\t\t\t\t\t\t\t\t\t\t\t\t\t<\/div>\n\t\t\t\t<\/div>\n\t\t\t\t\t<\/div>\n\t\t<\/div>\n\t\t\t\t<div class=\"elementor-column elementor-col-50 elementor-inner-column elementor-element elementor-element-23cb139\" data-id=\"23cb139\" data-element_type=\"column\" data-e-type=\"column\">\n\t\t\t<div class=\"elementor-widget-wrap elementor-element-populated\">\n\t\t\t\t\t\t<div class=\"elementor-element elementor-element-f89af0a elementor-widget elementor-widget-text-editor\" data-id=\"f89af0a\" data-element_type=\"widget\" data-e-type=\"widget\" data-widget_type=\"text-editor.default\">\n\t\t\t\t<div class=\"elementor-widget-container\">\n\t\t\t\t\t\t\t\t\t<p>Dra Casalet Lucia, Dr Elena Hernan y la Lic en Biologia Casco Agustina participando en el Congreso Internacional de la Sociedad Argentina de Medicina Reproductiva 2024<\/p>\t\t\t\t\t\t\t\t<\/div>\n\t\t\t\t<\/div>\n\t\t\t\t\t<\/div>\n\t\t<\/div>\n\t\t\t\t\t<\/div>\n\t\t<\/section>\n\t\t\t\t\t<\/div>\n\t\t<\/div>\n\t\t\t\t\t<\/div>\n\t\t<\/section>\n\t\t\t\t<section class=\"elementor-section elementor-top-section elementor-element elementor-element-60896c3 elementor-section-boxed elementor-section-height-default elementor-section-height-default\" data-id=\"60896c3\" data-element_type=\"section\" data-e-type=\"section\">\n\t\t\t\t\t\t<div class=\"elementor-container elementor-column-gap-default\">\n\t\t\t\t\t<div class=\"elementor-column elementor-col-100 elementor-top-column elementor-element elementor-element-d5fbb8d\" data-id=\"d5fbb8d\" data-element_type=\"column\" data-e-type=\"column\">\n\t\t\t<div class=\"elementor-widget-wrap elementor-element-populated\">\n\t\t\t\t\t\t<section class=\"elementor-section elementor-inner-section elementor-element elementor-element-0bb5c00 elementor-section-boxed elementor-section-height-default elementor-section-height-default\" data-id=\"0bb5c00\" data-element_type=\"section\" data-e-type=\"section\">\n\t\t\t\t\t\t<div class=\"elementor-container elementor-column-gap-default\">\n\t\t\t\t\t<div class=\"elementor-column elementor-col-50 elementor-inner-column elementor-element elementor-element-8df184b\" data-id=\"8df184b\" data-element_type=\"column\" data-e-type=\"column\">\n\t\t\t<div class=\"elementor-widget-wrap\">\n\t\t\t\t\t\t\t<\/div>\n\t\t<\/div>\n\t\t\t\t<div class=\"elementor-column elementor-col-50 elementor-inner-column elementor-element elementor-element-a862ef4\" data-id=\"a862ef4\" data-element_type=\"column\" data-e-type=\"column\">\n\t\t\t<div class=\"elementor-widget-wrap\">\n\t\t\t\t\t\t\t<\/div>\n\t\t<\/div>\n\t\t\t\t\t<\/div>\n\t\t<\/section>\n\t\t\t\t\t<\/div>\n\t\t<\/div>\n\t\t\t\t\t<\/div>\n\t\t<\/section>\n\t\t\t\t<\/div>\n\t\t","protected":false},"excerpt":{"rendered":"","protected":false},"author":2,"featured_media":0,"parent":0,"menu_order":0,"comment_status":"closed","ping_status":"closed","template":"","meta":{"footnotes":""},"class_list":["post-1370","page","type-page","status-publish","hentry"],"_links":{"self":[{"href":"https:\/\/genymed.com\/web\/wp-json\/wp\/v2\/pages\/1370","targetHints":{"allow":["GET"]}}],"collection":[{"href":"https:\/\/genymed.com\/web\/wp-json\/wp\/v2\/pages"}],"about":[{"href":"https:\/\/genymed.com\/web\/wp-json\/wp\/v2\/types\/page"}],"author":[{"embeddable":true,"href":"https:\/\/genymed.com\/web\/wp-json\/wp\/v2\/users\/2"}],"replies":[{"embeddable":true,"href":"https:\/\/genymed.com\/web\/wp-json\/wp\/v2\/comments?post=1370"}],"version-history":[{"count":11,"href":"https:\/\/genymed.com\/web\/wp-json\/wp\/v2\/pages\/1370\/revisions"}],"predecessor-version":[{"id":1394,"href":"https:\/\/genymed.com\/web\/wp-json\/wp\/v2\/pages\/1370\/revisions\/1394"}],"wp:attachment":[{"href":"https:\/\/genymed.com\/web\/wp-json\/wp\/v2\/media?parent=1370"}],"curies":[{"name":"wp","href":"https:\/\/api.w.org\/{rel}","templated":true}]}}