{"id":27,"date":"2021-06-25T23:30:54","date_gmt":"2021-06-25T23:30:54","guid":{"rendered":"https:\/\/genymed.com\/web\/?page_id=27"},"modified":"2025-06-04T01:12:31","modified_gmt":"2025-06-04T01:12:31","slug":"quienes-somos","status":"publish","type":"page","link":"https:\/\/genymed.com\/web\/quienes-somos\/","title":{"rendered":"QUIENES SOMOS"},"content":{"rendered":"\t\t<div data-elementor-type=\"wp-page\" data-elementor-id=\"27\" class=\"elementor elementor-27\">\n\t\t\t\t\t\t<section class=\"elementor-section elementor-top-section elementor-element elementor-element-3aab5c2d elementor-section-boxed elementor-section-height-default elementor-section-height-default\" data-id=\"3aab5c2d\" data-element_type=\"section\" data-e-type=\"section\">\n\t\t\t\t\t\t<div class=\"elementor-container elementor-column-gap-default\">\n\t\t\t\t\t<div class=\"elementor-column elementor-col-100 elementor-top-column elementor-element elementor-element-5765ed11\" data-id=\"5765ed11\" data-element_type=\"column\" data-e-type=\"column\">\n\t\t\t<div class=\"elementor-widget-wrap elementor-element-populated\">\n\t\t\t\t\t\t<div class=\"elementor-element elementor-element-d9d8d87 elementor-widget elementor-widget-heading\" data-id=\"d9d8d87\" data-element_type=\"widget\" data-e-type=\"widget\" data-widget_type=\"heading.default\">\n\t\t\t\t<div class=\"elementor-widget-container\">\n\t\t\t\t\t<h3 class=\"elementor-heading-title elementor-size-default\">Quienes somos<\/h3>\t\t\t\t<\/div>\n\t\t\t\t<\/div>\n\t\t\t\t<div class=\"elementor-element elementor-element-31a83609 elementor-widget elementor-widget-text-editor\" data-id=\"31a83609\" data-element_type=\"widget\" data-e-type=\"widget\" data-widget_type=\"text-editor.default\">\n\t\t\t\t<div class=\"elementor-widget-container\">\n\t\t\t\t\t\t\t\t\t<p>En GenyMed, comprendemos profundamente que tu anhelo de formar o ampliar tu familia es una de las decisiones m\u00e1s importantes de tu vida. Por ello, nuestro compromiso fundamental es brindarte una atenci\u00f3n excepcional, poniendo a tu disposici\u00f3n los avances m\u00e1s recientes de la ciencia y el conocimiento m\u00e9dico para acompa\u00f1arte y ayudarte a concretar ese sue\u00f1o tan preciado de tener un hijo.<\/p><p>Creemos firmemente en que no trabajamos con pacientes, sino con personas. Tu bienestar integral, tus emociones y tu comprensi\u00f3n del proceso son nuestra m\u00e1xima prioridad. Por esta raz\u00f3n, nos dedicamos a ofrecer la informaci\u00f3n m\u00e1s completa y detallada posible, resolviendo con paciencia y claridad cada una de las dudas e inquietudes que puedan surgir durante las etapas de diagn\u00f3stico y tratamiento. Somos plenamente conscientes de la complejidad emocional y m\u00e9dica que estos procesos conllevan, y es por eso que caminamos a tu lado, ofreci\u00e9ndote un entorno de confianza y apoyo continuo.<\/p><p>Nuestra cl\u00ednica est\u00e1 equipada con tecnolog\u00eda de \u00faltima generaci\u00f3n, un reflejo de nuestra inquebrantable dedicaci\u00f3n a ofrecer los tratamientos m\u00e1s avanzados, seguros y eficaces disponibles en el campo de la medicina reproductiva. En GenyMed, encontrar\u00e1s una sinergia poderosa entre tecnolog\u00eda de vanguardia, una vasta experiencia profesional y una calidez humana genuina, todo enfocado y dedicado a ayudarte a alcanzar tu deseo de un hijo. <\/p>\t\t\t\t\t\t\t\t<\/div>\n\t\t\t\t<\/div>\n\t\t\t\t\t<\/div>\n\t\t<\/div>\n\t\t\t\t\t<\/div>\n\t\t<\/section>\n\t\t\t\t<section class=\"elementor-section elementor-top-section elementor-element elementor-element-3d209782 elementor-section-boxed elementor-section-height-default elementor-section-height-default\" data-id=\"3d209782\" data-element_type=\"section\" data-e-type=\"section\">\n\t\t\t\t\t\t<div class=\"elementor-container elementor-column-gap-default\">\n\t\t\t\t\t<div class=\"elementor-column elementor-col-100 elementor-top-column elementor-element elementor-element-1e10f185\" data-id=\"1e10f185\" data-element_type=\"column\" data-e-type=\"column\">\n\t\t\t<div class=\"elementor-widget-wrap elementor-element-populated\">\n\t\t\t\t\t\t<div class=\"elementor-element elementor-element-8581853 elementor-widget elementor-widget-heading\" data-id=\"8581853\" data-element_type=\"widget\" data-e-type=\"widget\" data-widget_type=\"heading.default\">\n\t\t\t\t<div class=\"elementor-widget-container\">\n\t\t\t\t\t<h3 class=\"elementor-heading-title elementor-size-default\">Un mensaje de nuestro director m\u00e9dico, Dr. Edgardo Andreatta:<\/h3>\t\t\t\t<\/div>\n\t\t\t\t<\/div>\n\t\t\t\t<div class=\"elementor-element elementor-element-a7250b5 elementor-widget elementor-widget-text-editor\" data-id=\"a7250b5\" data-element_type=\"widget\" data-e-type=\"widget\" data-widget_type=\"text-editor.default\">\n\t\t\t\t<div class=\"elementor-widget-container\">\n\t\t\t\t\t\t\t\t\t<p>\u00abMi trayectoria en el campo de la Reproducci\u00f3n Humana comenz\u00f3 en el a\u00f1o 1989. Dentro de mi actividad profesional, puedo destacar con orgullo mi participaci\u00f3n activa en la formaci\u00f3n del primer grupo de trabajo especializado en esta \u00e1rea en la ciudad. He tenido el honor de ser parte de la Comisi\u00f3n Directiva de SAMER (Sociedad Argentina de Medicina Reproductiva), de presidir AACERA (Asociaci\u00f3n Argentina de Centros de Reproducci\u00f3n Asistida), y de participar como Co-Redactor de las Directrices para la Habilitaci\u00f3n de Centros de Reproducci\u00f3n Humana del Ministerio de Salud de la Naci\u00f3n. <br \/>En 2020, inici\u00e9 este proyecto, GenyMed, que a la fecha ha contribuido al nacimiento de 130 beb\u00e9s y acompa\u00f1a 65 embarazos en curso. <br \/>Dr. Edgardo Andreatta<br \/>Abril de 2025&#8243; <\/p>\t\t\t\t\t\t\t\t<\/div>\n\t\t\t\t<\/div>\n\t\t\t\t\t<\/div>\n\t\t<\/div>\n\t\t\t\t\t<\/div>\n\t\t<\/section>\n\t\t\t\t<\/div>\n\t\t","protected":false},"excerpt":{"rendered":"<p>Quienes somos En GenyMed, comprendemos profundamente que tu anhelo de formar o ampliar tu familia es una de las decisiones m\u00e1s importantes de tu vida. Por ello, nuestro compromiso fundamental es brindarte una atenci\u00f3n excepcional, poniendo a tu disposici\u00f3n los avances m\u00e1s recientes de la ciencia y el conocimiento m\u00e9dico para acompa\u00f1arte y ayudarte a &hellip;<\/p>\n<p class=\"read-more\"> <a class=\"\" href=\"https:\/\/genymed.com\/web\/quienes-somos\/\"> <span class=\"screen-reader-text\">QUIENES SOMOS<\/span> Leer m\u00e1s &raquo;<\/a><\/p>\n","protected":false},"author":2,"featured_media":0,"parent":0,"menu_order":0,"comment_status":"closed","ping_status":"closed","template":"","meta":{"footnotes":""},"class_list":["post-27","page","type-page","status-publish","hentry"],"_links":{"self":[{"href":"https:\/\/genymed.com\/web\/wp-json\/wp\/v2\/pages\/27","targetHints":{"allow":["GET"]}}],"collection":[{"href":"https:\/\/genymed.com\/web\/wp-json\/wp\/v2\/pages"}],"about":[{"href":"https:\/\/genymed.com\/web\/wp-json\/wp\/v2\/types\/page"}],"author":[{"embeddable":true,"href":"https:\/\/genymed.com\/web\/wp-json\/wp\/v2\/users\/2"}],"replies":[{"embeddable":true,"href":"https:\/\/genymed.com\/web\/wp-json\/wp\/v2\/comments?post=27"}],"version-history":[{"count":11,"href":"https:\/\/genymed.com\/web\/wp-json\/wp\/v2\/pages\/27\/revisions"}],"predecessor-version":[{"id":1264,"href":"https:\/\/genymed.com\/web\/wp-json\/wp\/v2\/pages\/27\/revisions\/1264"}],"wp:attachment":[{"href":"https:\/\/genymed.com\/web\/wp-json\/wp\/v2\/media?parent=27"}],"curies":[{"name":"wp","href":"https:\/\/api.w.org\/{rel}","templated":true}]}}