{"id":370,"date":"2025-05-22T23:03:23","date_gmt":"2025-05-22T23:03:23","guid":{"rendered":"https:\/\/genymed.com\/web\/?page_id=370"},"modified":"2025-06-09T01:18:48","modified_gmt":"2025-06-09T01:18:48","slug":"nuestros-laboratorios","status":"publish","type":"page","link":"https:\/\/genymed.com\/web\/nuestros-laboratorios\/","title":{"rendered":"NUESTROS LABORATORIOS:"},"content":{"rendered":"\t\t<div data-elementor-type=\"wp-page\" data-elementor-id=\"370\" class=\"elementor elementor-370\">\n\t\t\t\t\t\t<section class=\"elementor-section elementor-top-section elementor-element elementor-element-97f59c2 elementor-section-height-min-height elementor-section-full_width elementor-section-height-default elementor-section-items-middle\" data-id=\"97f59c2\" data-element_type=\"section\" data-e-type=\"section\" data-settings=\"{&quot;background_background&quot;:&quot;slideshow&quot;,&quot;background_slideshow_gallery&quot;:[{&quot;id&quot;:1343,&quot;url&quot;:&quot;https:\\\/\\\/genymed.com\\\/web\\\/wp-content\\\/uploads\\\/2025\\\/06\\\/slider-lab.jpg&quot;},{&quot;id&quot;:1397,&quot;url&quot;:&quot;https:\\\/\\\/genymed.com\\\/web\\\/wp-content\\\/uploads\\\/2025\\\/06\\\/slidewr_labooratorio1.jpg&quot;}],&quot;background_slideshow_loop&quot;:&quot;yes&quot;,&quot;background_slideshow_slide_duration&quot;:5000,&quot;background_slideshow_slide_transition&quot;:&quot;fade&quot;,&quot;background_slideshow_transition_duration&quot;:500}\">\n\t\t\t\t\t\t<div class=\"elementor-container elementor-column-gap-default\">\n\t\t\t\t\t<div class=\"elementor-column elementor-col-100 elementor-top-column elementor-element elementor-element-f836ea9 animated-slow elementor-invisible\" data-id=\"f836ea9\" data-element_type=\"column\" data-e-type=\"column\" data-settings=\"{&quot;animation&quot;:&quot;bounceInDown&quot;,&quot;animation_delay&quot;:200}\">\n\t\t\t<div class=\"elementor-widget-wrap\">\n\t\t\t\t\t\t\t<\/div>\n\t\t<\/div>\n\t\t\t\t\t<\/div>\n\t\t<\/section>\n\t\t\t\t<section class=\"elementor-section elementor-top-section elementor-element elementor-element-7d3dddc0 elementor-section-boxed elementor-section-height-default elementor-section-height-default\" data-id=\"7d3dddc0\" data-element_type=\"section\" data-e-type=\"section\">\n\t\t\t\t\t\t<div class=\"elementor-container elementor-column-gap-default\">\n\t\t\t\t\t<div class=\"elementor-column elementor-col-100 elementor-top-column elementor-element elementor-element-5a8b5e7f\" data-id=\"5a8b5e7f\" data-element_type=\"column\" data-e-type=\"column\">\n\t\t\t<div class=\"elementor-widget-wrap elementor-element-populated\">\n\t\t\t\t\t\t<div class=\"elementor-element elementor-element-45031dff elementor-widget elementor-widget-heading\" data-id=\"45031dff\" data-element_type=\"widget\" data-e-type=\"widget\" data-widget_type=\"heading.default\">\n\t\t\t\t<div class=\"elementor-widget-container\">\n\t\t\t\t\t<h2 class=\"elementor-heading-title elementor-size-default\">ANALISIS CL\u00cdNICOS<\/h2>\t\t\t\t<\/div>\n\t\t\t\t<\/div>\n\t\t\t\t<div class=\"elementor-element elementor-element-4233c8fa elementor-widget elementor-widget-text-editor\" data-id=\"4233c8fa\" data-element_type=\"widget\" data-e-type=\"widget\" data-widget_type=\"text-editor.default\">\n\t\t\t\t<div class=\"elementor-widget-container\">\n\t\t\t\t\t\t\t\t\t<p>Contamos con laboratorio de an\u00e1lisis cl\u00ednicos, en Alvarado 2668, a cargo del dr. Angulo L\u00f3pez donde podr\u00e1s hacer todos los an\u00e1lisis bioqu\u00edmicos que forman parte de los estudios y seguimiento en los tratamientos que realizamos. <br \/><br \/><\/p>\t\t\t\t\t\t\t\t<\/div>\n\t\t\t\t<\/div>\n\t\t\t\t\t<\/div>\n\t\t<\/div>\n\t\t\t\t\t<\/div>\n\t\t<\/section>\n\t\t\t\t<section class=\"elementor-section elementor-top-section elementor-element elementor-element-164b5ad elementor-section-boxed elementor-section-height-default elementor-section-height-default\" data-id=\"164b5ad\" data-element_type=\"section\" data-e-type=\"section\">\n\t\t\t\t\t\t<div class=\"elementor-container elementor-column-gap-default\">\n\t\t\t\t\t<div class=\"elementor-column elementor-col-100 elementor-top-column elementor-element elementor-element-125de3a\" data-id=\"125de3a\" data-element_type=\"column\" data-e-type=\"column\">\n\t\t\t<div class=\"elementor-widget-wrap elementor-element-populated\">\n\t\t\t\t\t\t<div class=\"elementor-element elementor-element-e8e6b7d elementor-widget elementor-widget-heading\" data-id=\"e8e6b7d\" data-element_type=\"widget\" data-e-type=\"widget\" data-widget_type=\"heading.default\">\n\t\t\t\t<div class=\"elementor-widget-container\">\n\t\t\t\t\t<h2 class=\"elementor-heading-title elementor-size-default\">LABORATORIO DE ALTA COMPLEJIDAD<\/h2>\t\t\t\t<\/div>\n\t\t\t\t<\/div>\n\t\t\t\t<div class=\"elementor-element elementor-element-b1ca929 elementor-widget elementor-widget-text-editor\" data-id=\"b1ca929\" data-element_type=\"widget\" data-e-type=\"widget\" data-widget_type=\"text-editor.default\">\n\t\t\t\t<div class=\"elementor-widget-container\">\n\t\t\t\t\t\t\t\t\t<p>Situado en el 2\u00aa piso de nuestra cl\u00ednica, tiene 3 \u00e1reas bien delimitadas, laboratorio de androlog\u00eda, laboratorio de fertilizaci\u00f3n in vitro: es el \u00e1rea donde seleccionamos los ovulos, se ponen a fertilizar y una vez logrados los embriones, son preparados para ser transferidos.\u00a0<\/p><p>Si esta indica biopsiarlos, se hace en el mismo lugar la biopsia con l\u00e1ser y el laboratorio de criopreservaci\u00f3n, destinado a preparar el material para ser congelado y posteriormente criopreservado (vitrificado). Puede ser semen, \u00f3vulos, tejido ov\u00e1rico y testicular.<\/p>\t\t\t\t\t\t\t\t<\/div>\n\t\t\t\t<\/div>\n\t\t\t\t\t<\/div>\n\t\t<\/div>\n\t\t\t\t\t<\/div>\n\t\t<\/section>\n\t\t\t\t<section class=\"elementor-section elementor-top-section elementor-element elementor-element-1119322 elementor-section-boxed elementor-section-height-default elementor-section-height-default\" data-id=\"1119322\" data-element_type=\"section\" data-e-type=\"section\">\n\t\t\t\t\t\t<div class=\"elementor-container elementor-column-gap-default\">\n\t\t\t\t\t<div class=\"elementor-column elementor-col-100 elementor-top-column elementor-element elementor-element-0b1b715\" data-id=\"0b1b715\" data-element_type=\"column\" data-e-type=\"column\">\n\t\t\t<div class=\"elementor-widget-wrap elementor-element-populated\">\n\t\t\t\t\t\t<div class=\"elementor-element elementor-element-3b06ce4 elementor-widget elementor-widget-heading\" data-id=\"3b06ce4\" data-element_type=\"widget\" data-e-type=\"widget\" data-widget_type=\"heading.default\">\n\t\t\t\t<div class=\"elementor-widget-container\">\n\t\t\t\t\t<h2 class=\"elementor-heading-title elementor-size-default\">LABORATORIO ANDROLOG\u00cdA <\/h2>\t\t\t\t<\/div>\n\t\t\t\t<\/div>\n\t\t\t\t<div class=\"elementor-element elementor-element-9172794 elementor-widget elementor-widget-text-editor\" data-id=\"9172794\" data-element_type=\"widget\" data-e-type=\"widget\" data-widget_type=\"text-editor.default\">\n\t\t\t\t<div class=\"elementor-widget-container\">\n\t\t\t\t\t\t\t\t\t<p>Es donde procesamos las muestras de semen, tanto para diagnostico y\/o para tratamiento, tambi\u00e9n ubicado en 2\u00aa piso, contamos con un procesador ia que nos da informes en 15`y tambi\u00e9n poder realizar el estudio de la fragmentaci\u00f3n del adn (test de tunel).<\/p><p><strong>Laboratorio de androlog\u00eda dedicado<\/strong>:<br \/>Ubicado tambi\u00e9n en el segundo piso, en este laboratorio procesamos las muestras de semen tanto para fines diagn\u00f3sticos como para su utilizaci\u00f3n en tratamientos.\u00a0 Contamos con un avanzado procesador con Inteligencia Artificial (IA) que nos permite obtener informes detallados en tan solo 15 minutos.\u00a0 Adem\u00e1s, aqu\u00ed realizamos estudios cruciales como el de fragmentaci\u00f3n del ADN esperm\u00e1tico (Test de T\u00fanel).<\/p><p><b>Laboratorio de fertilizaci\u00f3n in vitro (FIV): <\/b>Es el coraz\u00f3n de nuestros tratamientos avanzados. Aqu\u00ed es donde seleccionamos los \u00f3vulos con la mayor precisi\u00f3n, se ponen a fertilizar y, una vez logrados los embriones, son cuidadosamente preparados para su transferencia.\u00a0 Si est\u00e1 indicado realizar una biopsia embrionaria (PGT), este procedimiento se realiza en el mismo lugar utilizando tecnolog\u00eda l\u00e1ser de vanguardia.<\/p>\t\t\t\t\t\t\t\t<\/div>\n\t\t\t\t<\/div>\n\t\t\t\t\t<\/div>\n\t\t<\/div>\n\t\t\t\t\t<\/div>\n\t\t<\/section>\n\t\t\t\t<section class=\"elementor-section elementor-top-section elementor-element elementor-element-3d43315b elementor-section-boxed elementor-section-height-default elementor-section-height-default\" data-id=\"3d43315b\" data-element_type=\"section\" data-e-type=\"section\">\n\t\t\t\t\t\t<div class=\"elementor-container elementor-column-gap-default\">\n\t\t\t\t\t<div class=\"elementor-column elementor-col-100 elementor-top-column elementor-element elementor-element-dfe4d8b\" data-id=\"dfe4d8b\" data-element_type=\"column\" data-e-type=\"column\">\n\t\t\t<div class=\"elementor-widget-wrap\">\n\t\t\t\t\t\t\t<\/div>\n\t\t<\/div>\n\t\t\t\t\t<\/div>\n\t\t<\/section>\n\t\t\t\t<section class=\"elementor-section elementor-top-section elementor-element elementor-element-0969000 elementor-section-boxed elementor-section-height-default elementor-section-height-default\" data-id=\"0969000\" data-element_type=\"section\" data-e-type=\"section\">\n\t\t\t\t\t\t<div class=\"elementor-container elementor-column-gap-default\">\n\t\t\t\t\t<div class=\"elementor-column elementor-col-100 elementor-top-column elementor-element elementor-element-6f366f5\" data-id=\"6f366f5\" data-element_type=\"column\" data-e-type=\"column\">\n\t\t\t<div class=\"elementor-widget-wrap elementor-element-populated\">\n\t\t\t\t\t\t<div class=\"elementor-element elementor-element-5a3c987 elementor-widget elementor-widget-heading\" data-id=\"5a3c987\" data-element_type=\"widget\" data-e-type=\"widget\" data-widget_type=\"heading.default\">\n\t\t\t\t<div class=\"elementor-widget-container\">\n\t\t\t\t\t<h2 class=\"elementor-heading-title elementor-size-default\">Laboratorio de Criopreservaci\u00f3n: <\/h2>\t\t\t\t<\/div>\n\t\t\t\t<\/div>\n\t\t\t\t<div class=\"elementor-element elementor-element-22ed6a2 elementor-widget elementor-widget-text-editor\" data-id=\"22ed6a2\" data-element_type=\"widget\" data-e-type=\"widget\" data-widget_type=\"text-editor.default\">\n\t\t\t\t<div class=\"elementor-widget-container\">\n\t\t\t\t\t\t\t\t\t<p>Destinado a la preparaci\u00f3n experta del material biol\u00f3gico (semen, \u00f3vulos, tejido ov\u00e1rico y testicular) para ser congelado mediante vitrificaci\u00f3n, asegurando su viabilidad para uso futuro.<\/p>\t\t\t\t\t\t\t\t<\/div>\n\t\t\t\t<\/div>\n\t\t\t\t\t<\/div>\n\t\t<\/div>\n\t\t\t\t\t<\/div>\n\t\t<\/section>\n\t\t\t\t<section class=\"elementor-section elementor-top-section elementor-element elementor-element-a6d6141 elementor-section-boxed elementor-section-height-default elementor-section-height-default\" data-id=\"a6d6141\" data-element_type=\"section\" data-e-type=\"section\">\n\t\t\t\t\t\t<div class=\"elementor-container elementor-column-gap-default\">\n\t\t\t\t\t<div class=\"elementor-column elementor-col-100 elementor-top-column elementor-element elementor-element-d5ff942\" data-id=\"d5ff942\" data-element_type=\"column\" data-e-type=\"column\">\n\t\t\t<div class=\"elementor-widget-wrap elementor-element-populated\">\n\t\t\t\t\t\t<div class=\"elementor-element elementor-element-d356ed4 elementor-widget elementor-widget-heading\" data-id=\"d356ed4\" data-element_type=\"widget\" data-e-type=\"widget\" data-widget_type=\"heading.default\">\n\t\t\t\t<div class=\"elementor-widget-container\">\n\t\t\t\t\t<h2 class=\"elementor-heading-title elementor-size-default\">SQA-IO An\u00e1lisis de Semen Automatizado:<\/h2>\t\t\t\t<\/div>\n\t\t\t\t<\/div>\n\t\t\t\t<div class=\"elementor-element elementor-element-e5c033c elementor-widget elementor-widget-text-editor\" data-id=\"e5c033c\" data-element_type=\"widget\" data-e-type=\"widget\" data-widget_type=\"text-editor.default\">\n\t\t\t\t<div class=\"elementor-widget-container\">\n\t\t\t\t\t\t\t\t\t<p>Incorporamos la tecnolog\u00eda SQA-IO para un an\u00e1lisis de semen automatizado, r\u00e1pido y preciso, fundamental en el estudio de la fertilidad masculina.<\/p>\t\t\t\t\t\t\t\t<\/div>\n\t\t\t\t<\/div>\n\t\t\t\t\t<\/div>\n\t\t<\/div>\n\t\t\t\t\t<\/div>\n\t\t<\/section>\n\t\t\t\t<\/div>\n\t\t","protected":false},"excerpt":{"rendered":"<p>ANALISIS CL\u00cdNICOS Contamos con laboratorio de an\u00e1lisis cl\u00ednicos, en Alvarado 2668, a cargo del dr. Angulo L\u00f3pez donde podr\u00e1s hacer todos los an\u00e1lisis bioqu\u00edmicos que forman parte de los estudios y seguimiento en los tratamientos que realizamos. LABORATORIO DE ALTA COMPLEJIDAD Situado en el 2\u00aa piso de nuestra cl\u00ednica, tiene 3 \u00e1reas bien delimitadas, laboratorio &hellip;<\/p>\n<p class=\"read-more\"> <a class=\"\" href=\"https:\/\/genymed.com\/web\/nuestros-laboratorios\/\"> <span class=\"screen-reader-text\">NUESTROS LABORATORIOS:<\/span> Leer m\u00e1s &raquo;<\/a><\/p>\n","protected":false},"author":2,"featured_media":0,"parent":0,"menu_order":0,"comment_status":"closed","ping_status":"closed","template":"","meta":{"footnotes":""},"class_list":["post-370","page","type-page","status-publish","hentry"],"_links":{"self":[{"href":"https:\/\/genymed.com\/web\/wp-json\/wp\/v2\/pages\/370","targetHints":{"allow":["GET"]}}],"collection":[{"href":"https:\/\/genymed.com\/web\/wp-json\/wp\/v2\/pages"}],"about":[{"href":"https:\/\/genymed.com\/web\/wp-json\/wp\/v2\/types\/page"}],"author":[{"embeddable":true,"href":"https:\/\/genymed.com\/web\/wp-json\/wp\/v2\/users\/2"}],"replies":[{"embeddable":true,"href":"https:\/\/genymed.com\/web\/wp-json\/wp\/v2\/comments?post=370"}],"version-history":[{"count":70,"href":"https:\/\/genymed.com\/web\/wp-json\/wp\/v2\/pages\/370\/revisions"}],"predecessor-version":[{"id":1400,"href":"https:\/\/genymed.com\/web\/wp-json\/wp\/v2\/pages\/370\/revisions\/1400"}],"wp:attachment":[{"href":"https:\/\/genymed.com\/web\/wp-json\/wp\/v2\/media?parent=370"}],"curies":[{"name":"wp","href":"https:\/\/api.w.org\/{rel}","templated":true}]}}