{"id":492,"date":"2025-05-23T16:30:55","date_gmt":"2025-05-23T16:30:55","guid":{"rendered":"https:\/\/genymed.com\/web\/?page_id=492"},"modified":"2025-06-09T21:32:43","modified_gmt":"2025-06-09T21:32:43","slug":"induccion-de-la-ovulacion-inseminacion-fiv-icsi","status":"publish","type":"page","link":"https:\/\/genymed.com\/web\/induccion-de-la-ovulacion-inseminacion-fiv-icsi\/","title":{"rendered":"INDUCCI\u00d3N DE LA OVULACI\u00d3N\/ INSEMINACION\/ FIV\/ ICSI"},"content":{"rendered":"\t\t<div data-elementor-type=\"wp-page\" data-elementor-id=\"492\" class=\"elementor elementor-492\">\n\t\t\t\t\t\t<section class=\"elementor-section elementor-top-section elementor-element elementor-element-4861495d elementor-section-height-min-height elementor-section-full_width elementor-section-height-default elementor-section-items-middle\" data-id=\"4861495d\" data-element_type=\"section\" data-e-type=\"section\" data-settings=\"{&quot;background_background&quot;:&quot;slideshow&quot;,&quot;background_slideshow_gallery&quot;:[{&quot;id&quot;:1249,&quot;url&quot;:&quot;https:\\\/\\\/genymed.com\\\/web\\\/wp-content\\\/uploads\\\/2025\\\/06\\\/slider_fiv.jpg&quot;},{&quot;id&quot;:865,&quot;url&quot;:&quot;https:\\\/\\\/genymed.com\\\/web\\\/wp-content\\\/uploads\\\/2025\\\/05\\\/slider_induccion2.jpg&quot;}],&quot;background_slideshow_loop&quot;:&quot;yes&quot;,&quot;background_slideshow_slide_duration&quot;:5000,&quot;background_slideshow_slide_transition&quot;:&quot;fade&quot;,&quot;background_slideshow_transition_duration&quot;:500}\">\n\t\t\t\t\t\t<div class=\"elementor-container elementor-column-gap-default\">\n\t\t\t\t\t<div class=\"elementor-column elementor-col-100 elementor-top-column elementor-element elementor-element-b7f25b4\" data-id=\"b7f25b4\" data-element_type=\"column\" data-e-type=\"column\">\n\t\t\t<div class=\"elementor-widget-wrap elementor-element-populated\">\n\t\t\t\t\t\t<div class=\"elementor-element elementor-element-1a80ff25 elementor-widget elementor-widget-spacer\" data-id=\"1a80ff25\" data-element_type=\"widget\" data-e-type=\"widget\" data-widget_type=\"spacer.default\">\n\t\t\t\t<div class=\"elementor-widget-container\">\n\t\t\t\t\t\t\t<div class=\"elementor-spacer\">\n\t\t\t<div class=\"elementor-spacer-inner\"><\/div>\n\t\t<\/div>\n\t\t\t\t\t\t<\/div>\n\t\t\t\t<\/div>\n\t\t\t\t<div class=\"elementor-element elementor-element-649da69d animated-slow elementor-widget elementor-widget-text-editor\" data-id=\"649da69d\" data-element_type=\"widget\" data-e-type=\"widget\" data-settings=\"{&quot;_animation&quot;:&quot;none&quot;,&quot;_animation_delay&quot;:100}\" data-widget_type=\"text-editor.default\">\n\t\t\t\t<div class=\"elementor-widget-container\">\n\t\t\t\t\t\t\t\t\t<p>Tecnolog\u00eda avanzada para tu fertilidad<\/p>\t\t\t\t\t\t\t\t<\/div>\n\t\t\t\t<\/div>\n\t\t\t\t<div class=\"elementor-element elementor-element-3898e2b5 animated-slow elementor-widget elementor-widget-text-editor\" data-id=\"3898e2b5\" data-element_type=\"widget\" data-e-type=\"widget\" data-settings=\"{&quot;_animation&quot;:&quot;none&quot;,&quot;_animation_delay&quot;:100}\" data-widget_type=\"text-editor.default\">\n\t\t\t\t<div class=\"elementor-widget-container\">\n\t\t\t\t\t\t\t\t\t<p>El conocimiento y la experiencia que necesitas.<\/p>\t\t\t\t\t\t\t\t<\/div>\n\t\t\t\t<\/div>\n\t\t\t\t\t<\/div>\n\t\t<\/div>\n\t\t\t\t\t<\/div>\n\t\t<\/section>\n\t\t\t\t<section class=\"elementor-section elementor-top-section elementor-element elementor-element-5eb75026 elementor-section-boxed elementor-section-height-default elementor-section-height-default\" data-id=\"5eb75026\" data-element_type=\"section\" data-e-type=\"section\">\n\t\t\t\t\t\t<div class=\"elementor-container elementor-column-gap-default\">\n\t\t\t\t\t<div class=\"elementor-column elementor-col-100 elementor-top-column elementor-element elementor-element-42a14b60\" data-id=\"42a14b60\" data-element_type=\"column\" data-e-type=\"column\">\n\t\t\t<div class=\"elementor-widget-wrap elementor-element-populated\">\n\t\t\t\t\t\t<div class=\"elementor-element elementor-element-3b651ea7 elementor-widget elementor-widget-heading\" data-id=\"3b651ea7\" data-element_type=\"widget\" data-e-type=\"widget\" data-widget_type=\"heading.default\">\n\t\t\t\t<div class=\"elementor-widget-container\">\n\t\t\t\t\t<h2 class=\"elementor-heading-title elementor-size-default\">FIV \/ ICSI (Fecundaci\u00f3n In Vitro \/ inyecci\u00f3n intracitoplasm\u00e1tica de espermatozoides):<\/h2>\t\t\t\t<\/div>\n\t\t\t\t<\/div>\n\t\t\t\t<div class=\"elementor-element elementor-element-3ba4b291 elementor-widget elementor-widget-text-editor\" data-id=\"3ba4b291\" data-element_type=\"widget\" data-e-type=\"widget\" data-widget_type=\"text-editor.default\">\n\t\t\t\t<div class=\"elementor-widget-container\">\n\t\t\t\t\t\t\t\t\t<p>La FIV es un tratamiento de alta complejidad que comienza con una inducci\u00f3n de la ovulaci\u00f3n, con medicaci\u00f3n subcut\u00e1nea diaria durante aproximadamente 8 a 10 d\u00edas. Una vez que los fol\u00edculos (que contienen los \u00f3vulos) alcanzan la maduraci\u00f3n adecuada, se extraen los \u00f3vulos mediante una punci\u00f3n folicular. <br \/>Estos \u00f3vulos se fecundan en el laboratorio con la muestra de semen para generar embriones, los cuales, tras un per\u00edodo de cultivo, podr\u00e1n ser transferidos al \u00fatero materno, generalmente de uno en uno. En el caso del ICSI, se selecciona un espermatozoide y se microinyecta directamente dentro del \u00f3vulo, una t\u00e9cnica especialmente \u00fatil en casos de factor masculino severo o fallos de fecundaci\u00f3n previos.<\/p>\t\t\t\t\t\t\t\t<\/div>\n\t\t\t\t<\/div>\n\t\t\t\t\t<\/div>\n\t\t<\/div>\n\t\t\t\t\t<\/div>\n\t\t<\/section>\n\t\t\t\t<section class=\"elementor-section elementor-top-section elementor-element elementor-element-29bd5cdc elementor-section-boxed elementor-section-height-default elementor-section-height-default\" data-id=\"29bd5cdc\" data-element_type=\"section\" data-e-type=\"section\">\n\t\t\t\t\t\t<div class=\"elementor-container elementor-column-gap-default\">\n\t\t\t\t\t<div class=\"elementor-column elementor-col-100 elementor-top-column elementor-element elementor-element-3ec27d6b\" data-id=\"3ec27d6b\" data-element_type=\"column\" data-e-type=\"column\">\n\t\t\t<div class=\"elementor-widget-wrap\">\n\t\t\t\t\t\t\t<\/div>\n\t\t<\/div>\n\t\t\t\t\t<\/div>\n\t\t<\/section>\n\t\t\t\t<\/div>\n\t\t","protected":false},"excerpt":{"rendered":"<p>Tecnolog\u00eda avanzada para tu fertilidad El conocimiento y la experiencia que necesitas. FIV \/ ICSI (Fecundaci\u00f3n In Vitro \/ inyecci\u00f3n intracitoplasm\u00e1tica de espermatozoides): La FIV es un tratamiento de alta complejidad que comienza con una inducci\u00f3n de la ovulaci\u00f3n, con medicaci\u00f3n subcut\u00e1nea diaria durante aproximadamente 8 a 10 d\u00edas. Una vez que los fol\u00edculos (que &hellip;<\/p>\n<p class=\"read-more\"> <a class=\"\" href=\"https:\/\/genymed.com\/web\/induccion-de-la-ovulacion-inseminacion-fiv-icsi\/\"> <span class=\"screen-reader-text\">INDUCCI\u00d3N DE LA OVULACI\u00d3N\/ INSEMINACION\/ FIV\/ ICSI<\/span> Leer m\u00e1s &raquo;<\/a><\/p>\n","protected":false},"author":2,"featured_media":0,"parent":0,"menu_order":0,"comment_status":"closed","ping_status":"closed","template":"","meta":{"footnotes":""},"class_list":["post-492","page","type-page","status-publish","hentry"],"_links":{"self":[{"href":"https:\/\/genymed.com\/web\/wp-json\/wp\/v2\/pages\/492","targetHints":{"allow":["GET"]}}],"collection":[{"href":"https:\/\/genymed.com\/web\/wp-json\/wp\/v2\/pages"}],"about":[{"href":"https:\/\/genymed.com\/web\/wp-json\/wp\/v2\/types\/page"}],"author":[{"embeddable":true,"href":"https:\/\/genymed.com\/web\/wp-json\/wp\/v2\/users\/2"}],"replies":[{"embeddable":true,"href":"https:\/\/genymed.com\/web\/wp-json\/wp\/v2\/comments?post=492"}],"version-history":[{"count":25,"href":"https:\/\/genymed.com\/web\/wp-json\/wp\/v2\/pages\/492\/revisions"}],"predecessor-version":[{"id":1487,"href":"https:\/\/genymed.com\/web\/wp-json\/wp\/v2\/pages\/492\/revisions\/1487"}],"wp:attachment":[{"href":"https:\/\/genymed.com\/web\/wp-json\/wp\/v2\/media?parent=492"}],"curies":[{"name":"wp","href":"https:\/\/api.w.org\/{rel}","templated":true}]}}