{"id":507,"date":"2025-05-23T16:39:00","date_gmt":"2025-05-23T16:39:00","guid":{"rendered":"https:\/\/genymed.com\/web\/?page_id=507"},"modified":"2025-06-09T21:34:33","modified_gmt":"2025-06-09T21:34:33","slug":"preservacion-fertilidad-femenina-y-masculina","status":"publish","type":"page","link":"https:\/\/genymed.com\/web\/preservacion-fertilidad-femenina-y-masculina\/","title":{"rendered":"PRESERVACI\u00d3N FERTILIDAD &#8211; FEMENINA Y MASCULINA"},"content":{"rendered":"\t\t<div data-elementor-type=\"wp-page\" data-elementor-id=\"507\" class=\"elementor elementor-507\">\n\t\t\t\t\t\t<section class=\"elementor-section elementor-top-section elementor-element elementor-element-6a0c6d0a elementor-section-height-min-height elementor-section-full_width elementor-section-height-default elementor-section-items-middle\" data-id=\"6a0c6d0a\" data-element_type=\"section\" data-e-type=\"section\" data-settings=\"{&quot;background_background&quot;:&quot;classic&quot;}\">\n\t\t\t\t\t\t<div class=\"elementor-container elementor-column-gap-default\">\n\t\t\t\t\t<div class=\"elementor-column elementor-col-100 elementor-top-column elementor-element elementor-element-54182fe1 animated-slow\" data-id=\"54182fe1\" data-element_type=\"column\" data-e-type=\"column\" data-settings=\"{&quot;animation&quot;:&quot;none&quot;,&quot;animation_delay&quot;:200}\">\n\t\t\t<div class=\"elementor-widget-wrap elementor-element-populated\">\n\t\t\t\t\t\t<div class=\"elementor-element elementor-element-3da82bf1 elementor-widget elementor-widget-spacer\" data-id=\"3da82bf1\" data-element_type=\"widget\" data-e-type=\"widget\" data-widget_type=\"spacer.default\">\n\t\t\t\t<div class=\"elementor-widget-container\">\n\t\t\t\t\t\t\t<div class=\"elementor-spacer\">\n\t\t\t<div class=\"elementor-spacer-inner\"><\/div>\n\t\t<\/div>\n\t\t\t\t\t\t<\/div>\n\t\t\t\t<\/div>\n\t\t\t\t<div class=\"elementor-element elementor-element-3379535b animated-slow elementor-widget elementor-widget-text-editor\" data-id=\"3379535b\" data-element_type=\"widget\" data-e-type=\"widget\" data-settings=\"{&quot;_animation&quot;:&quot;none&quot;,&quot;_animation_delay&quot;:100}\" data-widget_type=\"text-editor.default\">\n\t\t\t\t<div class=\"elementor-widget-container\">\n\t\t\t\t\t\t\t\t\t<p>Preserva hoy<br \/>la posibilidad de tu ma\u00f1ana.<\/p>\t\t\t\t\t\t\t\t<\/div>\n\t\t\t\t<\/div>\n\t\t\t\t<div class=\"elementor-element elementor-element-556ad1b animated-slow elementor-widget elementor-widget-text-editor\" data-id=\"556ad1b\" data-element_type=\"widget\" data-e-type=\"widget\" data-settings=\"{&quot;_animation&quot;:&quot;none&quot;,&quot;_animation_delay&quot;:100}\" data-widget_type=\"text-editor.default\">\n\t\t\t\t<div class=\"elementor-widget-container\">\n\t\t\t\t\t\t\t\t\t<p>Fertilidad, futuro, familia.<\/p>\t\t\t\t\t\t\t\t<\/div>\n\t\t\t\t<\/div>\n\t\t\t\t\t<\/div>\n\t\t<\/div>\n\t\t\t\t\t<\/div>\n\t\t<\/section>\n\t\t\t\t<section class=\"elementor-section elementor-top-section elementor-element elementor-element-3b982344 elementor-section-boxed elementor-section-height-default elementor-section-height-default\" data-id=\"3b982344\" data-element_type=\"section\" data-e-type=\"section\">\n\t\t\t\t\t\t<div class=\"elementor-container elementor-column-gap-default\">\n\t\t\t\t\t<div class=\"elementor-column elementor-col-50 elementor-top-column elementor-element elementor-element-28bb7ab4\" data-id=\"28bb7ab4\" data-element_type=\"column\" data-e-type=\"column\">\n\t\t\t<div class=\"elementor-widget-wrap elementor-element-populated\">\n\t\t\t\t\t\t<div class=\"elementor-element elementor-element-6879285b elementor-widget elementor-widget-heading\" data-id=\"6879285b\" data-element_type=\"widget\" data-e-type=\"widget\" data-widget_type=\"heading.default\">\n\t\t\t\t<div class=\"elementor-widget-container\">\n\t\t\t\t\t<h2 class=\"elementor-heading-title elementor-size-default\">Preservaci\u00f3n de la fertilidad (Femenina y Masculina):<\/h2>\t\t\t\t<\/div>\n\t\t\t\t<\/div>\n\t\t\t\t<div class=\"elementor-element elementor-element-79e3bfc7 elementor-widget elementor-widget-text-editor\" data-id=\"79e3bfc7\" data-element_type=\"widget\" data-e-type=\"widget\" data-widget_type=\"text-editor.default\">\n\t\t\t\t<div class=\"elementor-widget-container\">\n\t\t\t\t\t\t\t\t\t<p>La preservaci\u00f3n de la fertilidad es una valiosa herramienta que permite tanto a mujeres como a hombres anticipar la guarda de sus \u00f3vulos o espermatozoides para su uso diferido en el futuro. La t\u00e9cnica de elecci\u00f3n para este proceso es la vitrificaci\u00f3n, un m\u00e9todo de congelaci\u00f3n ultrarr\u00e1pida que ofrece excelentes tasas de supervivencia. <br><br>El motivo m\u00e1s frecuente para optar por la preservaci\u00f3n es la decisi\u00f3n personal de postergar la b\u00fasqueda de un embarazo, aunque tambi\u00e9n se indica en menor medida por enfermedades que as\u00ed lo requieran, como por ejemplo, antes de iniciar tratamientos oncol\u00f3gicos.&nbsp;<\/p><p>Es importante destacar que no existe un tiempo l\u00edmite estipulado para mantener el material vitrificado, y su calidad no se ve afectada por la extensi\u00f3n del per\u00edodo de almacenamiento.<br><br><\/p>\t\t\t\t\t\t\t\t<\/div>\n\t\t\t\t<\/div>\n\t\t\t\t\t<\/div>\n\t\t<\/div>\n\t\t\t\t<div class=\"elementor-column elementor-col-50 elementor-top-column elementor-element elementor-element-99c1471\" data-id=\"99c1471\" data-element_type=\"column\" data-e-type=\"column\">\n\t\t\t<div class=\"elementor-widget-wrap elementor-element-populated\">\n\t\t\t\t\t\t<div class=\"elementor-element elementor-element-5141b33e elementor-widget elementor-widget-video\" data-id=\"5141b33e\" data-element_type=\"widget\" data-e-type=\"widget\" data-settings=\"{&quot;video_type&quot;:&quot;hosted&quot;,&quot;controls&quot;:&quot;yes&quot;}\" data-widget_type=\"video.default\">\n\t\t\t\t<div class=\"elementor-widget-container\">\n\t\t\t\t\t\t\t<div class=\"e-hosted-video elementor-wrapper elementor-open-inline\">\n\t\t\t\t\t<video class=\"elementor-video\" src=\"https:\/\/genymed.com\/web\/wp-content\/uploads\/2025\/05\/fertilidad-andreatta.mp4\" controls=\"\" preload=\"metadata\" controlsList=\"nodownload\"><\/video>\n\t\t\t\t<\/div>\n\t\t\t\t\t\t<\/div>\n\t\t\t\t<\/div>\n\t\t\t\t\t<\/div>\n\t\t<\/div>\n\t\t\t\t\t<\/div>\n\t\t<\/section>\n\t\t\t\t<section class=\"elementor-section elementor-top-section elementor-element elementor-element-237657ec elementor-section-boxed elementor-section-height-default elementor-section-height-default\" data-id=\"237657ec\" data-element_type=\"section\" data-e-type=\"section\">\n\t\t\t\t\t\t<div class=\"elementor-container elementor-column-gap-default\">\n\t\t\t\t\t<div class=\"elementor-column elementor-col-100 elementor-top-column elementor-element elementor-element-331b246c\" data-id=\"331b246c\" data-element_type=\"column\" data-e-type=\"column\">\n\t\t\t<div class=\"elementor-widget-wrap\">\n\t\t\t\t\t\t\t<\/div>\n\t\t<\/div>\n\t\t\t\t\t<\/div>\n\t\t<\/section>\n\t\t\t\t<\/div>\n\t\t","protected":false},"excerpt":{"rendered":"<p>Preserva hoyla posibilidad de tu ma\u00f1ana. Fertilidad, futuro, familia. Preservaci\u00f3n de la fertilidad (Femenina y Masculina): La preservaci\u00f3n de la fertilidad es una valiosa herramienta que permite tanto a mujeres como a hombres anticipar la guarda de sus \u00f3vulos o espermatozoides para su uso diferido en el futuro. La t\u00e9cnica de elecci\u00f3n para este proceso &hellip;<\/p>\n<p class=\"read-more\"> <a class=\"\" href=\"https:\/\/genymed.com\/web\/preservacion-fertilidad-femenina-y-masculina\/\"> <span class=\"screen-reader-text\">PRESERVACI\u00d3N FERTILIDAD &#8211; FEMENINA Y MASCULINA<\/span> Leer m\u00e1s &raquo;<\/a><\/p>\n","protected":false},"author":2,"featured_media":0,"parent":0,"menu_order":0,"comment_status":"closed","ping_status":"closed","template":"","meta":{"footnotes":""},"class_list":["post-507","page","type-page","status-publish","hentry"],"_links":{"self":[{"href":"https:\/\/genymed.com\/web\/wp-json\/wp\/v2\/pages\/507","targetHints":{"allow":["GET"]}}],"collection":[{"href":"https:\/\/genymed.com\/web\/wp-json\/wp\/v2\/pages"}],"about":[{"href":"https:\/\/genymed.com\/web\/wp-json\/wp\/v2\/types\/page"}],"author":[{"embeddable":true,"href":"https:\/\/genymed.com\/web\/wp-json\/wp\/v2\/users\/2"}],"replies":[{"embeddable":true,"href":"https:\/\/genymed.com\/web\/wp-json\/wp\/v2\/comments?post=507"}],"version-history":[{"count":43,"href":"https:\/\/genymed.com\/web\/wp-json\/wp\/v2\/pages\/507\/revisions"}],"predecessor-version":[{"id":1493,"href":"https:\/\/genymed.com\/web\/wp-json\/wp\/v2\/pages\/507\/revisions\/1493"}],"wp:attachment":[{"href":"https:\/\/genymed.com\/web\/wp-json\/wp\/v2\/media?parent=507"}],"curies":[{"name":"wp","href":"https:\/\/api.w.org\/{rel}","templated":true}]}}