{"id":513,"date":"2025-05-23T16:39:56","date_gmt":"2025-05-23T16:39:56","guid":{"rendered":"https:\/\/genymed.com\/web\/?page_id=513"},"modified":"2025-06-09T21:35:49","modified_gmt":"2025-06-09T21:35:49","slug":"donacion-ovulos-semen","status":"publish","type":"page","link":"https:\/\/genymed.com\/web\/donacion-ovulos-semen\/","title":{"rendered":"DONACI\u00d3N OVULOS \/ SEMEN"},"content":{"rendered":"\t\t<div data-elementor-type=\"wp-page\" data-elementor-id=\"513\" class=\"elementor elementor-513\">\n\t\t\t\t\t\t<section class=\"elementor-section elementor-top-section elementor-element elementor-element-4a360f14 elementor-section-height-min-height elementor-section-full_width elementor-section-height-default elementor-section-items-middle\" data-id=\"4a360f14\" data-element_type=\"section\" data-e-type=\"section\" data-settings=\"{&quot;background_background&quot;:&quot;slideshow&quot;,&quot;background_slideshow_gallery&quot;:[{&quot;id&quot;:892,&quot;url&quot;:&quot;https:\\\/\\\/genymed.com\\\/web\\\/wp-content\\\/uploads\\\/2025\\\/05\\\/slider_donacion_ovulo.jpg&quot;}],&quot;background_slideshow_loop&quot;:&quot;yes&quot;,&quot;background_slideshow_slide_duration&quot;:5000,&quot;background_slideshow_slide_transition&quot;:&quot;fade&quot;,&quot;background_slideshow_transition_duration&quot;:500}\">\n\t\t\t\t\t\t<div class=\"elementor-container elementor-column-gap-default\">\n\t\t\t\t\t<div class=\"elementor-column elementor-col-100 elementor-top-column elementor-element elementor-element-10c0f003 animated-slow\" data-id=\"10c0f003\" data-element_type=\"column\" data-e-type=\"column\" data-settings=\"{&quot;animation&quot;:&quot;none&quot;,&quot;animation_delay&quot;:200}\">\n\t\t\t<div class=\"elementor-widget-wrap elementor-element-populated\">\n\t\t\t\t\t\t<div class=\"elementor-element elementor-element-69e5cd7b elementor-widget elementor-widget-spacer\" data-id=\"69e5cd7b\" data-element_type=\"widget\" data-e-type=\"widget\" data-widget_type=\"spacer.default\">\n\t\t\t\t<div class=\"elementor-widget-container\">\n\t\t\t\t\t\t\t<div class=\"elementor-spacer\">\n\t\t\t<div class=\"elementor-spacer-inner\"><\/div>\n\t\t<\/div>\n\t\t\t\t\t\t<\/div>\n\t\t\t\t<\/div>\n\t\t\t\t<div class=\"elementor-element elementor-element-4f51d174 animated-slow elementor-widget elementor-widget-text-editor\" data-id=\"4f51d174\" data-element_type=\"widget\" data-e-type=\"widget\" data-settings=\"{&quot;_animation&quot;:&quot;none&quot;,&quot;_animation_delay&quot;:100}\" data-widget_type=\"text-editor.default\">\n\t\t\t\t<div class=\"elementor-widget-container\">\n\t\t\t\t\t\t\t\t\t<p>\u00abDona vida, comparte esperanza\u00bb<\/p>\t\t\t\t\t\t\t\t<\/div>\n\t\t\t\t<\/div>\n\t\t\t\t<div class=\"elementor-element elementor-element-50beb5cf animated-slow elementor-widget elementor-widget-text-editor\" data-id=\"50beb5cf\" data-element_type=\"widget\" data-e-type=\"widget\" data-settings=\"{&quot;_animation&quot;:&quot;none&quot;,&quot;_animation_delay&quot;:100}\" data-widget_type=\"text-editor.default\">\n\t\t\t\t<div class=\"elementor-widget-container\">\n\t\t\t\t\t\t\t\t\t<p>Con tu ayuda, creamos familias.<\/p>\t\t\t\t\t\t\t\t<\/div>\n\t\t\t\t<\/div>\n\t\t\t\t\t<\/div>\n\t\t<\/div>\n\t\t\t\t\t<\/div>\n\t\t<\/section>\n\t\t\t\t<section class=\"elementor-section elementor-top-section elementor-element elementor-element-64b0de6c elementor-section-boxed elementor-section-height-default elementor-section-height-default\" data-id=\"64b0de6c\" data-element_type=\"section\" data-e-type=\"section\">\n\t\t\t\t\t\t<div class=\"elementor-container elementor-column-gap-default\">\n\t\t\t\t\t<div class=\"elementor-column elementor-col-100 elementor-top-column elementor-element elementor-element-39f8104\" data-id=\"39f8104\" data-element_type=\"column\" data-e-type=\"column\">\n\t\t\t<div class=\"elementor-widget-wrap elementor-element-populated\">\n\t\t\t\t\t\t<div class=\"elementor-element elementor-element-2de7bc3e elementor-widget elementor-widget-heading\" data-id=\"2de7bc3e\" data-element_type=\"widget\" data-e-type=\"widget\" data-widget_type=\"heading.default\">\n\t\t\t\t<div class=\"elementor-widget-container\">\n\t\t\t\t\t<h2 class=\"elementor-heading-title elementor-size-default\">Donaci\u00f3n de \u00d3vulos y Semen<\/h2>\t\t\t\t<\/div>\n\t\t\t\t<\/div>\n\t\t\t\t<div class=\"elementor-element elementor-element-58710341 elementor-widget elementor-widget-text-editor\" data-id=\"58710341\" data-element_type=\"widget\" data-e-type=\"widget\" data-widget_type=\"text-editor.default\">\n\t\t\t\t<div class=\"elementor-widget-container\">\n\t\t\t\t\t\t\t\t\t<p><strong>Donaci\u00f3n de \u00d3vulos<\/strong>: Consiste en un acto altruista, an\u00f3nimo y voluntario por parte de mujeres j\u00f3venes y sanas que donan sus \u00f3vulos para ayudar a otras mujeres o parejas a concretar su deseo de ser madres. Los \u00f3vulos se asignan a las receptoras a trav\u00e9s de un riguroso Programa de Ovodonaci\u00f3n y\/o Banco de \u00d3vulos.<\/p><p><strong>Donaci\u00f3n de Semen:<\/strong> De manera similar, la donaci\u00f3n de semen es un proceso an\u00f3nimo y voluntario realizado por hombres j\u00f3venes y sanos, con el fin de ayudar a hombres, mujeres solas o parejas a alcanzar la paternidad\/maternidad. <\/p>\t\t\t\t\t\t\t\t<\/div>\n\t\t\t\t<\/div>\n\t\t\t\t\t<\/div>\n\t\t<\/div>\n\t\t\t\t\t<\/div>\n\t\t<\/section>\n\t\t\t\t<section class=\"elementor-section elementor-top-section elementor-element elementor-element-7872847a elementor-section-boxed elementor-section-height-default elementor-section-height-default\" data-id=\"7872847a\" data-element_type=\"section\" data-e-type=\"section\">\n\t\t\t\t\t\t<div class=\"elementor-container elementor-column-gap-default\">\n\t\t\t\t\t<div class=\"elementor-column elementor-col-100 elementor-top-column elementor-element elementor-element-728bd08a\" data-id=\"728bd08a\" data-element_type=\"column\" data-e-type=\"column\">\n\t\t\t<div class=\"elementor-widget-wrap\">\n\t\t\t\t\t\t\t<\/div>\n\t\t<\/div>\n\t\t\t\t\t<\/div>\n\t\t<\/section>\n\t\t\t\t<\/div>\n\t\t","protected":false},"excerpt":{"rendered":"<p>\u00abDona vida, comparte esperanza\u00bb Con tu ayuda, creamos familias. Donaci\u00f3n de \u00d3vulos y Semen Donaci\u00f3n de \u00d3vulos: Consiste en un acto altruista, an\u00f3nimo y voluntario por parte de mujeres j\u00f3venes y sanas que donan sus \u00f3vulos para ayudar a otras mujeres o parejas a concretar su deseo de ser madres. Los \u00f3vulos se asignan a &hellip;<\/p>\n<p class=\"read-more\"> <a class=\"\" href=\"https:\/\/genymed.com\/web\/donacion-ovulos-semen\/\"> <span class=\"screen-reader-text\">DONACI\u00d3N OVULOS \/ SEMEN<\/span> Leer m\u00e1s &raquo;<\/a><\/p>\n","protected":false},"author":2,"featured_media":0,"parent":0,"menu_order":0,"comment_status":"closed","ping_status":"closed","template":"","meta":{"footnotes":""},"class_list":["post-513","page","type-page","status-publish","hentry"],"_links":{"self":[{"href":"https:\/\/genymed.com\/web\/wp-json\/wp\/v2\/pages\/513","targetHints":{"allow":["GET"]}}],"collection":[{"href":"https:\/\/genymed.com\/web\/wp-json\/wp\/v2\/pages"}],"about":[{"href":"https:\/\/genymed.com\/web\/wp-json\/wp\/v2\/types\/page"}],"author":[{"embeddable":true,"href":"https:\/\/genymed.com\/web\/wp-json\/wp\/v2\/users\/2"}],"replies":[{"embeddable":true,"href":"https:\/\/genymed.com\/web\/wp-json\/wp\/v2\/comments?post=513"}],"version-history":[{"count":34,"href":"https:\/\/genymed.com\/web\/wp-json\/wp\/v2\/pages\/513\/revisions"}],"predecessor-version":[{"id":1499,"href":"https:\/\/genymed.com\/web\/wp-json\/wp\/v2\/pages\/513\/revisions\/1499"}],"wp:attachment":[{"href":"https:\/\/genymed.com\/web\/wp-json\/wp\/v2\/media?parent=513"}],"curies":[{"name":"wp","href":"https:\/\/api.w.org\/{rel}","templated":true}]}}