{"id":531,"date":"2025-05-23T16:42:00","date_gmt":"2025-05-23T16:42:00","guid":{"rendered":"https:\/\/genymed.com\/web\/?page_id=531"},"modified":"2025-06-09T21:38:35","modified_gmt":"2025-06-09T21:38:35","slug":"gestacion-por-sustitucion","status":"publish","type":"page","link":"https:\/\/genymed.com\/web\/gestacion-por-sustitucion\/","title":{"rendered":"GESTACI\u00d3N POR SUSTITUCI\u00d3N"},"content":{"rendered":"\t\t<div data-elementor-type=\"wp-page\" data-elementor-id=\"531\" class=\"elementor elementor-531\">\n\t\t\t\t\t\t<section class=\"elementor-section elementor-top-section elementor-element elementor-element-4cd6cf45 elementor-section-height-min-height elementor-section-full_width elementor-section-height-default elementor-section-items-middle\" data-id=\"4cd6cf45\" data-element_type=\"section\" data-e-type=\"section\" data-settings=\"{&quot;background_background&quot;:&quot;slideshow&quot;,&quot;background_slideshow_gallery&quot;:[{&quot;id&quot;:992,&quot;url&quot;:&quot;https:\\\/\\\/genymed.com\\\/web\\\/wp-content\\\/uploads\\\/2025\\\/05\\\/slider_gestacion_por_sustitucion.jpg&quot;}],&quot;background_slideshow_loop&quot;:&quot;yes&quot;,&quot;background_slideshow_slide_duration&quot;:5000,&quot;background_slideshow_slide_transition&quot;:&quot;fade&quot;,&quot;background_slideshow_transition_duration&quot;:500}\">\n\t\t\t\t\t\t<div class=\"elementor-container elementor-column-gap-default\">\n\t\t\t\t\t<div class=\"elementor-column elementor-col-100 elementor-top-column elementor-element elementor-element-6af4c8c3 animated-slow\" data-id=\"6af4c8c3\" data-element_type=\"column\" data-e-type=\"column\" data-settings=\"{&quot;animation&quot;:&quot;none&quot;,&quot;animation_delay&quot;:200}\">\n\t\t\t<div class=\"elementor-widget-wrap elementor-element-populated\">\n\t\t\t\t\t\t<div class=\"elementor-element elementor-element-1c3e80ba elementor-widget elementor-widget-spacer\" data-id=\"1c3e80ba\" data-element_type=\"widget\" data-e-type=\"widget\" data-widget_type=\"spacer.default\">\n\t\t\t\t<div class=\"elementor-widget-container\">\n\t\t\t\t\t\t\t<div class=\"elementor-spacer\">\n\t\t\t<div class=\"elementor-spacer-inner\"><\/div>\n\t\t<\/div>\n\t\t\t\t\t\t<\/div>\n\t\t\t\t<\/div>\n\t\t\t\t<div class=\"elementor-element elementor-element-2f715f8c animated-slow elementor-widget elementor-widget-text-editor\" data-id=\"2f715f8c\" data-element_type=\"widget\" data-e-type=\"widget\" data-settings=\"{&quot;_animation&quot;:&quot;none&quot;,&quot;_animation_delay&quot;:100}\" data-widget_type=\"text-editor.default\">\n\t\t\t\t<div class=\"elementor-widget-container\">\n\t\t\t\t\t\t\t\t\t<p>Gestaci\u00f3n por sustituci\u00f3n<\/p>\t\t\t\t\t\t\t\t<\/div>\n\t\t\t\t<\/div>\n\t\t\t\t<div class=\"elementor-element elementor-element-349bc5b6 animated-slow elementor-widget elementor-widget-text-editor\" data-id=\"349bc5b6\" data-element_type=\"widget\" data-e-type=\"widget\" data-settings=\"{&quot;_animation&quot;:&quot;none&quot;,&quot;_animation_delay&quot;:100}\" data-widget_type=\"text-editor.default\">\n\t\t\t\t<div class=\"elementor-widget-container\">\n\t\t\t\t\t\t\t\t\t<p>Donde la generosidad y la esperanza se encuentran<\/p>\t\t\t\t\t\t\t\t<\/div>\n\t\t\t\t<\/div>\n\t\t\t\t\t<\/div>\n\t\t<\/div>\n\t\t\t\t\t<\/div>\n\t\t<\/section>\n\t\t\t\t<section class=\"elementor-section elementor-top-section elementor-element elementor-element-cb665cb elementor-section-boxed elementor-section-height-default elementor-section-height-default\" data-id=\"cb665cb\" data-element_type=\"section\" data-e-type=\"section\">\n\t\t\t\t\t\t<div class=\"elementor-container elementor-column-gap-default\">\n\t\t\t\t\t<div class=\"elementor-column elementor-col-100 elementor-top-column elementor-element elementor-element-40155fc\" data-id=\"40155fc\" data-element_type=\"column\" data-e-type=\"column\">\n\t\t\t<div class=\"elementor-widget-wrap elementor-element-populated\">\n\t\t\t\t\t\t<div class=\"elementor-element elementor-element-69e13bba elementor-widget elementor-widget-heading\" data-id=\"69e13bba\" data-element_type=\"widget\" data-e-type=\"widget\" data-widget_type=\"heading.default\">\n\t\t\t\t<div class=\"elementor-widget-container\">\n\t\t\t\t\t<h2 class=\"elementor-heading-title elementor-size-default\">Gestaci\u00f3n por sustituci\u00f3n<\/h2>\t\t\t\t<\/div>\n\t\t\t\t<\/div>\n\t\t\t\t\t<\/div>\n\t\t<\/div>\n\t\t\t\t\t<\/div>\n\t\t<\/section>\n\t\t\t\t<section class=\"elementor-section elementor-top-section elementor-element elementor-element-35aed7f8 elementor-section-boxed elementor-section-height-default elementor-section-height-default\" data-id=\"35aed7f8\" data-element_type=\"section\" data-e-type=\"section\">\n\t\t\t\t\t\t<div class=\"elementor-container elementor-column-gap-default\">\n\t\t\t\t\t<div class=\"elementor-column elementor-col-50 elementor-top-column elementor-element elementor-element-17c109d5\" data-id=\"17c109d5\" data-element_type=\"column\" data-e-type=\"column\">\n\t\t\t<div class=\"elementor-widget-wrap elementor-element-populated\">\n\t\t\t\t\t\t<div class=\"elementor-element elementor-element-3603c6fc elementor-widget elementor-widget-text-editor\" data-id=\"3603c6fc\" data-element_type=\"widget\" data-e-type=\"widget\" data-widget_type=\"text-editor.default\">\n\t\t\t\t<div class=\"elementor-widget-container\">\n\t\t\t\t\t\t\t\t\t<p>Este tratamiento est\u00e1 indicado para resolver situaciones en las que la mujer no tiene \u00fatero, o este presenta alguna patolog\u00eda que lo hace no apto para llevar adelante una gestaci\u00f3n. Requiere la participaci\u00f3n de una persona gestante (receptora de los embriones), quien debe ser ajena a la pareja o persona comitente, joven, sana y con un profundo compromiso con el proyecto familiar.<\/p><p>Es una condici\u00f3n obligatoria que los \u00f3vulos utilizados para la creaci\u00f3n de los embriones no sean de la persona gestante.<\/p>\t\t\t\t\t\t\t\t<\/div>\n\t\t\t\t<\/div>\n\t\t\t\t\t<\/div>\n\t\t<\/div>\n\t\t\t\t<div class=\"elementor-column elementor-col-50 elementor-top-column elementor-element elementor-element-45d3960\" data-id=\"45d3960\" data-element_type=\"column\" data-e-type=\"column\">\n\t\t\t<div class=\"elementor-widget-wrap elementor-element-populated\">\n\t\t\t\t\t\t<div class=\"elementor-element elementor-element-8de17ba elementor-widget elementor-widget-image\" data-id=\"8de17ba\" data-element_type=\"widget\" data-e-type=\"widget\" data-widget_type=\"image.default\">\n\t\t\t\t<div class=\"elementor-widget-container\">\n\t\t\t\t\t\t\t\t\t\t\t\t\t\t\t<img fetchpriority=\"high\" decoding=\"async\" width=\"800\" height=\"522\" src=\"https:\/\/genymed.com\/web\/wp-content\/uploads\/2025\/05\/embarazo-por-sutitucion-1.png\" class=\"attachment-large size-large wp-image-1004\" alt=\"\" srcset=\"https:\/\/genymed.com\/web\/wp-content\/uploads\/2025\/05\/embarazo-por-sutitucion-1.png 800w, https:\/\/genymed.com\/web\/wp-content\/uploads\/2025\/05\/embarazo-por-sutitucion-1-300x196.png 300w, https:\/\/genymed.com\/web\/wp-content\/uploads\/2025\/05\/embarazo-por-sutitucion-1-768x501.png 768w\" sizes=\"(max-width: 800px) 100vw, 800px\" \/>\t\t\t\t\t\t\t\t\t\t\t\t\t\t\t<\/div>\n\t\t\t\t<\/div>\n\t\t\t\t\t<\/div>\n\t\t<\/div>\n\t\t\t\t\t<\/div>\n\t\t<\/section>\n\t\t\t\t<section class=\"elementor-section elementor-top-section elementor-element elementor-element-3ad2c37b elementor-section-boxed elementor-section-height-default elementor-section-height-default\" data-id=\"3ad2c37b\" data-element_type=\"section\" data-e-type=\"section\">\n\t\t\t\t\t\t<div class=\"elementor-container elementor-column-gap-default\">\n\t\t\t\t\t<div class=\"elementor-column elementor-col-100 elementor-top-column elementor-element elementor-element-54d19f23\" data-id=\"54d19f23\" data-element_type=\"column\" data-e-type=\"column\">\n\t\t\t<div class=\"elementor-widget-wrap\">\n\t\t\t\t\t\t\t<\/div>\n\t\t<\/div>\n\t\t\t\t\t<\/div>\n\t\t<\/section>\n\t\t\t\t<\/div>\n\t\t","protected":false},"excerpt":{"rendered":"<p>Gestaci\u00f3n por sustituci\u00f3n Donde la generosidad y la esperanza se encuentran Gestaci\u00f3n por sustituci\u00f3n Este tratamiento est\u00e1 indicado para resolver situaciones en las que la mujer no tiene \u00fatero, o este presenta alguna patolog\u00eda que lo hace no apto para llevar adelante una gestaci\u00f3n. Requiere la participaci\u00f3n de una persona gestante (receptora de los embriones), &hellip;<\/p>\n<p class=\"read-more\"> <a class=\"\" href=\"https:\/\/genymed.com\/web\/gestacion-por-sustitucion\/\"> <span class=\"screen-reader-text\">GESTACI\u00d3N POR SUSTITUCI\u00d3N<\/span> Leer m\u00e1s &raquo;<\/a><\/p>\n","protected":false},"author":2,"featured_media":0,"parent":0,"menu_order":0,"comment_status":"closed","ping_status":"closed","template":"","meta":{"footnotes":""},"class_list":["post-531","page","type-page","status-publish","hentry"],"_links":{"self":[{"href":"https:\/\/genymed.com\/web\/wp-json\/wp\/v2\/pages\/531","targetHints":{"allow":["GET"]}}],"collection":[{"href":"https:\/\/genymed.com\/web\/wp-json\/wp\/v2\/pages"}],"about":[{"href":"https:\/\/genymed.com\/web\/wp-json\/wp\/v2\/types\/page"}],"author":[{"embeddable":true,"href":"https:\/\/genymed.com\/web\/wp-json\/wp\/v2\/users\/2"}],"replies":[{"embeddable":true,"href":"https:\/\/genymed.com\/web\/wp-json\/wp\/v2\/comments?post=531"}],"version-history":[{"count":25,"href":"https:\/\/genymed.com\/web\/wp-json\/wp\/v2\/pages\/531\/revisions"}],"predecessor-version":[{"id":1508,"href":"https:\/\/genymed.com\/web\/wp-json\/wp\/v2\/pages\/531\/revisions\/1508"}],"wp:attachment":[{"href":"https:\/\/genymed.com\/web\/wp-json\/wp\/v2\/media?parent=531"}],"curies":[{"name":"wp","href":"https:\/\/api.w.org\/{rel}","templated":true}]}}