{"id":543,"date":"2025-05-23T16:43:29","date_gmt":"2025-05-23T16:43:29","guid":{"rendered":"https:\/\/genymed.com\/web\/?page_id=543"},"modified":"2025-06-09T21:41:58","modified_gmt":"2025-06-09T21:41:58","slug":"parejas-serodiscordantes","status":"publish","type":"page","link":"https:\/\/genymed.com\/web\/parejas-serodiscordantes\/","title":{"rendered":"PAREJAS SERODISCORDANTES"},"content":{"rendered":"\t\t<div data-elementor-type=\"wp-page\" data-elementor-id=\"543\" class=\"elementor elementor-543\">\n\t\t\t\t\t\t<section class=\"elementor-section elementor-top-section elementor-element elementor-element-ae5b33a elementor-section-height-min-height elementor-section-full_width elementor-section-height-default elementor-section-items-middle\" data-id=\"ae5b33a\" data-element_type=\"section\" data-e-type=\"section\" data-settings=\"{&quot;background_background&quot;:&quot;slideshow&quot;,&quot;background_slideshow_gallery&quot;:[{&quot;id&quot;:1022,&quot;url&quot;:&quot;https:\\\/\\\/genymed.com\\\/web\\\/wp-content\\\/uploads\\\/2025\\\/05\\\/slider_Parejas_Serodiscordantes.jpg&quot;}],&quot;background_slideshow_loop&quot;:&quot;yes&quot;,&quot;background_slideshow_slide_duration&quot;:5000,&quot;background_slideshow_slide_transition&quot;:&quot;fade&quot;,&quot;background_slideshow_transition_duration&quot;:500}\">\n\t\t\t\t\t\t<div class=\"elementor-container elementor-column-gap-default\">\n\t\t\t\t\t<div class=\"elementor-column elementor-col-100 elementor-top-column elementor-element elementor-element-5051594a animated-slow\" data-id=\"5051594a\" data-element_type=\"column\" data-e-type=\"column\" data-settings=\"{&quot;animation&quot;:&quot;none&quot;,&quot;animation_delay&quot;:200}\">\n\t\t\t<div class=\"elementor-widget-wrap elementor-element-populated\">\n\t\t\t\t\t\t<div class=\"elementor-element elementor-element-e55b990 elementor-widget elementor-widget-spacer\" data-id=\"e55b990\" data-element_type=\"widget\" data-e-type=\"widget\" data-widget_type=\"spacer.default\">\n\t\t\t\t<div class=\"elementor-widget-container\">\n\t\t\t\t\t\t\t<div class=\"elementor-spacer\">\n\t\t\t<div class=\"elementor-spacer-inner\"><\/div>\n\t\t<\/div>\n\t\t\t\t\t\t<\/div>\n\t\t\t\t<\/div>\n\t\t\t\t<div class=\"elementor-element elementor-element-596a4b86 animated-slow elementor-widget elementor-widget-text-editor\" data-id=\"596a4b86\" data-element_type=\"widget\" data-e-type=\"widget\" data-settings=\"{&quot;_animation&quot;:&quot;none&quot;,&quot;_animation_delay&quot;:100}\" data-widget_type=\"text-editor.default\">\n\t\t\t\t<div class=\"elementor-widget-container\">\n\t\t\t\t\t\t\t\t\t<p>Parejas serodiscordantes:\u00a0<\/p>\t\t\t\t\t\t\t\t<\/div>\n\t\t\t\t<\/div>\n\t\t\t\t<div class=\"elementor-element elementor-element-1ace0286 animated-slow elementor-widget elementor-widget-text-editor\" data-id=\"1ace0286\" data-element_type=\"widget\" data-e-type=\"widget\" data-settings=\"{&quot;_animation&quot;:&quot;none&quot;}\" data-widget_type=\"text-editor.default\">\n\t\t\t\t<div class=\"elementor-widget-container\">\n\t\t\t\t\t\t\t\t\t<p>Haciendo posible su sue\u00f1o de una familia saludable, <br \/>con seguridad y ciencia.<\/p>\t\t\t\t\t\t\t\t<\/div>\n\t\t\t\t<\/div>\n\t\t\t\t\t<\/div>\n\t\t<\/div>\n\t\t\t\t\t<\/div>\n\t\t<\/section>\n\t\t\t\t<section class=\"elementor-section elementor-top-section elementor-element elementor-element-9e67574 elementor-section-boxed elementor-section-height-default elementor-section-height-default\" data-id=\"9e67574\" data-element_type=\"section\" data-e-type=\"section\">\n\t\t\t\t\t\t<div class=\"elementor-container elementor-column-gap-default\">\n\t\t\t\t\t<div class=\"elementor-column elementor-col-100 elementor-top-column elementor-element elementor-element-493f89b0\" data-id=\"493f89b0\" data-element_type=\"column\" data-e-type=\"column\">\n\t\t\t<div class=\"elementor-widget-wrap elementor-element-populated\">\n\t\t\t\t\t\t<div class=\"elementor-element elementor-element-528c6596 elementor-widget elementor-widget-heading\" data-id=\"528c6596\" data-element_type=\"widget\" data-e-type=\"widget\" data-widget_type=\"heading.default\">\n\t\t\t\t<div class=\"elementor-widget-container\">\n\t\t\t\t\t<h2 class=\"elementor-heading-title elementor-size-default\">Parejas serodiscordantes:<\/h2>\t\t\t\t<\/div>\n\t\t\t\t<\/div>\n\t\t\t\t<div class=\"elementor-element elementor-element-2ada0b3 elementor-widget elementor-widget-text-editor\" data-id=\"2ada0b3\" data-element_type=\"widget\" data-e-type=\"widget\" data-widget_type=\"text-editor.default\">\n\t\t\t\t<div class=\"elementor-widget-container\">\n\t\t\t\t\t\t\t\t\t<p>Atendemos a parejas donde uno o ambos miembros son portadores de VIH o Hepatitis. Es fundamental que presenten t\u00edtulos virales en sangre negativos (carga viral indetectable) para minimizar al m\u00e1ximo el riesgo de transmisi\u00f3n a la descendencia, aplicando protocolos espec\u00edficos para el lavado de semen si fuese necesario.<\/p>\t\t\t\t\t\t\t\t<\/div>\n\t\t\t\t<\/div>\n\t\t\t\t\t<\/div>\n\t\t<\/div>\n\t\t\t\t\t<\/div>\n\t\t<\/section>\n\t\t\t\t<section class=\"elementor-section elementor-top-section elementor-element elementor-element-20f9c9e5 elementor-section-boxed elementor-section-height-default elementor-section-height-default\" data-id=\"20f9c9e5\" data-element_type=\"section\" data-e-type=\"section\">\n\t\t\t\t\t\t<div class=\"elementor-container elementor-column-gap-default\">\n\t\t\t\t\t<div class=\"elementor-column elementor-col-100 elementor-top-column elementor-element elementor-element-14e1eb0c\" data-id=\"14e1eb0c\" data-element_type=\"column\" data-e-type=\"column\">\n\t\t\t<div class=\"elementor-widget-wrap\">\n\t\t\t\t\t\t\t<\/div>\n\t\t<\/div>\n\t\t\t\t\t<\/div>\n\t\t<\/section>\n\t\t\t\t<\/div>\n\t\t","protected":false},"excerpt":{"rendered":"<p>Parejas serodiscordantes:\u00a0 Haciendo posible su sue\u00f1o de una familia saludable, con seguridad y ciencia. Parejas serodiscordantes: Atendemos a parejas donde uno o ambos miembros son portadores de VIH o Hepatitis. Es fundamental que presenten t\u00edtulos virales en sangre negativos (carga viral indetectable) para minimizar al m\u00e1ximo el riesgo de transmisi\u00f3n a la descendencia, aplicando protocolos &hellip;<\/p>\n<p class=\"read-more\"> <a class=\"\" href=\"https:\/\/genymed.com\/web\/parejas-serodiscordantes\/\"> <span class=\"screen-reader-text\">PAREJAS SERODISCORDANTES<\/span> Leer m\u00e1s &raquo;<\/a><\/p>\n","protected":false},"author":2,"featured_media":0,"parent":0,"menu_order":0,"comment_status":"closed","ping_status":"closed","template":"","meta":{"footnotes":""},"class_list":["post-543","page","type-page","status-publish","hentry"],"_links":{"self":[{"href":"https:\/\/genymed.com\/web\/wp-json\/wp\/v2\/pages\/543","targetHints":{"allow":["GET"]}}],"collection":[{"href":"https:\/\/genymed.com\/web\/wp-json\/wp\/v2\/pages"}],"about":[{"href":"https:\/\/genymed.com\/web\/wp-json\/wp\/v2\/types\/page"}],"author":[{"embeddable":true,"href":"https:\/\/genymed.com\/web\/wp-json\/wp\/v2\/users\/2"}],"replies":[{"embeddable":true,"href":"https:\/\/genymed.com\/web\/wp-json\/wp\/v2\/comments?post=543"}],"version-history":[{"count":13,"href":"https:\/\/genymed.com\/web\/wp-json\/wp\/v2\/pages\/543\/revisions"}],"predecessor-version":[{"id":1517,"href":"https:\/\/genymed.com\/web\/wp-json\/wp\/v2\/pages\/543\/revisions\/1517"}],"wp:attachment":[{"href":"https:\/\/genymed.com\/web\/wp-json\/wp\/v2\/media?parent=543"}],"curies":[{"name":"wp","href":"https:\/\/api.w.org\/{rel}","templated":true}]}}